{"id":2024,"date":"2024-07-05T07:12:09","date_gmt":"2024-07-05T07:12:09","guid":{"rendered":"https:\/\/olybetsportsbar.com\/ee\/?page_id=2024"},"modified":"2024-07-05T10:50:40","modified_gmt":"2024-07-05T10:50:40","slug":"penkick-privacy","status":"publish","type":"page","link":"https:\/\/olybetsportsbar.com\/ee\/penkick-privacy\/","title":{"rendered":"Penkick Privacy"},"content":{"rendered":"\t\t<div data-elementor-type=\"wp-page\" data-elementor-id=\"2024\" class=\"elementor elementor-2024\" data-elementor-post-type=\"page\">\n\t\t\t\t<div data-particle_enable=\"false\" data-particle-mobile-disabled=\"false\" class=\"elementor-element elementor-element-6dd67c7 e-flex e-con-boxed e-con e-parent\" data-id=\"6dd67c7\" data-element_type=\"container\" data-e-type=\"container\" data-settings=\"{&quot;background_background&quot;:&quot;classic&quot;}\">\n\t\t\t\t\t<div class=\"e-con-inner\">\n\t\t<div data-particle_enable=\"false\" data-particle-mobile-disabled=\"false\" class=\"elementor-element elementor-element-b1acde9 e-con-full e-flex e-con e-child\" data-id=\"b1acde9\" data-element_type=\"container\" data-e-type=\"container\">\n\t\t\t\t<div class=\"elementor-element elementor-element-822c8eb elementor-widget elementor-widget-heading\" data-id=\"822c8eb\" data-element_type=\"widget\" data-e-type=\"widget\" data-widget_type=\"heading.default\">\n\t\t\t\t<div class=\"elementor-widget-container\">\n\t\t\t\t\t<h2 class=\"elementor-heading-title elementor-size-default\">Penalty Kick privaatsusteavitus<\/h2>\t\t\t\t<\/div>\n\t\t\t\t<\/div>\n\t\t\t\t<div class=\"elementor-element elementor-element-72e5308 elementor-widget elementor-widget-text-editor\" data-id=\"72e5308\" data-element_type=\"widget\" data-e-type=\"widget\" data-widget_type=\"text-editor.default\">\n\t\t\t\t<div class=\"elementor-widget-container\">\n\t\t\t\t\t\t\t\t\t<p><strong>Penalty Kick privaatsusteavitus<\/strong><br \/>Kehtiv alates: 05.07.2024<\/p><p><strong>1. \u00dclds\u00e4tted<\/strong><\/p><p>1.1. K\u00e4esolev teavitus selgitab m\u00e4ngijate isikuandmete t\u00f6\u00f6tlemist Penalty Kick m\u00e4ngus (edaspidi &#8220;M\u00e4ng&#8221;) ja \u00f5igusi seoses isikuandmete t\u00f6\u00f6tlemisega.<\/p><p>1.2. Andmete vastutav t\u00f6\u00f6tleja on OB Holding 1 O\u00dc (edaspidi OlyBet) registrikood 14975047, aadress Pronksi 19, Tallinn 10124, Eesti, +3726671250, estonia@oc.eu.<\/p><p>1.3. Andmekaitsespetsialisti kontaktandmed on: olybetestoniaDPO@olybet.com, Pronksi 19, Tallinn 10124.<\/p><p>1.4. OlyBet rakendab asjakohaseid tehnilisi ja korralduslikke meetmeid, et kaitsta isikuandmeid volitamata juurdep\u00e4\u00e4su, ebaseadusliku avalikustamise, juhusliku kaotsimineku, muutmise, h\u00e4vitamise v\u00f5i muu ebaseadusliku t\u00f6\u00f6tlemise eest. Samuti n\u00f5uame oma koost\u00f6\u00f6partneritelt, kellele me edastame isikuandmeid vastavalt k\u00e4esolevale privaatsusteavitusele, vajalike organisatsiooniliste, f\u00fc\u00fcsiliste ja infotehnoloogiliste turvameetmete rakendamist. Pange t\u00e4hele, et isegi kui kasutate isikuandmete kaitsmiseks k\u00f5iki tehnilisi ja korralduslikke meetmeid, j\u00e4\u00e4vad m\u00f5ned riskid, nagu k\u00fcberr\u00fcnnak, elektrikadu, tarkvaraviga v\u00f5i \u00fcksikisiku pahatahtlik tegevus, siiski alles. Sellise rikkumise avastamisel v\u00f5tame k\u00f5ik m\u00f5istlikud meetmed, et maandada ja minimeerida riske meie m\u00e4ngijatele.<\/p><p>1.5. Isikuandmete t\u00f6\u00f6tlemist reguleerivad s\u00e4tted v\u00f5ivad sisalduda ka m\u00e4ngija ja OlyBeti vahelistes lepingutes. Sellisel juhul kohaldatakse s\u00e4tete vastuolu korral tingimustes kokkulepitud s\u00e4tteid.<\/p><p><strong>2. M\u00e4ngijate \u00f5igused seoses nende isikuandmete t\u00f6\u00f6tlemisega<\/strong><\/p><p>2.1. M\u00e4ngijal on \u00f5igus saada teavet selle kohta, kas OlyBet t\u00f6\u00f6tleb tema isikuandmeid ning kui t\u00f6\u00f6tleb, siis saada koopia eelnimetatud andmetest.<\/p><p>2.2. M\u00e4ngijal on \u00f5igus n\u00f5uda teda puudutavate ebat\u00e4psete isikuandmete parandamist.<\/p><p>2.3. M\u00e4ngijal on \u00f5igus oma n\u00f5usolek isikuandmete t\u00f6\u00f6tlemiseks igal ajal tagasi v\u00f5tta (nt otseturunduse n\u00f5usolek), kui t\u00f6\u00f6tlemine p\u00f5hineb n\u00f5usolekul. N\u00f5usoleku tagasiv\u00f5tmine ei m\u00f5juta enne tagasiv\u00f5tmist toimunud t\u00f6\u00f6tlemise seaduslikkust.<\/p><p>2.4. M\u00e4ngijal on \u00f5igus n\u00f5uda oma isikuandmete kustutamist. OlyBet v\u00f5ib n\u00f5usoleku v\u00f5i \u00f5igustatud huvi alusel t\u00f6\u00f6deldud andmed kustutada, kui OlyBeti huvid ei kaalu \u00fcles m\u00e4ngija huvid. \u00d5igust andmete kustutamisele ei kohaldata andmetele, mida t\u00f6\u00f6deldakse juriidiliste v\u00f5i lepinguliste kohustuste t\u00e4itmiseks, kui seadusest v\u00f5i lepingust tulenev kohustus on kehtiv.<\/p><p>2.5. M\u00e4ngijal on \u00f5igus esitada vastuv\u00e4iteid oma isikuandmete t\u00f6\u00f6tlemisele (eriti \u00f5igustatud huvi alusel) ja piirata oma isikuandmete t\u00f6\u00f6tlemist, kui see on p\u00f5hjendatud.<\/p><p>2.6. M\u00e4ngijal on \u00f5igus saada oma isikuandmed, mille ta on esitanud n\u00f5usoleku alusel v\u00f5i lepingu t\u00e4itmiseks, struktureeritud ja masinloetavas vormingus (kui see on tehniliselt teostatav) edastamiseks teistele ettev\u00f5tetele.<\/p><p>2.7. M\u00e4ngijal on \u00f5igus esitada kaebus isikuandmete t\u00f6\u00f6tlemise kohta Eesti Andmekaitse Inspektsioonile e-posti teel aadressil info@aki.ee v\u00f5i isiklikult aadressil Tatari 39, Tallinn.<\/p><p><strong>3. T\u00f6\u00f6deldavad isikuandmed ja nende allikad<br \/><\/strong><br \/>3.1. OlyBet t\u00f6\u00f6tleb j\u00e4rgmisi m\u00e4ngija isikuandmeid.<\/p><ul><li>3.1.1. Turundusandmed: e-posti ja\/v\u00f5i mobiiltelefoni number, suhtluskeel, toote\/teenuse eelistus, n\u00f5usolek otseturunduseks, s\u00f5numi sisu, s\u00f5numi kuup\u00e4ev ja kellaaeg.<p>3.1.2. Veebilehe k\u00fclastuse andmed: IP-aadress (sh asukoht IP-aadressi alusel), Interneti-teenuse pakkuja, viitaja URL, kuup\u00e4ev, kellaaeg, juurdep\u00e4\u00e4suluba, seansi v\u00f5ti, veebibrauseri t\u00fc\u00fcp ja versioon, operatsioonis\u00fcsteem, edastatud andmete hulk ja olek, MAC-aadress;<\/p><p>3.1.3. K\u00fcpsiste andmed: OlyBet kasutab k\u00fcpsiseid oma veebisaitidel ja M\u00e4ngus, et optimeerida veebilehte, M\u00e4ngu ja nende funktsioone. K\u00fcpsised v\u00f5ivad koguda isikuandmeid.<\/p><\/li><\/ul><p>3.2. OlyBet ei t\u00f6\u00f6tle eriliiki isikuandmeid M\u00e4ngus ega turunduslikel eesm\u00e4rkidel.<\/p><p>3.3. S\u00f5ltuvalt t\u00f6\u00f6tlemise eesm\u00e4rgist ja iseloomust kogub OlyBet m\u00e4ngijaga seotud isikuandmeid m\u00e4ngijalt endalt, m\u00e4ngija brauserist k\u00fcpsiste abil, m\u00e4ngija internetiteenuse pakkujalt.<\/p><p><strong>4. Isikuandmete t\u00f6\u00f6tlemise \u00f5iguslik alus ja eesm\u00e4rgid<\/strong><\/p><p>4.1. M\u00e4ngija isikuandmete t\u00f6\u00f6tlemise \u00f5iguslikeks alusteks on: lepinguliste kohustuste t\u00e4itmine, andmesubjekti n\u00f5usolek ja OlyBeti \u00f5igustatud huvi. J\u00e4rgnevalt on loetletud t\u00f6\u00f6tlemistoimingud ja nende \u00f5iguslik alus:<\/p><ul><li>4.1.1. Lepingu t\u00e4itmiseks t\u00f6\u00f6tleme: veebilehe k\u00fclastuse andmeid, k\u00fcpsiste andmeid, turundusandmeid, visuaalseid andmeid;<\/li><li>4.1.2. N\u00f5usoleku alusel t\u00f6\u00f6tleme turundusandmeid, k\u00fcpsiste andmeid;<\/li><li>4.1.3. \u00d5igustatud huvide alusel t\u00f6\u00f6tleme: veebisaidi k\u00fclastusandmeid, k\u00fcpsiste andmeid.<\/li><\/ul><p>4.2. M\u00e4ngija isikuandmete t\u00f6\u00f6tlemise eesm\u00e4rgid on: M\u00e4ngu korraldamine, m\u00e4ngijatele uudiskirjade saatmine, m\u00e4ngijatele info saatmine, OlyBeti teenuste\/toodete turundamine, m\u00e4ngijate tagasiside k\u00e4sitlemine, m\u00e4ngijabaasi laiendamine, m\u00e4ngijate lojaalsuse kasvatamine ja lisav\u00e4\u00e4rtuse pakkumine, OlyBeti ressursside haldamine, veebilehe ja M\u00e4ngu t\u00e4iustamine.<\/p><p>4.3. Kui andmeid t\u00f6\u00f6deldakse juriidiliste v\u00f5i lepinguliste kohustuste t\u00e4itmiseks, on m\u00e4ngija kohustatud selliseid isikuandmeid esitama. Selliste andmete esitamata j\u00e4tmine takistab OlyBetil t\u00e4ita oma lepingulisi v\u00f5i juriidilisi kohustusi ning piirab m\u00e4ngija v\u00f5imalust kasutada pakutavaid teenuseid.<\/p><p>4.4. Kui OlyBet t\u00f6\u00f6tleb isikuandmeid \u00f5igustatud huvi alusel, on OlyBet hinnanud, et tema \u00f5igustatud huvi t\u00f6\u00f6delda isikuandmeid teatud eesm\u00e4rkidel kaalub \u00fcles m\u00e4ngija huvid ja \u00f5igused.<\/p><p>4.5. Kui isikuandmeid t\u00f6\u00f6deldakse m\u00e4ngija n\u00f5usoleku alusel, siis saab selle n\u00f5usoleku tagasi v\u00f5tta, p\u00f6\u00f6rdudes andmekaitseametniku poole, kelle kontaktandmed on toodud punktis 1.3, v\u00f5i kl\u00f5psates iga turunduss\u00f5numi l\u00f5pus oleval tellimusest loobumise lingil.<\/p><p><strong>5. Profiilianal\u00fc\u00fcs ja automatiseeritud otsuste tegemine<\/strong><\/p><p>5.1. Profiilianal\u00fc\u00fcsi kasutatakse j\u00e4rgmistes protsessides ja see p\u00f5hineb j\u00e4rgmisel loogikal.<\/p><ul><li>5.1.1. OlyBeti poolt pakutavate teenuste\/toodete turundamine veebilehe liikluse anal\u00fc\u00fcsi ja veebilehe kasutuse m\u00e4\u00e4ramise p\u00f5hjal.<\/li><\/ul><p>5.2. M\u00e4ngus ei kasutata automatiseeritud otsuste tegemist.<\/p><p><strong>6. Isikuandmete edastamine<\/strong><\/p><p>6.1. OlyBet kasutab teenuste osutamiseks ja\/v\u00f5i oma seadusest tulenevate kohustuste t\u00e4itmiseks volitatud t\u00f6\u00f6tlejatena partnereid, kes t\u00f6\u00f6tlevad andmeid OlyBeti antud juhiste alusel ja ulatuses.<\/p><p>6.2. Isikuandmete t\u00f6\u00f6tlemisel edastab OlyBet sinu isikuandmed j\u00e4rgmistele vastuv\u00f5tjatele, kelleks v\u00f5ivad olla kas vastutavad t\u00f6\u00f6tlejad v\u00f5i volitatud t\u00f6\u00f6tlejad: oma kontserni ettev\u00f5tted (tingimustes viidatud OlyBeti \u00fcksused), riigiasutused, kohtud, pangad, audiitorid ja \u00f5igusn\u00f5ustajad, kindlustusseltsid, anal\u00fc\u00fcsiteenuse pakkujad, pettuste tuvastamise ja ennetamise teenuse pakkujad, m\u00e4ngijate autentimise teenuse pakkujad, k\u00fcsitlusteenuse osutajad, arhiveerimisteenuse osutajad, teabe edastamise ja edastamise teenuse osutajad, voogedastusteenuse vahendajad, rikkumisest teatamise platvormi operaatorid.<\/p><p>6.3. Kui andmeid t\u00f6\u00f6tlev OlyBeti partner asub v\u00e4ljaspool Euroopa Liitu, siis isikuandmete edastamisel kasutatavad kaitsemeetmed on: <a href=\"https:\/\/commission.europa.eu\/law\/law-topic\/data-protection\/international-dimension-data-protection\/adequacy-decisions_en\">piisav andmekaitse tase<\/a> vastuv\u00f5tjariigis vastavalt Euroopa Komisjoni otsusele v\u00f5i Euroopa Komisjoni poolt koost\u00f6\u00f6lepingus v\u00e4lja t\u00f6\u00f6tatud <a href=\"https:\/\/commission.europa.eu\/law\/law-topic\/data-protection\/international-dimension-data-protection\/standard-contractual-clauses-scc_en\">andmekaitse t\u00fc\u00fcptingimuste<\/a> kasutamine (lisateabe saamiseks kl\u00f5psake vastaval lingil).<\/p><p>6.4. Isikuandmete kaasvastutavad t\u00f6\u00f6tlejad on OlyBeti kontserniga samasse gruppi kuuluvad OlyBeti \u00fcksused, kellega koos t\u00f6\u00f6tleb OlyBet isikuandmeid turundusteenuste\/toodete, veebilehe anal\u00fc\u00fcsi ja OlyBeti ressursside haldamise eesm\u00e4rgil. Pooled on s\u00f5lminud sellekohase lepingu, mis v\u00f5imaldab pooltel jagada isikuandmeid k\u00e4esolevas privaatsusteavituses s\u00e4testatud eesm\u00e4rkide saavutamiseks.<\/p><p>6.5. Volitatud t\u00f6\u00f6tleja on Piing LTD, registreeritud Inglismaal ja Walesis, ettev\u00f5tte number: 08155213, k\u00e4ibemaksukohustuslasena registreerimise number: 138980376, registrij\u00e4rgne asukoht: 7 St. Petersgate, Stockport, Inglismaa, SK1 1EB, kes on m\u00e4ngu platvormi pakkuja, kelle privaatsusteate leiate <a href=\"https:\/\/www.piing.events\/pen-kick-terms-and-conditions\">siit<\/a>.<\/p><p><strong>7. Isikuandmete s\u00e4ilitamise t\u00e4htajad<\/strong><\/p><p>7.1. M\u00e4ngija isikuandmeid s\u00e4ilitatakse seni, kuni t\u00f6\u00f6tlemise eesm\u00e4rgid on t\u00e4idetud v\u00f5i kuni \u00f5igusaktidest tulenevad kohustused on t\u00e4idetud.<\/p><p>7.2. M\u00e4ngija n\u00f5usoleku alusel kogutud isikuandmeid, n\u00e4iteks turundusandmeid, s\u00e4ilitatakse seni, kuni m\u00e4ngija antud n\u00f5usoleku tagasi v\u00f5tab.<\/p><p>7.3. \u00d5igustatud huvide alusel kogutud isikuandmeid s\u00e4ilitatakse nii kaua, kui see on vajalik nende eesm\u00e4rkide saavutamiseks, milleks neid koguti.<\/p>\t\t\t\t\t\t\t\t<\/div>\n\t\t\t\t<\/div>\n\t\t\t\t<\/div>\n\t\t\t\t\t<\/div>\n\t\t\t\t<\/div>\n\t\t\t\t<\/div>\n\t\t","protected":false},"excerpt":{"rendered":"<p>Penalty Kick privaatsusteavitus Penalty Kick privaatsusteavitusKehtiv alates: 05.07.2024 1. \u00dclds\u00e4tted 1.1. K\u00e4esolev teavitus selgitab m\u00e4ngijate isikuandmete t\u00f6\u00f6tlemist Penalty Kick m\u00e4ngus (edaspidi &#8220;M\u00e4ng&#8221;) ja \u00f5igusi seoses isikuandmete t\u00f6\u00f6tlemisega. 1.2. Andmete vastutav t\u00f6\u00f6tleja on OB Holding 1 O\u00dc (edaspidi OlyBet) registrikood 14975047, aadress Pronksi 19, Tallinn 10124, Eesti, +3726671250, estonia@oc.eu. 1.3. Andmekaitsespetsialisti kontaktandmed on: olybetestoniaDPO@olybet.com, Pronksi 19, [&hellip;]<\/p>\n","protected":false},"author":2,"featured_media":0,"parent":0,"menu_order":0,"comment_status":"closed","ping_status":"closed","template":"","meta":{"_acf_changed":false,"footnotes":""},"class_list":["post-2024","page","type-page","status-publish","hentry"],"yoast_head":"<!-- This site is optimized with the Yoast SEO plugin v27.3 - https:\/\/yoast.com\/product\/yoast-seo-wordpress\/ -->\n<title>Penkick Privacy - OlyBet Sportsbar Eesti<\/title>\n<meta name=\"robots\" content=\"index, follow, max-snippet:-1, max-image-preview:large, max-video-preview:-1\" \/>\n<link rel=\"canonical\" href=\"https:\/\/olybetsportsbar.com\/ee\/penkick-privacy\/\" \/>\n<meta property=\"og:locale\" content=\"et_EE\" \/>\n<meta property=\"og:type\" content=\"article\" \/>\n<meta property=\"og:title\" content=\"Penkick Privacy - OlyBet Sportsbar Eesti\" \/>\n<meta property=\"og:description\" content=\"Penalty Kick privaatsusteavitus Penalty Kick privaatsusteavitusKehtiv alates: 05.07.2024 1. \u00dclds\u00e4tted 1.1. K\u00e4esolev teavitus selgitab m\u00e4ngijate isikuandmete t\u00f6\u00f6tlemist Penalty Kick m\u00e4ngus (edaspidi &#8220;M\u00e4ng&#8221;) ja \u00f5igusi seoses isikuandmete t\u00f6\u00f6tlemisega. 1.2. Andmete vastutav t\u00f6\u00f6tleja on OB Holding 1 O\u00dc (edaspidi OlyBet) registrikood 14975047, aadress Pronksi 19, Tallinn 10124, Eesti, +3726671250, estonia@oc.eu. 1.3. Andmekaitsespetsialisti kontaktandmed on: olybetestoniaDPO@olybet.com, Pronksi 19, [&hellip;]\" \/>\n<meta property=\"og:url\" content=\"https:\/\/olybetsportsbar.com\/ee\/penkick-privacy\/\" \/>\n<meta property=\"og:site_name\" content=\"OlyBet Sportsbar Eesti\" \/>\n<meta property=\"article:modified_time\" content=\"2024-07-05T10:50:40+00:00\" \/>\n<meta name=\"twitter:card\" content=\"summary_large_image\" \/>\n<meta name=\"twitter:label1\" content=\"Est. reading time\" \/>\n\t<meta name=\"twitter:data1\" content=\"6 minutit\" \/>\n<script type=\"application\/ld+json\" class=\"yoast-schema-graph\">{\"@context\":\"https:\\\/\\\/schema.org\",\"@graph\":[{\"@type\":\"WebPage\",\"@id\":\"https:\\\/\\\/olybetsportsbar.com\\\/ee\\\/penkick-privacy\\\/\",\"url\":\"https:\\\/\\\/olybetsportsbar.com\\\/ee\\\/penkick-privacy\\\/\",\"name\":\"Penkick Privacy - OlyBet Sportsbar Eesti\",\"isPartOf\":{\"@id\":\"https:\\\/\\\/olybetsportsbar.com\\\/ee\\\/#website\"},\"datePublished\":\"2024-07-05T07:12:09+00:00\",\"dateModified\":\"2024-07-05T10:50:40+00:00\",\"breadcrumb\":{\"@id\":\"https:\\\/\\\/olybetsportsbar.com\\\/ee\\\/penkick-privacy\\\/#breadcrumb\"},\"inLanguage\":\"et\",\"potentialAction\":[{\"@type\":\"ReadAction\",\"target\":[\"https:\\\/\\\/olybetsportsbar.com\\\/ee\\\/penkick-privacy\\\/\"]}]},{\"@type\":\"BreadcrumbList\",\"@id\":\"https:\\\/\\\/olybetsportsbar.com\\\/ee\\\/penkick-privacy\\\/#breadcrumb\",\"itemListElement\":[{\"@type\":\"ListItem\",\"position\":1,\"name\":\"Home\",\"item\":\"https:\\\/\\\/olybetsportsbar.com\\\/ee\\\/\"},{\"@type\":\"ListItem\",\"position\":2,\"name\":\"Penkick Privacy\"}]},{\"@type\":\"WebSite\",\"@id\":\"https:\\\/\\\/olybetsportsbar.com\\\/ee\\\/#website\",\"url\":\"https:\\\/\\\/olybetsportsbar.com\\\/ee\\\/\",\"name\":\"OlyBet Sportsbar Eesti\",\"description\":\"\",\"publisher\":{\"@id\":\"https:\\\/\\\/olybetsportsbar.com\\\/ee\\\/#organization\"},\"potentialAction\":[{\"@type\":\"SearchAction\",\"target\":{\"@type\":\"EntryPoint\",\"urlTemplate\":\"https:\\\/\\\/olybetsportsbar.com\\\/ee\\\/?s={search_term_string}\"},\"query-input\":{\"@type\":\"PropertyValueSpecification\",\"valueRequired\":true,\"valueName\":\"search_term_string\"}}],\"inLanguage\":\"et\"},{\"@type\":\"Organization\",\"@id\":\"https:\\\/\\\/olybetsportsbar.com\\\/ee\\\/#organization\",\"name\":\"OlyBet Sportsbar Eesti\",\"url\":\"https:\\\/\\\/olybetsportsbar.com\\\/ee\\\/\",\"logo\":{\"@type\":\"ImageObject\",\"inLanguage\":\"et\",\"@id\":\"https:\\\/\\\/olybetsportsbar.com\\\/ee\\\/#\\\/schema\\\/logo\\\/image\\\/\",\"url\":\"https:\\\/\\\/olybetsportsbar.com\\\/ee\\\/wp-content\\\/uploads\\\/sites\\\/2\\\/2024\\\/05\\\/hero-header-logo.png\",\"contentUrl\":\"https:\\\/\\\/olybetsportsbar.com\\\/ee\\\/wp-content\\\/uploads\\\/sites\\\/2\\\/2024\\\/05\\\/hero-header-logo.png\",\"width\":728,\"height\":317,\"caption\":\"OlyBet Sportsbar Eesti\"},\"image\":{\"@id\":\"https:\\\/\\\/olybetsportsbar.com\\\/ee\\\/#\\\/schema\\\/logo\\\/image\\\/\"}}]}<\/script>\n<!-- \/ Yoast SEO plugin. -->","yoast_head_json":{"title":"Penkick Privacy - OlyBet Sportsbar Eesti","robots":{"index":"index","follow":"follow","max-snippet":"max-snippet:-1","max-image-preview":"max-image-preview:large","max-video-preview":"max-video-preview:-1"},"canonical":"https:\/\/olybetsportsbar.com\/ee\/penkick-privacy\/","og_locale":"et_EE","og_type":"article","og_title":"Penkick Privacy - OlyBet Sportsbar Eesti","og_description":"Penalty Kick privaatsusteavitus Penalty Kick privaatsusteavitusKehtiv alates: 05.07.2024 1. \u00dclds\u00e4tted 1.1. K\u00e4esolev teavitus selgitab m\u00e4ngijate isikuandmete t\u00f6\u00f6tlemist Penalty Kick m\u00e4ngus (edaspidi &#8220;M\u00e4ng&#8221;) ja \u00f5igusi seoses isikuandmete t\u00f6\u00f6tlemisega. 1.2. Andmete vastutav t\u00f6\u00f6tleja on OB Holding 1 O\u00dc (edaspidi OlyBet) registrikood 14975047, aadress Pronksi 19, Tallinn 10124, Eesti, +3726671250, estonia@oc.eu. 1.3. Andmekaitsespetsialisti kontaktandmed on: olybetestoniaDPO@olybet.com, Pronksi 19, [&hellip;]","og_url":"https:\/\/olybetsportsbar.com\/ee\/penkick-privacy\/","og_site_name":"OlyBet Sportsbar Eesti","article_modified_time":"2024-07-05T10:50:40+00:00","twitter_card":"summary_large_image","twitter_misc":{"Est. reading time":"6 minutit"},"schema":{"@context":"https:\/\/schema.org","@graph":[{"@type":"WebPage","@id":"https:\/\/olybetsportsbar.com\/ee\/penkick-privacy\/","url":"https:\/\/olybetsportsbar.com\/ee\/penkick-privacy\/","name":"Penkick Privacy - OlyBet Sportsbar Eesti","isPartOf":{"@id":"https:\/\/olybetsportsbar.com\/ee\/#website"},"datePublished":"2024-07-05T07:12:09+00:00","dateModified":"2024-07-05T10:50:40+00:00","breadcrumb":{"@id":"https:\/\/olybetsportsbar.com\/ee\/penkick-privacy\/#breadcrumb"},"inLanguage":"et","potentialAction":[{"@type":"ReadAction","target":["https:\/\/olybetsportsbar.com\/ee\/penkick-privacy\/"]}]},{"@type":"BreadcrumbList","@id":"https:\/\/olybetsportsbar.com\/ee\/penkick-privacy\/#breadcrumb","itemListElement":[{"@type":"ListItem","position":1,"name":"Home","item":"https:\/\/olybetsportsbar.com\/ee\/"},{"@type":"ListItem","position":2,"name":"Penkick Privacy"}]},{"@type":"WebSite","@id":"https:\/\/olybetsportsbar.com\/ee\/#website","url":"https:\/\/olybetsportsbar.com\/ee\/","name":"OlyBet Sportsbar Eesti","description":"","publisher":{"@id":"https:\/\/olybetsportsbar.com\/ee\/#organization"},"potentialAction":[{"@type":"SearchAction","target":{"@type":"EntryPoint","urlTemplate":"https:\/\/olybetsportsbar.com\/ee\/?s={search_term_string}"},"query-input":{"@type":"PropertyValueSpecification","valueRequired":true,"valueName":"search_term_string"}}],"inLanguage":"et"},{"@type":"Organization","@id":"https:\/\/olybetsportsbar.com\/ee\/#organization","name":"OlyBet Sportsbar Eesti","url":"https:\/\/olybetsportsbar.com\/ee\/","logo":{"@type":"ImageObject","inLanguage":"et","@id":"https:\/\/olybetsportsbar.com\/ee\/#\/schema\/logo\/image\/","url":"https:\/\/olybetsportsbar.com\/ee\/wp-content\/uploads\/sites\/2\/2024\/05\/hero-header-logo.png","contentUrl":"https:\/\/olybetsportsbar.com\/ee\/wp-content\/uploads\/sites\/2\/2024\/05\/hero-header-logo.png","width":728,"height":317,"caption":"OlyBet Sportsbar Eesti"},"image":{"@id":"https:\/\/olybetsportsbar.com\/ee\/#\/schema\/logo\/image\/"}}]}},"acf":[],"publishpress_future_action":{"enabled":false,"date":"2026-04-11 14:32:42","action":"change-status","newStatus":"draft","terms":[],"taxonomy":"translation_priority","extraData":[]},"publishpress_future_workflow_manual_trigger":{"enabledWorkflows":[]},"_links":{"self":[{"href":"https:\/\/olybetsportsbar.com\/ee\/wp-json\/wp\/v2\/pages\/2024","targetHints":{"allow":["GET"]}}],"collection":[{"href":"https:\/\/olybetsportsbar.com\/ee\/wp-json\/wp\/v2\/pages"}],"about":[{"href":"https:\/\/olybetsportsbar.com\/ee\/wp-json\/wp\/v2\/types\/page"}],"author":[{"embeddable":true,"href":"https:\/\/olybetsportsbar.com\/ee\/wp-json\/wp\/v2\/users\/2"}],"replies":[{"embeddable":true,"href":"https:\/\/olybetsportsbar.com\/ee\/wp-json\/wp\/v2\/comments?post=2024"}],"version-history":[{"count":13,"href":"https:\/\/olybetsportsbar.com\/ee\/wp-json\/wp\/v2\/pages\/2024\/revisions"}],"predecessor-version":[{"id":2057,"href":"https:\/\/olybetsportsbar.com\/ee\/wp-json\/wp\/v2\/pages\/2024\/revisions\/2057"}],"wp:attachment":[{"href":"https:\/\/olybetsportsbar.com\/ee\/wp-json\/wp\/v2\/media?parent=2024"}],"curies":[{"name":"wp","href":"https:\/\/api.w.org\/{rel}","templated":true}]}}