{"id":2030,"date":"2024-07-05T07:16:20","date_gmt":"2024-07-05T07:16:20","guid":{"rendered":"https:\/\/olybetsportsbar.com\/ee\/?page_id=2030"},"modified":"2024-07-05T14:52:03","modified_gmt":"2024-07-05T14:52:03","slug":"penkick-terms","status":"publish","type":"page","link":"https:\/\/olybetsportsbar.com\/ee\/penkick-terms\/","title":{"rendered":"Penkick Terms"},"content":{"rendered":"\t\t<div data-elementor-type=\"wp-page\" data-elementor-id=\"2030\" class=\"elementor elementor-2030\" data-elementor-post-type=\"page\">\n\t\t\t\t<div data-particle_enable=\"false\" data-particle-mobile-disabled=\"false\" class=\"elementor-element elementor-element-6dd67c7 e-flex e-con-boxed e-con e-parent\" data-id=\"6dd67c7\" data-element_type=\"container\" data-e-type=\"container\" data-settings=\"{&quot;background_background&quot;:&quot;classic&quot;}\">\n\t\t\t\t\t<div class=\"e-con-inner\">\n\t\t<div data-particle_enable=\"false\" data-particle-mobile-disabled=\"false\" class=\"elementor-element elementor-element-b1acde9 e-con-full e-flex e-con e-child\" data-id=\"b1acde9\" data-element_type=\"container\" data-e-type=\"container\">\n\t\t\t\t<div class=\"elementor-element elementor-element-822c8eb elementor-widget elementor-widget-heading\" data-id=\"822c8eb\" data-element_type=\"widget\" data-e-type=\"widget\" data-widget_type=\"heading.default\">\n\t\t\t\t<div class=\"elementor-widget-container\">\n\t\t\t\t\t<h2 class=\"elementor-heading-title elementor-size-default\">\u00dcldtingimused<\/h2>\t\t\t\t<\/div>\n\t\t\t\t<\/div>\n\t\t\t\t<div class=\"elementor-element elementor-element-72e5308 elementor-widget elementor-widget-text-editor\" data-id=\"72e5308\" data-element_type=\"widget\" data-e-type=\"widget\" data-widget_type=\"text-editor.default\">\n\t\t\t\t<div class=\"elementor-widget-container\">\n\t\t\t\t\t\t\t\t\t<p><strong style=\"text-align: var(--text-align)\">Penalty Kick m\u00e4ngu \u00fcldtingimused<\/strong><\/p><p><strong style=\"text-align: var(--text-align)\">1. \u00dcldine<\/strong><\/p><p>1.1. Need \u00fcldtingimused kehtivad m\u00e4ngule &#8220;Penalty Kick&#8221;, mida organiseerib Kungla Investeeringu O\u00fc (registreerimisnumbriga 10103126, juriidilise aadressiga\u202fPronksi 19, 10124 Tallinn, Estonia) Eestis; SIA AHTI (registreerimisnumbriga 40003420708, juriidilise aadressiga R\u0113zeknes iela 5E, LV-1073) L\u00e4tis; ja\u202fMecom Grupp, UAB (registreerimisnumbriga 111733421, juriidilise aadressiga Konstitucijos pr. 12, Vilnius) Leedus. (edaspidi: \u201cEttev\u00f5te\u201d).<\/p><p>1.2. Need tingimused kehtivad k\u00f5igile isikutele (&#8220;Osaleja&#8221;), kes osalevad m\u00e4ngus ja vastavad tingimusele, mis on v\u00e4lja toodid klauslis 2.6.<\/p><p>1.3. Ettev\u00f5ttes kohtlema osalejate privaatsust v\u00e4ga t\u00f5siselt ja oleme vastavuses Euroopa Liidu isikuandmete kaitse \u00fcldm\u00e4\u00e4rusega. Seet\u00f5ttu soovitame teil enne meie teenuste kasutamist tutvuda meie <a href=\"https:\/\/olybetsportsbar.com\/ee\/penkick-privacy\/\">privaatsuspoliitikaga<\/a>, mis selgitab seda, kuidas me t\u00f6\u00f6tleme teie andmeid. Kui sa ei n\u00f5ustu sellega, kuidas sinu andmeid t\u00f6\u00f6deldakse, siis on ainus lahendus meie veebilehte mitte kasutada.<\/p><p><strong>2. M\u00e4ngu detailid<\/strong><\/p><p>2.1. Ettev\u00f5te organiseerib m\u00e4ngu, mis leiab aset vahemikus 5. juuli 2024 kuni 14. juuli 2024.<\/p><p>2.2. M\u00e4ng leiab aset Eestis, L\u00e4tis ja Leedus.<\/p><p>2.3. Osaleda v\u00f5ivad ainult p\u00e4ris isikud, kes on v\u00e4hemalt 18-aastased.<\/p><p>2.4. Ettev\u00f5tte v\u00f5i sellega seotud ettev\u00f5tete t\u00f6\u00f6tajad v\u00f5i nende perekonnaliikmed ei tohi m\u00e4ngus osaleda.<\/p><p>2.5. M\u00e4ngus osalemiseks ei ole vaja midagi osta v\u00f5i maksta tasu.<\/p><p>2.6. Selleks, et m\u00e4ngus osaleda pead t\u00e4itma j\u00e4rgmised tingimused:<\/p><ul><li>2.6.1: Oled v\u00e4hemalt 18 aastat vana<\/li><li>2.6.2: Jagad oma eesnime, perekonnanime, emaili ja telefoninumbrit;\u00a0<\/li><li>2.6.3: N\u00f5ustud, et saad informatsiooni v\u00f5imalikku auhinna kohta kas telefoniteavituse ja\/v\u00f5i SMS-iga.<\/li><li>2.6.4: N\u00f5ustud nende \u00fcldtingimustega<\/li><\/ul><p>2.7. Osaleja peab andma oma eesnime, perekonnanime, emaili ja telefoninumbri, selleks, et oleks v\u00f5imalik organiseerida auhinna \u00fcleandmine.<\/p><p>2.8. Auhinnad on v\u00e4lja toodud Lisa 1-s.<\/p><p>2.9. Auhinnav\u00f5itjad selguvad juhuslikku loosi alusel, kus osalevad k\u00f5ik Osalejad, kes on n\u00f5ustunud m\u00e4ngus osalema l\u00e4bi oma andmete jagamise m\u00e4ngu l\u00f5pus. Loosimine leiab aset j\u00e4rgmisel t\u00f6\u00f6p\u00e4eval.<\/p><p>2.10. Auhinnad ei ole muudetavad, \u00fclekantavad v\u00f5i tagastatavad. Rahalist alternatiivi auhinnale ei ole.<\/p><p>2.11. Auhinnav\u00f5itjatega v\u00f5etakse \u00fchendust l\u00e4bi telefoni, emaili v\u00f5i SMS-i.<\/p><p>2.12. Auhinnad toimetatakse asukohta, mis lepitakse v\u00f5itjaga kokku v\u00f5i saab v\u00f5itja auhinna k\u00e4tte asukohast, mis ettev\u00f5ttega kokku lepitakse.<\/p><p>2.13. Ettev\u00f5ttel on \u00f5igus k\u00fcsida v\u00f5itjalt isikut t\u00f5endavat dokumenti enne kui talle auhind \u00fcle antakse.<\/p><p>2.14. Kui v\u00f5itja ei tule auhinnale j\u00e4rgi 5 (viie) t\u00f6\u00f6p\u00e4eva jooksul, siis kaotab ta \u00f5iguse auhinnale.<\/p><p>2.15. Force majeure t\u00f5ttu j\u00e4tab Ettev\u00f5te endale \u00f5iguse t\u00fchistada, l\u00f5petada, muuta v\u00f5i peatada M\u00e4ng v\u00f5i need Tingimused kas t\u00e4ielikult v\u00f5i osaliselt, ilma v\u00f5i koos etteteatamisega.<\/p><p>2.16. Osaleja kannab k\u00f5iki kulusid, mis on seotud tema osalemisega m\u00e4ngus ja auhinna k\u00e4ttesaamisega.<\/p><p>2.17. Osaleja v\u00f5ib v\u00f5tta \u00fchendust ettev\u00f5ttega l\u00e4bi emaili: support@olybet.com, kui tal on k\u00fcsimusi v\u00f5i kaebuseid.<\/p><p><strong>3. Isikuandmed<\/strong><\/p><p>3.1. Osaleja isikuandmeid on vaja koguda auhindade k\u00e4ttetoimetamise eesm\u00e4rgil.<\/p><p>3.2. Isikuandmeid hoiustatakse 3 (kolm) kuud p\u00e4rast m\u00e4ngu l\u00f5ppu.<\/p><p><strong>4. Osaleja garantiid<\/strong><\/p><p>4.1 Osaleja esindab ja kinnitab, et ta on v\u00e4hemalt 18 aastat vana ja on t\u00e4ielikult teov\u00f5imeline.<\/p><p>4.2 M\u00e4ngus osalemisega n\u00f5ustub Osaleja, et Ettev\u00f5tte vastutus on piiratud maksimaalse lubatuga riigis, kus sa resideeridud. Vastutus piirdub etten\u00e4htavate kahjudega, mis tulenevad seda t\u00fc\u00fcpi lepingutele t\u00fc\u00fcpiliste oluliste lepinguliste kohustuste rikkumisest.<\/p><p>4.3. Ettev\u00f5te ei vastuta j\u00e4rgneva eest:<\/p><p>4.3.1. Kahju, mis tuleneb mis tahes muu kohaldatava hoolsuskohustuse mittemateriaalsest rikkumisest;<\/p><p>4.3.2. Kulud, mis on Osalejal tekkinud m\u00e4ngus osalemisega;<\/p><p>4.3.3. Andmete eba\u00f5igest esitamisest v\u00f5i muust Osaleja s\u00fc\u00fcl tekkinud ebat\u00e4psusest tulevad tagaj\u00e4rjed.<\/p><p>4.3.4. avalikult juurdep\u00e4\u00e4setavatel seadmetel ja ekraanidel registreerimiseks vajalike isikuandmete esitamisest tulenevad tagaj\u00e4rjed;<\/p><p>4.3.5. tehnilised probleemid v\u00f5i probleemid interneti\u00fchendusega, mis ilmnesid seadmel, millelt registreeriti;<\/p><p>4.3.6. Vead, tegemataj\u00e4tmised ja kolmandate osapoolte v\u00f5i isikute tegevused, mis p\u00f5hjustavad viivitusi auhindade k\u00e4ttesaamisel v\u00f5i m\u00e4ngu m\u00e4ngimisel.<\/p><p>4.4 Vastutuse piirang ei kehti seadusest tuleneva vastutuse suhtes, mida ei saa piirata vastutusega surma v\u00f5i kehavigastuse eest, mis on p\u00f5hjustatud meie hooletusest v\u00f5i tahtlikust \u00fcleastumisest, v\u00f5i v\u00e4listada meie vastutuse millegi eest, mida oleme teile konkreetselt lubanud.<\/p><p><strong>5. Kohaldatav \u00f5igus ja jurisdiktsioon<\/strong><\/p><p>5.1 Tekkivad vaidlused lahendatakse Eesti Vabariigi menetlusseaduste kohaselt.<\/p><p><strong>LISA 1 &#8211; Auhinnad<\/strong><\/p><p><span style=\"text-decoration: underline\">Auhinnad<\/span>:<\/p><p><strong>EESTI<\/strong><\/p><ul><li>V\u00f5itja &#8211; 1 EURO 2024 m\u00e4ngupalli koopia<\/li><li>Loos &#8211; 3 x 25 \u20ac kinkekaart OlyBet Bar &amp; Grill. Loos toimub m\u00e4ngule j\u00e4rgneval t\u00f6\u00f6p\u00e4eval.<\/li><\/ul>\t\t\t\t\t\t\t\t<\/div>\n\t\t\t\t<\/div>\n\t\t\t\t<\/div>\n\t\t\t\t\t<\/div>\n\t\t\t\t<\/div>\n\t\t\t\t<\/div>\n\t\t","protected":false},"excerpt":{"rendered":"<p>\u00dcldtingimused Penalty Kick m\u00e4ngu \u00fcldtingimused 1. \u00dcldine 1.1. Need \u00fcldtingimused kehtivad m\u00e4ngule &#8220;Penalty Kick&#8221;, mida organiseerib Kungla Investeeringu O\u00fc (registreerimisnumbriga 10103126, juriidilise aadressiga\u202fPronksi 19, 10124 Tallinn, Estonia) Eestis; SIA AHTI (registreerimisnumbriga 40003420708, juriidilise aadressiga R\u0113zeknes iela 5E, LV-1073) L\u00e4tis; ja\u202fMecom Grupp, UAB (registreerimisnumbriga 111733421, juriidilise aadressiga Konstitucijos pr. 12, Vilnius) Leedus. (edaspidi: \u201cEttev\u00f5te\u201d). 1.2. Need [&hellip;]<\/p>\n","protected":false},"author":2,"featured_media":0,"parent":0,"menu_order":0,"comment_status":"closed","ping_status":"closed","template":"","meta":{"_acf_changed":false,"footnotes":""},"class_list":["post-2030","page","type-page","status-publish","hentry"],"yoast_head":"<!-- This site is optimized with the Yoast SEO plugin v27.3 - https:\/\/yoast.com\/product\/yoast-seo-wordpress\/ -->\n<title>Penkick Terms - OlyBet Sportsbar Eesti<\/title>\n<meta name=\"robots\" content=\"index, follow, max-snippet:-1, max-image-preview:large, max-video-preview:-1\" \/>\n<link rel=\"canonical\" href=\"https:\/\/olybetsportsbar.com\/ee\/penkick-terms\/\" \/>\n<meta property=\"og:locale\" content=\"et_EE\" \/>\n<meta property=\"og:type\" content=\"article\" \/>\n<meta property=\"og:title\" content=\"Penkick Terms - OlyBet Sportsbar Eesti\" \/>\n<meta property=\"og:description\" content=\"\u00dcldtingimused Penalty Kick m\u00e4ngu \u00fcldtingimused 1. \u00dcldine 1.1. Need \u00fcldtingimused kehtivad m\u00e4ngule &#8220;Penalty Kick&#8221;, mida organiseerib Kungla Investeeringu O\u00fc (registreerimisnumbriga 10103126, juriidilise aadressiga\u202fPronksi 19, 10124 Tallinn, Estonia) Eestis; SIA AHTI (registreerimisnumbriga 40003420708, juriidilise aadressiga R\u0113zeknes iela 5E, LV-1073) L\u00e4tis; ja\u202fMecom Grupp, UAB (registreerimisnumbriga 111733421, juriidilise aadressiga Konstitucijos pr. 12, Vilnius) Leedus. (edaspidi: \u201cEttev\u00f5te\u201d). 1.2. Need [&hellip;]\" \/>\n<meta property=\"og:url\" content=\"https:\/\/olybetsportsbar.com\/ee\/penkick-terms\/\" \/>\n<meta property=\"og:site_name\" content=\"OlyBet Sportsbar Eesti\" \/>\n<meta property=\"article:modified_time\" content=\"2024-07-05T14:52:03+00:00\" \/>\n<meta name=\"twitter:card\" content=\"summary_large_image\" \/>\n<meta name=\"twitter:label1\" content=\"Est. reading time\" \/>\n\t<meta name=\"twitter:data1\" content=\"4 minutit\" \/>\n<script type=\"application\/ld+json\" class=\"yoast-schema-graph\">{\"@context\":\"https:\\\/\\\/schema.org\",\"@graph\":[{\"@type\":\"WebPage\",\"@id\":\"https:\\\/\\\/olybetsportsbar.com\\\/ee\\\/penkick-terms\\\/\",\"url\":\"https:\\\/\\\/olybetsportsbar.com\\\/ee\\\/penkick-terms\\\/\",\"name\":\"Penkick Terms - OlyBet Sportsbar Eesti\",\"isPartOf\":{\"@id\":\"https:\\\/\\\/olybetsportsbar.com\\\/ee\\\/#website\"},\"datePublished\":\"2024-07-05T07:16:20+00:00\",\"dateModified\":\"2024-07-05T14:52:03+00:00\",\"breadcrumb\":{\"@id\":\"https:\\\/\\\/olybetsportsbar.com\\\/ee\\\/penkick-terms\\\/#breadcrumb\"},\"inLanguage\":\"et\",\"potentialAction\":[{\"@type\":\"ReadAction\",\"target\":[\"https:\\\/\\\/olybetsportsbar.com\\\/ee\\\/penkick-terms\\\/\"]}]},{\"@type\":\"BreadcrumbList\",\"@id\":\"https:\\\/\\\/olybetsportsbar.com\\\/ee\\\/penkick-terms\\\/#breadcrumb\",\"itemListElement\":[{\"@type\":\"ListItem\",\"position\":1,\"name\":\"Home\",\"item\":\"https:\\\/\\\/olybetsportsbar.com\\\/ee\\\/\"},{\"@type\":\"ListItem\",\"position\":2,\"name\":\"Penkick Terms\"}]},{\"@type\":\"WebSite\",\"@id\":\"https:\\\/\\\/olybetsportsbar.com\\\/ee\\\/#website\",\"url\":\"https:\\\/\\\/olybetsportsbar.com\\\/ee\\\/\",\"name\":\"OlyBet Sportsbar Eesti\",\"description\":\"\",\"publisher\":{\"@id\":\"https:\\\/\\\/olybetsportsbar.com\\\/ee\\\/#organization\"},\"potentialAction\":[{\"@type\":\"SearchAction\",\"target\":{\"@type\":\"EntryPoint\",\"urlTemplate\":\"https:\\\/\\\/olybetsportsbar.com\\\/ee\\\/?s={search_term_string}\"},\"query-input\":{\"@type\":\"PropertyValueSpecification\",\"valueRequired\":true,\"valueName\":\"search_term_string\"}}],\"inLanguage\":\"et\"},{\"@type\":\"Organization\",\"@id\":\"https:\\\/\\\/olybetsportsbar.com\\\/ee\\\/#organization\",\"name\":\"OlyBet Sportsbar Eesti\",\"url\":\"https:\\\/\\\/olybetsportsbar.com\\\/ee\\\/\",\"logo\":{\"@type\":\"ImageObject\",\"inLanguage\":\"et\",\"@id\":\"https:\\\/\\\/olybetsportsbar.com\\\/ee\\\/#\\\/schema\\\/logo\\\/image\\\/\",\"url\":\"https:\\\/\\\/olybetsportsbar.com\\\/ee\\\/wp-content\\\/uploads\\\/sites\\\/2\\\/2024\\\/05\\\/hero-header-logo.png\",\"contentUrl\":\"https:\\\/\\\/olybetsportsbar.com\\\/ee\\\/wp-content\\\/uploads\\\/sites\\\/2\\\/2024\\\/05\\\/hero-header-logo.png\",\"width\":728,\"height\":317,\"caption\":\"OlyBet Sportsbar Eesti\"},\"image\":{\"@id\":\"https:\\\/\\\/olybetsportsbar.com\\\/ee\\\/#\\\/schema\\\/logo\\\/image\\\/\"}}]}<\/script>\n<!-- \/ Yoast SEO plugin. -->","yoast_head_json":{"title":"Penkick Terms - OlyBet Sportsbar Eesti","robots":{"index":"index","follow":"follow","max-snippet":"max-snippet:-1","max-image-preview":"max-image-preview:large","max-video-preview":"max-video-preview:-1"},"canonical":"https:\/\/olybetsportsbar.com\/ee\/penkick-terms\/","og_locale":"et_EE","og_type":"article","og_title":"Penkick Terms - OlyBet Sportsbar Eesti","og_description":"\u00dcldtingimused Penalty Kick m\u00e4ngu \u00fcldtingimused 1. \u00dcldine 1.1. Need \u00fcldtingimused kehtivad m\u00e4ngule &#8220;Penalty Kick&#8221;, mida organiseerib Kungla Investeeringu O\u00fc (registreerimisnumbriga 10103126, juriidilise aadressiga\u202fPronksi 19, 10124 Tallinn, Estonia) Eestis; SIA AHTI (registreerimisnumbriga 40003420708, juriidilise aadressiga R\u0113zeknes iela 5E, LV-1073) L\u00e4tis; ja\u202fMecom Grupp, UAB (registreerimisnumbriga 111733421, juriidilise aadressiga Konstitucijos pr. 12, Vilnius) Leedus. (edaspidi: \u201cEttev\u00f5te\u201d). 1.2. Need [&hellip;]","og_url":"https:\/\/olybetsportsbar.com\/ee\/penkick-terms\/","og_site_name":"OlyBet Sportsbar Eesti","article_modified_time":"2024-07-05T14:52:03+00:00","twitter_card":"summary_large_image","twitter_misc":{"Est. reading time":"4 minutit"},"schema":{"@context":"https:\/\/schema.org","@graph":[{"@type":"WebPage","@id":"https:\/\/olybetsportsbar.com\/ee\/penkick-terms\/","url":"https:\/\/olybetsportsbar.com\/ee\/penkick-terms\/","name":"Penkick Terms - OlyBet Sportsbar Eesti","isPartOf":{"@id":"https:\/\/olybetsportsbar.com\/ee\/#website"},"datePublished":"2024-07-05T07:16:20+00:00","dateModified":"2024-07-05T14:52:03+00:00","breadcrumb":{"@id":"https:\/\/olybetsportsbar.com\/ee\/penkick-terms\/#breadcrumb"},"inLanguage":"et","potentialAction":[{"@type":"ReadAction","target":["https:\/\/olybetsportsbar.com\/ee\/penkick-terms\/"]}]},{"@type":"BreadcrumbList","@id":"https:\/\/olybetsportsbar.com\/ee\/penkick-terms\/#breadcrumb","itemListElement":[{"@type":"ListItem","position":1,"name":"Home","item":"https:\/\/olybetsportsbar.com\/ee\/"},{"@type":"ListItem","position":2,"name":"Penkick Terms"}]},{"@type":"WebSite","@id":"https:\/\/olybetsportsbar.com\/ee\/#website","url":"https:\/\/olybetsportsbar.com\/ee\/","name":"OlyBet Sportsbar Eesti","description":"","publisher":{"@id":"https:\/\/olybetsportsbar.com\/ee\/#organization"},"potentialAction":[{"@type":"SearchAction","target":{"@type":"EntryPoint","urlTemplate":"https:\/\/olybetsportsbar.com\/ee\/?s={search_term_string}"},"query-input":{"@type":"PropertyValueSpecification","valueRequired":true,"valueName":"search_term_string"}}],"inLanguage":"et"},{"@type":"Organization","@id":"https:\/\/olybetsportsbar.com\/ee\/#organization","name":"OlyBet Sportsbar Eesti","url":"https:\/\/olybetsportsbar.com\/ee\/","logo":{"@type":"ImageObject","inLanguage":"et","@id":"https:\/\/olybetsportsbar.com\/ee\/#\/schema\/logo\/image\/","url":"https:\/\/olybetsportsbar.com\/ee\/wp-content\/uploads\/sites\/2\/2024\/05\/hero-header-logo.png","contentUrl":"https:\/\/olybetsportsbar.com\/ee\/wp-content\/uploads\/sites\/2\/2024\/05\/hero-header-logo.png","width":728,"height":317,"caption":"OlyBet Sportsbar Eesti"},"image":{"@id":"https:\/\/olybetsportsbar.com\/ee\/#\/schema\/logo\/image\/"}}]}},"acf":[],"publishpress_future_action":{"enabled":false,"date":"2026-04-11 13:05:55","action":"change-status","newStatus":"draft","terms":[],"taxonomy":"translation_priority","extraData":[]},"publishpress_future_workflow_manual_trigger":{"enabledWorkflows":[]},"_links":{"self":[{"href":"https:\/\/olybetsportsbar.com\/ee\/wp-json\/wp\/v2\/pages\/2030","targetHints":{"allow":["GET"]}}],"collection":[{"href":"https:\/\/olybetsportsbar.com\/ee\/wp-json\/wp\/v2\/pages"}],"about":[{"href":"https:\/\/olybetsportsbar.com\/ee\/wp-json\/wp\/v2\/types\/page"}],"author":[{"embeddable":true,"href":"https:\/\/olybetsportsbar.com\/ee\/wp-json\/wp\/v2\/users\/2"}],"replies":[{"embeddable":true,"href":"https:\/\/olybetsportsbar.com\/ee\/wp-json\/wp\/v2\/comments?post=2030"}],"version-history":[{"count":16,"href":"https:\/\/olybetsportsbar.com\/ee\/wp-json\/wp\/v2\/pages\/2030\/revisions"}],"predecessor-version":[{"id":2060,"href":"https:\/\/olybetsportsbar.com\/ee\/wp-json\/wp\/v2\/pages\/2030\/revisions\/2060"}],"wp:attachment":[{"href":"https:\/\/olybetsportsbar.com\/ee\/wp-json\/wp\/v2\/media?parent=2030"}],"curies":[{"name":"wp","href":"https:\/\/api.w.org\/{rel}","templated":true}]}}