{"id":3316,"date":"2025-06-17T16:38:53","date_gmt":"2025-06-17T13:38:53","guid":{"rendered":"https:\/\/olybetsportsbar.com\/ee\/ligipaasetavuse-teatis\/"},"modified":"2025-06-26T16:09:15","modified_gmt":"2025-06-26T13:09:15","slug":"ligipaasetavuse-teatis","status":"publish","type":"page","link":"https:\/\/olybetsportsbar.com\/ee\/ligipaasetavuse-teatis\/","title":{"rendered":"Ligip\u00e4\u00e4setavuse Teatis"},"content":{"rendered":"\t\t<div data-elementor-type=\"wp-page\" data-elementor-id=\"3316\" class=\"elementor elementor-3316 elementor-3300\" data-elementor-post-type=\"page\">\n\t\t\t\t<div data-particle_enable=\"false\" data-particle-mobile-disabled=\"false\" class=\"elementor-element elementor-element-f99cc63 e-flex e-con-boxed e-con e-parent\" data-id=\"f99cc63\" data-element_type=\"container\" data-e-type=\"container\" data-settings=\"{&quot;background_background&quot;:&quot;classic&quot;}\">\n\t\t\t\t\t<div class=\"e-con-inner\">\n\t\t<div data-particle_enable=\"false\" data-particle-mobile-disabled=\"false\" class=\"elementor-element elementor-element-75fab6e e-con-full e-flex e-con e-child\" data-id=\"75fab6e\" data-element_type=\"container\" data-e-type=\"container\">\n\t\t\t\t<div class=\"elementor-element elementor-element-fc9608e elementor-widget elementor-widget-heading\" data-id=\"fc9608e\" data-element_type=\"widget\" data-e-type=\"widget\" data-widget_type=\"heading.default\">\n\t\t\t\t<div class=\"elementor-widget-container\">\n\t\t\t\t\t<h2 class=\"elementor-heading-title elementor-size-default\">Kungla Investeeringu O\u00dc Ligip\u00e4\u00e4setavuse Teatis <\/h2>\t\t\t\t<\/div>\n\t\t\t\t<\/div>\n\t\t\t\t<div class=\"elementor-element elementor-element-dbaa40a elementor-widget elementor-widget-text-editor\" data-id=\"dbaa40a\" data-element_type=\"widget\" data-e-type=\"widget\" data-widget_type=\"text-editor.default\">\n\t\t\t\t<div class=\"elementor-widget-container\">\n\t\t\t\t\t\t\t\t\t<p>Meie eesm\u00e4rk on tagada digitaalne ligip\u00e4\u00e4setavus k\u00f5igile kasutajatele, sealhulgas puuetega inimestele. P\u00fc\u00fcame pidevalt kasutajakogemust parandada ning asjakohaseid ligip\u00e4\u00e4setavuse standardeid rakendada.<br \/>See veebisait on loodud vastavalt tehnilisele standardile EN 301 549 v.3.2.1 veebisaitide ja mobiilirakenduste jaoks, et tagada kaasavam ja kasutajas\u00f5bralikum kogemus k\u00f5igile kasutajatele, sh n\u00e4gemis-, motooriliste ja kognitiivsete puuetega inimestele. See vastab WCAG 2.1 ligip\u00e4\u00e4setavuse juhendi \u201eAA\u201d tasemele.<\/p>\n<p><strong>Ligip\u00e4\u00e4setavuse funktsioonid<\/strong><\/p>\n<p>Et parandada teie kogemust, julgustame teid kasutama oma seadme v\u00f5i operatsioonis\u00fcsteemi sisseehitatud ligip\u00e4\u00e4setavuse t\u00f6\u00f6riistu. Need v\u00f5imaldavad paremat navigeerimist, loetavust, interaktsiooni ja \u00fcldist kasutajas\u00f5bralikkust vastavalt teie isiklikele vajadustele. Valige oma platvorm ja vaadake ametlikku seadistuste juhendit:<\/p>\n<p style=\"padding-left: 40px;\">\u2022 <a href=\"https:\/\/support.microsoft.com\/et-ee\/windows\/windowsi-h%C3%B5lbustusfunktsioonide-tutvustus-8b1068e6-d3b8-4ba8-b027-133dd8911df9\"><strong>Windows<\/strong><\/a> \u2013 Kasutage Narratorit (ekraani lugeja), suumimist, k\u00f5rge kontrastsusega re\u017eiime, k\u00f5netuvastust, ekraaniklaviatuuri ja muid abitehnoloogiaid<br \/>\n\u2022 <a href=\"https:\/\/support.apple.com\/et-ee\/guide\/mac-help\/mh35884\/mac\"><strong>macOS<\/strong><\/a> \u2013 Avastage VoiceOver, Zoom, Siri h\u00e4\u00e4ljuhtimine, v\u00e4rvifiltrid ja klaviatuuri otseteed, mis toetavad n\u00e4gemis-, kuulmis-, motoorseid v\u00f5i \u00f5pivajadustega kasutajaid<br \/>\n\u2022 <a href=\"https:\/\/support.apple.com\/et-ee\/guide\/mac-help\/mh35884\/mac\"><strong>Android<\/strong><\/a> \u2013 TalkBack (ekraani lugeja), suumimis\u017eestid, h\u00e4\u00e4lsed k\u00e4sud, l\u00fclitite ligip\u00e4\u00e4s ja kohandatavad interaktsiooniv\u00f5imalused on Androidi seadmetel saadaval<br \/>\n\u2022 <a href=\"https:\/\/support.apple.com\/et-ee\/guide\/iphone\/iph3e2e4367\/ios\"><strong>iOS<\/strong><\/a> \u2013 iPhone\u2019id ja iPad\u2019id toetavad mitmesuguseid funktsioone nagu VoiceOver, Zoom, AssistiveTouch, Loe Sisu, Helituvastus jm<\/p>\n<p><strong>Ekraanilugeja kasutamine<\/strong><\/p>\n<p>Ekraanilugeja on tarkvara, mis tuvastab ja t\u00f5lgendab ekraanil kuvatavat teavet. See veebisait t\u00f6\u00f6tab h\u00e4sti tuntud ekraanilugejatega. K\u00f5ikidel piltidel on alternatiivne tekst ning lehek\u00fclje sisu on esitatud loogilises j\u00e4rjekorras.<br \/>Toetatud ekraanilugejate loend:<\/p>\n<p style=\"padding-left: 40px;\">\u2022 JAWS (Windows) \u2013 <a href=\"https:\/\/www.freedomscientific.com\" target=\"_blank\" rel=\"noopener\">https:\/\/www.freedomscientific.com<\/a><br \/>\n\u2022 NVDA (Windows, tasuta) \u2013 <a href=\"https:\/\/www.nvaccess.org\/download\" target=\"_blank\" rel=\"noopener\">https:\/\/www.nvaccess.org\/download<\/a><br \/>\n\u2022 System Access (Windows) \u2013 <a href=\"https:\/\/www.serotek.com\/systemaccess\" target=\"_blank\" rel=\"noopener\">https:\/\/www.serotek.com\/systemaccess<\/a><\/p>\n<p><strong>V\u00f5tke meiega \u00fchendust<\/strong><\/p>\n<p>Me oleme p\u00fchendunud tagama, et meie veebisait oleks k\u00f5igile ligip\u00e4\u00e4setav. Pidevalt j\u00e4lgime ja parandame takistusi ligip\u00e4\u00e4setavusele. Ootame tagasisidet, mis aitab meil pakkuda kaasavamat digikogemust.<br \/>Kui teil tekib ligip\u00e4\u00e4setavusega probleeme v\u00f5i teil on ettepanekuid, v\u00f5tke meiega \u00fchendust:<br \/><strong>Email: <a href=\"mailto:estonia@oc.eu\">estonia@oc.eu<\/a><\/strong><\/p>\n\t\t\t\t\t\t\t\t<\/div>\n\t\t\t\t<\/div>\n\t\t\t\t<\/div>\n\t\t\t\t\t<\/div>\n\t\t\t\t<\/div>\n\t\t\t\t<\/div>\n\t\t","protected":false},"excerpt":{"rendered":"<p>Kungla Investeeringu O\u00dc Ligip\u00e4\u00e4setavuse Teatis Meie eesm\u00e4rk on tagada digitaalne ligip\u00e4\u00e4setavus k\u00f5igile kasutajatele, sealhulgas puuetega inimestele. P\u00fc\u00fcame pidevalt kasutajakogemust parandada ning asjakohaseid ligip\u00e4\u00e4setavuse standardeid rakendada.See veebisait on loodud vastavalt tehnilisele standardile EN 301 549 v.3.2.1 veebisaitide ja mobiilirakenduste jaoks, et tagada kaasavam ja kasutajas\u00f5bralikum kogemus k\u00f5igile kasutajatele, sh n\u00e4gemis-, motooriliste ja kognitiivsete puuetega inimestele. See [&hellip;]<\/p>\n","protected":false},"author":2,"featured_media":0,"parent":0,"menu_order":0,"comment_status":"closed","ping_status":"closed","template":"","meta":{"_acf_changed":false,"footnotes":""},"class_list":["post-3316","page","type-page","status-publish","hentry"],"yoast_head":"<!-- This site is optimized with the Yoast SEO plugin v27.3 - https:\/\/yoast.com\/product\/yoast-seo-wordpress\/ -->\n<title>Ligip\u00e4\u00e4setavuse Teatis - OlyBet Sportsbar Eesti<\/title>\n<meta name=\"robots\" content=\"index, follow, max-snippet:-1, max-image-preview:large, max-video-preview:-1\" \/>\n<link rel=\"canonical\" href=\"https:\/\/olybetsportsbar.com\/ee\/ligipaasetavuse-teatis\/\" \/>\n<meta property=\"og:locale\" content=\"et_EE\" \/>\n<meta property=\"og:type\" content=\"article\" \/>\n<meta property=\"og:title\" content=\"Ligip\u00e4\u00e4setavuse Teatis - OlyBet Sportsbar Eesti\" \/>\n<meta property=\"og:description\" content=\"Kungla Investeeringu O\u00dc Ligip\u00e4\u00e4setavuse Teatis Meie eesm\u00e4rk on tagada digitaalne ligip\u00e4\u00e4setavus k\u00f5igile kasutajatele, sealhulgas puuetega inimestele. P\u00fc\u00fcame pidevalt kasutajakogemust parandada ning asjakohaseid ligip\u00e4\u00e4setavuse standardeid rakendada.See veebisait on loodud vastavalt tehnilisele standardile EN 301 549 v.3.2.1 veebisaitide ja mobiilirakenduste jaoks, et tagada kaasavam ja kasutajas\u00f5bralikum kogemus k\u00f5igile kasutajatele, sh n\u00e4gemis-, motooriliste ja kognitiivsete puuetega inimestele. See [&hellip;]\" \/>\n<meta property=\"og:url\" content=\"https:\/\/olybetsportsbar.com\/ee\/ligipaasetavuse-teatis\/\" \/>\n<meta property=\"og:site_name\" content=\"OlyBet Sportsbar Eesti\" \/>\n<meta property=\"article:modified_time\" content=\"2025-06-26T13:09:15+00:00\" \/>\n<meta name=\"twitter:card\" content=\"summary_large_image\" \/>\n<meta name=\"twitter:label1\" content=\"Est. reading time\" \/>\n\t<meta name=\"twitter:data1\" content=\"2 minutit\" \/>\n<script type=\"application\/ld+json\" class=\"yoast-schema-graph\">{\"@context\":\"https:\\\/\\\/schema.org\",\"@graph\":[{\"@type\":\"WebPage\",\"@id\":\"https:\\\/\\\/olybetsportsbar.com\\\/ee\\\/ligipaasetavuse-teatis\\\/\",\"url\":\"https:\\\/\\\/olybetsportsbar.com\\\/ee\\\/ligipaasetavuse-teatis\\\/\",\"name\":\"Ligip\u00e4\u00e4setavuse Teatis - OlyBet Sportsbar Eesti\",\"isPartOf\":{\"@id\":\"https:\\\/\\\/olybetsportsbar.com\\\/ee\\\/#website\"},\"datePublished\":\"2025-06-17T13:38:53+00:00\",\"dateModified\":\"2025-06-26T13:09:15+00:00\",\"breadcrumb\":{\"@id\":\"https:\\\/\\\/olybetsportsbar.com\\\/ee\\\/ligipaasetavuse-teatis\\\/#breadcrumb\"},\"inLanguage\":\"et\",\"potentialAction\":[{\"@type\":\"ReadAction\",\"target\":[\"https:\\\/\\\/olybetsportsbar.com\\\/ee\\\/ligipaasetavuse-teatis\\\/\"]}]},{\"@type\":\"BreadcrumbList\",\"@id\":\"https:\\\/\\\/olybetsportsbar.com\\\/ee\\\/ligipaasetavuse-teatis\\\/#breadcrumb\",\"itemListElement\":[{\"@type\":\"ListItem\",\"position\":1,\"name\":\"Home\",\"item\":\"https:\\\/\\\/olybetsportsbar.com\\\/ee\\\/\"},{\"@type\":\"ListItem\",\"position\":2,\"name\":\"Ligip\u00e4\u00e4setavuse Teatis\"}]},{\"@type\":\"WebSite\",\"@id\":\"https:\\\/\\\/olybetsportsbar.com\\\/ee\\\/#website\",\"url\":\"https:\\\/\\\/olybetsportsbar.com\\\/ee\\\/\",\"name\":\"OlyBet Sportsbar Eesti\",\"description\":\"\",\"publisher\":{\"@id\":\"https:\\\/\\\/olybetsportsbar.com\\\/ee\\\/#organization\"},\"potentialAction\":[{\"@type\":\"SearchAction\",\"target\":{\"@type\":\"EntryPoint\",\"urlTemplate\":\"https:\\\/\\\/olybetsportsbar.com\\\/ee\\\/?s={search_term_string}\"},\"query-input\":{\"@type\":\"PropertyValueSpecification\",\"valueRequired\":true,\"valueName\":\"search_term_string\"}}],\"inLanguage\":\"et\"},{\"@type\":\"Organization\",\"@id\":\"https:\\\/\\\/olybetsportsbar.com\\\/ee\\\/#organization\",\"name\":\"OlyBet Sportsbar Eesti\",\"url\":\"https:\\\/\\\/olybetsportsbar.com\\\/ee\\\/\",\"logo\":{\"@type\":\"ImageObject\",\"inLanguage\":\"et\",\"@id\":\"https:\\\/\\\/olybetsportsbar.com\\\/ee\\\/#\\\/schema\\\/logo\\\/image\\\/\",\"url\":\"https:\\\/\\\/olybetsportsbar.com\\\/ee\\\/wp-content\\\/uploads\\\/sites\\\/2\\\/2024\\\/05\\\/hero-header-logo.png\",\"contentUrl\":\"https:\\\/\\\/olybetsportsbar.com\\\/ee\\\/wp-content\\\/uploads\\\/sites\\\/2\\\/2024\\\/05\\\/hero-header-logo.png\",\"width\":728,\"height\":317,\"caption\":\"OlyBet Sportsbar Eesti\"},\"image\":{\"@id\":\"https:\\\/\\\/olybetsportsbar.com\\\/ee\\\/#\\\/schema\\\/logo\\\/image\\\/\"}}]}<\/script>\n<!-- \/ Yoast SEO plugin. -->","yoast_head_json":{"title":"Ligip\u00e4\u00e4setavuse Teatis - OlyBet Sportsbar Eesti","robots":{"index":"index","follow":"follow","max-snippet":"max-snippet:-1","max-image-preview":"max-image-preview:large","max-video-preview":"max-video-preview:-1"},"canonical":"https:\/\/olybetsportsbar.com\/ee\/ligipaasetavuse-teatis\/","og_locale":"et_EE","og_type":"article","og_title":"Ligip\u00e4\u00e4setavuse Teatis - OlyBet Sportsbar Eesti","og_description":"Kungla Investeeringu O\u00dc Ligip\u00e4\u00e4setavuse Teatis Meie eesm\u00e4rk on tagada digitaalne ligip\u00e4\u00e4setavus k\u00f5igile kasutajatele, sealhulgas puuetega inimestele. P\u00fc\u00fcame pidevalt kasutajakogemust parandada ning asjakohaseid ligip\u00e4\u00e4setavuse standardeid rakendada.See veebisait on loodud vastavalt tehnilisele standardile EN 301 549 v.3.2.1 veebisaitide ja mobiilirakenduste jaoks, et tagada kaasavam ja kasutajas\u00f5bralikum kogemus k\u00f5igile kasutajatele, sh n\u00e4gemis-, motooriliste ja kognitiivsete puuetega inimestele. See [&hellip;]","og_url":"https:\/\/olybetsportsbar.com\/ee\/ligipaasetavuse-teatis\/","og_site_name":"OlyBet Sportsbar Eesti","article_modified_time":"2025-06-26T13:09:15+00:00","twitter_card":"summary_large_image","twitter_misc":{"Est. reading time":"2 minutit"},"schema":{"@context":"https:\/\/schema.org","@graph":[{"@type":"WebPage","@id":"https:\/\/olybetsportsbar.com\/ee\/ligipaasetavuse-teatis\/","url":"https:\/\/olybetsportsbar.com\/ee\/ligipaasetavuse-teatis\/","name":"Ligip\u00e4\u00e4setavuse Teatis - OlyBet Sportsbar Eesti","isPartOf":{"@id":"https:\/\/olybetsportsbar.com\/ee\/#website"},"datePublished":"2025-06-17T13:38:53+00:00","dateModified":"2025-06-26T13:09:15+00:00","breadcrumb":{"@id":"https:\/\/olybetsportsbar.com\/ee\/ligipaasetavuse-teatis\/#breadcrumb"},"inLanguage":"et","potentialAction":[{"@type":"ReadAction","target":["https:\/\/olybetsportsbar.com\/ee\/ligipaasetavuse-teatis\/"]}]},{"@type":"BreadcrumbList","@id":"https:\/\/olybetsportsbar.com\/ee\/ligipaasetavuse-teatis\/#breadcrumb","itemListElement":[{"@type":"ListItem","position":1,"name":"Home","item":"https:\/\/olybetsportsbar.com\/ee\/"},{"@type":"ListItem","position":2,"name":"Ligip\u00e4\u00e4setavuse Teatis"}]},{"@type":"WebSite","@id":"https:\/\/olybetsportsbar.com\/ee\/#website","url":"https:\/\/olybetsportsbar.com\/ee\/","name":"OlyBet Sportsbar Eesti","description":"","publisher":{"@id":"https:\/\/olybetsportsbar.com\/ee\/#organization"},"potentialAction":[{"@type":"SearchAction","target":{"@type":"EntryPoint","urlTemplate":"https:\/\/olybetsportsbar.com\/ee\/?s={search_term_string}"},"query-input":{"@type":"PropertyValueSpecification","valueRequired":true,"valueName":"search_term_string"}}],"inLanguage":"et"},{"@type":"Organization","@id":"https:\/\/olybetsportsbar.com\/ee\/#organization","name":"OlyBet Sportsbar Eesti","url":"https:\/\/olybetsportsbar.com\/ee\/","logo":{"@type":"ImageObject","inLanguage":"et","@id":"https:\/\/olybetsportsbar.com\/ee\/#\/schema\/logo\/image\/","url":"https:\/\/olybetsportsbar.com\/ee\/wp-content\/uploads\/sites\/2\/2024\/05\/hero-header-logo.png","contentUrl":"https:\/\/olybetsportsbar.com\/ee\/wp-content\/uploads\/sites\/2\/2024\/05\/hero-header-logo.png","width":728,"height":317,"caption":"OlyBet Sportsbar Eesti"},"image":{"@id":"https:\/\/olybetsportsbar.com\/ee\/#\/schema\/logo\/image\/"}}]}},"acf":[],"publishpress_future_action":{"enabled":false,"date":"2026-04-20 22:25:21","action":"change-status","newStatus":"draft","terms":[],"taxonomy":"translation_priority","extraData":[]},"publishpress_future_workflow_manual_trigger":{"enabledWorkflows":[]},"_links":{"self":[{"href":"https:\/\/olybetsportsbar.com\/ee\/wp-json\/wp\/v2\/pages\/3316","targetHints":{"allow":["GET"]}}],"collection":[{"href":"https:\/\/olybetsportsbar.com\/ee\/wp-json\/wp\/v2\/pages"}],"about":[{"href":"https:\/\/olybetsportsbar.com\/ee\/wp-json\/wp\/v2\/types\/page"}],"author":[{"embeddable":true,"href":"https:\/\/olybetsportsbar.com\/ee\/wp-json\/wp\/v2\/users\/2"}],"replies":[{"embeddable":true,"href":"https:\/\/olybetsportsbar.com\/ee\/wp-json\/wp\/v2\/comments?post=3316"}],"version-history":[{"count":2,"href":"https:\/\/olybetsportsbar.com\/ee\/wp-json\/wp\/v2\/pages\/3316\/revisions"}],"predecessor-version":[{"id":3337,"href":"https:\/\/olybetsportsbar.com\/ee\/wp-json\/wp\/v2\/pages\/3316\/revisions\/3337"}],"wp:attachment":[{"href":"https:\/\/olybetsportsbar.com\/ee\/wp-json\/wp\/v2\/media?parent=3316"}],"curies":[{"name":"wp","href":"https:\/\/api.w.org\/{rel}","templated":true}]}}