{"id":891,"date":"2024-05-13T12:51:11","date_gmt":"2024-05-13T09:51:11","guid":{"rendered":"https:\/\/olybetsportsbar.com\/ee\/partnerlused\/"},"modified":"2025-12-02T09:40:49","modified_gmt":"2025-12-02T07:40:49","slug":"partnerlused","status":"publish","type":"page","link":"https:\/\/olybetsportsbar.com\/ee\/partnerlused\/","title":{"rendered":"Partnerlused"},"content":{"rendered":"\t\t<div data-elementor-type=\"wp-page\" data-elementor-id=\"891\" class=\"elementor elementor-891 elementor-277\" data-elementor-post-type=\"page\">\n\t\t\t\t<div data-particle_enable=\"false\" data-particle-mobile-disabled=\"false\" class=\"elementor-element elementor-element-b6ed578 e-flex e-con-boxed e-con e-parent\" data-id=\"b6ed578\" data-element_type=\"container\" data-e-type=\"container\" data-settings=\"{&quot;background_background&quot;:&quot;classic&quot;}\">\n\t\t\t\t\t<div class=\"e-con-inner\">\n\t\t\t\t<div class=\"elementor-element elementor-element-9b23bbf elementor-widget elementor-widget-heading\" data-id=\"9b23bbf\" data-element_type=\"widget\" data-e-type=\"widget\" data-widget_type=\"heading.default\">\n\t\t\t\t<div class=\"elementor-widget-container\">\n\t\t\t\t\t<h2 class=\"elementor-heading-title elementor-size-default\">Partnerlused.<\/h2>\t\t\t\t<\/div>\n\t\t\t\t<\/div>\n\t\t\t\t\t<\/div>\n\t\t\t\t<\/div>\n\t\t<div data-particle_enable=\"false\" data-particle-mobile-disabled=\"false\" class=\"elementor-element elementor-element-c3dc96b e-con-full e-flex e-con e-parent\" data-id=\"c3dc96b\" data-element_type=\"container\" data-e-type=\"container\" data-settings=\"{&quot;background_background&quot;:&quot;classic&quot;}\">\n\t\t<div data-particle_enable=\"false\" data-particle-mobile-disabled=\"false\" class=\"elementor-element elementor-element-d4047cc e-con-full e-flex e-con e-child\" data-id=\"d4047cc\" data-element_type=\"container\" data-e-type=\"container\" data-settings=\"{&quot;background_background&quot;:&quot;classic&quot;}\">\n\t\t<div data-particle_enable=\"false\" data-particle-mobile-disabled=\"false\" class=\"elementor-element elementor-element-fe00d5d e-con-full e-flex e-con e-child\" data-id=\"fe00d5d\" data-element_type=\"container\" data-e-type=\"container\">\n\t\t\t\t<div class=\"elementor-element elementor-element-799b6ca elementor-widget__width-initial elementor-widget elementor-widget-heading\" data-id=\"799b6ca\" data-element_type=\"widget\" data-e-type=\"widget\" data-widget_type=\"heading.default\">\n\t\t\t\t<div class=\"elementor-widget-container\">\n\t\t\t\t\t<h2 class=\"elementor-heading-title elementor-size-default\">Globaalsed partnerid<\/h2>\t\t\t\t<\/div>\n\t\t\t\t<\/div>\n\t\t\t\t<div class=\"elementor-element elementor-element-80ac5a0 elementor-widget__width-initial elementor-widget elementor-widget-text-editor\" data-id=\"80ac5a0\" data-element_type=\"widget\" data-e-type=\"widget\" data-widget_type=\"text-editor.default\">\n\t\t\t\t<div class=\"elementor-widget-container\">\n\t\t\t\t\t\t\t\t\t<p>OlyBet spordibaari kohalolek ulatub \u00fcle piiride, kuna meie organisatsioon on teinud koost\u00f6\u00f6d mitme spordimaailma silmapaistva nimega.<\/p>\n<p>Jalgpallis oleme uhkusega partneriks La Liga klubidele Real Betis ja Girona FC.<\/p>\n<p>Teeme koost\u00f6\u00f6d ka snuukri juhtiva professionaalse s\u00fcndmustesarja WST-ga.<\/p>\n\t\t\t\t\t\t\t\t<\/div>\n\t\t\t\t<\/div>\n\t\t\t\t<\/div>\n\t\t\t\t<\/div>\n\t\t<div data-particle_enable=\"false\" data-particle-mobile-disabled=\"false\" class=\"elementor-element elementor-element-1bfeb5c e-con-full e-flex e-con e-child\" data-id=\"1bfeb5c\" data-element_type=\"container\" data-e-type=\"container\" data-settings=\"{&quot;background_background&quot;:&quot;classic&quot;}\">\n\t\t<div data-particle_enable=\"false\" data-particle-mobile-disabled=\"false\" class=\"elementor-element elementor-element-c07db2b e-flex e-con-boxed e-con e-child\" data-id=\"c07db2b\" data-element_type=\"container\" data-e-type=\"container\">\n\t\t\t\t\t<div class=\"e-con-inner\">\n\t\t<div data-particle_enable=\"false\" data-particle-mobile-disabled=\"false\" class=\"elementor-element elementor-element-791c1eb e-con-full e-flex e-con e-child\" data-id=\"791c1eb\" data-element_type=\"container\" data-e-type=\"container\">\n\t\t\t\t<div class=\"elementor-element elementor-element-37fdbe2 elementor-widget elementor-widget-image\" data-id=\"37fdbe2\" data-element_type=\"widget\" data-e-type=\"widget\" data-widget_type=\"image.default\">\n\t\t\t\t<div class=\"elementor-widget-container\">\n\t\t\t\t\t\t\t\t\t\t\t\t\t\t\t<img decoding=\"async\" src=\"https:\/\/olybetsportsbar.com\/ee\/wp-content\/uploads\/sites\/2\/elementor\/thumbs\/Real-Betis-partnership-1-2-qo3noh5kno9a6gd4gm033grfndbi0hc7z4x1vae05c.png\" title=\"Real-Betis-partnership-1-2.png\" alt=\"Real-Betis-partnership-1-2.png\" loading=\"lazy\" \/>\t\t\t\t\t\t\t\t\t\t\t\t\t\t\t<\/div>\n\t\t\t\t<\/div>\n\t\t\t\t<\/div>\n\t\t<div data-particle_enable=\"false\" data-particle-mobile-disabled=\"false\" class=\"elementor-element elementor-element-7f8b934 e-con-full elementor-hidden-desktop elementor-hidden-tablet elementor-hidden-mobile e-flex e-con e-child\" data-id=\"7f8b934\" data-element_type=\"container\" data-e-type=\"container\">\n\t\t\t\t<div class=\"elementor-element elementor-element-584423c elementor-widget elementor-widget-image\" data-id=\"584423c\" data-element_type=\"widget\" data-e-type=\"widget\" data-widget_type=\"image.default\">\n\t\t\t\t<div class=\"elementor-widget-container\">\n\t\t\t\t\t\t\t\t\t\t\t\t\t\t\t<img decoding=\"async\" src=\"https:\/\/olybetsportsbar.com\/ee\/wp-content\/uploads\/sites\/2\/elementor\/thumbs\/Fiorentina-2022-logo-225x225-1-qo3noh5kno9a6gd4gm033grfndbi0hc7z4x1vae05c.png\" title=\"Fiorentina-2022-logo-225&#215;225-1.png\" alt=\"Fiorentina-2022-logo-225x225-1.png\" loading=\"lazy\" \/>\t\t\t\t\t\t\t\t\t\t\t\t\t\t\t<\/div>\n\t\t\t\t<\/div>\n\t\t\t\t<\/div>\n\t\t<div data-particle_enable=\"false\" data-particle-mobile-disabled=\"false\" class=\"elementor-element elementor-element-f3a0257 e-con-full e-flex e-con e-child\" data-id=\"f3a0257\" data-element_type=\"container\" data-e-type=\"container\">\n\t\t\t\t<div class=\"elementor-element elementor-element-37c7dde elementor-widget elementor-widget-image\" data-id=\"37c7dde\" data-element_type=\"widget\" data-e-type=\"widget\" data-widget_type=\"image.default\">\n\t\t\t\t<div class=\"elementor-widget-container\">\n\t\t\t\t\t\t\t\t\t\t\t\t\t\t\t<img decoding=\"async\" src=\"https:\/\/olybetsportsbar.com\/ee\/wp-content\/uploads\/sites\/2\/elementor\/thumbs\/girona-fc-logos-225-qvyxlpc8gv0mhqhkzidlroyh4rswyd1l0avd125kqo.png\" title=\"girona-fc-logos-225\" alt=\"girona-fc-logos-225\" loading=\"lazy\" \/>\t\t\t\t\t\t\t\t\t\t\t\t\t\t\t<\/div>\n\t\t\t\t<\/div>\n\t\t\t\t<\/div>\n\t\t<div data-particle_enable=\"false\" data-particle-mobile-disabled=\"false\" class=\"elementor-element elementor-element-2079cfc e-con-full elementor-hidden-desktop elementor-hidden-tablet elementor-hidden-mobile e-flex e-con e-child\" data-id=\"2079cfc\" data-element_type=\"container\" data-e-type=\"container\">\n\t\t\t\t<div class=\"elementor-element elementor-element-f0d2afc elementor-widget elementor-widget-image\" data-id=\"f0d2afc\" data-element_type=\"widget\" data-e-type=\"widget\" data-widget_type=\"image.default\">\n\t\t\t\t<div class=\"elementor-widget-container\">\n\t\t\t\t\t\t\t\t\t\t\t\t\t\t\t<img decoding=\"async\" src=\"https:\/\/olybetsportsbar.com\/ee\/wp-content\/uploads\/sites\/2\/elementor\/thumbs\/DPWT-logo-226x226-1-qo3noh5kno9a6gd4gm033grfndbi0hc7z4x1vae05c.png\" title=\"DPWT-logo-226&#215;226-1.png\" alt=\"DPWT-logo-226x226-1.png\" loading=\"lazy\" \/>\t\t\t\t\t\t\t\t\t\t\t\t\t\t\t<\/div>\n\t\t\t\t<\/div>\n\t\t\t\t<\/div>\n\t\t<div data-particle_enable=\"false\" data-particle-mobile-disabled=\"false\" class=\"elementor-element elementor-element-5ffd651 e-con-full elementor-hidden-desktop elementor-hidden-tablet elementor-hidden-mobile e-flex e-con e-child\" data-id=\"5ffd651\" data-element_type=\"container\" data-e-type=\"container\">\n\t\t\t\t<div class=\"elementor-element elementor-element-fdf2fea elementor-widget elementor-widget-image\" data-id=\"fdf2fea\" data-element_type=\"widget\" data-e-type=\"widget\" data-widget_type=\"image.default\">\n\t\t\t\t<div class=\"elementor-widget-container\">\n\t\t\t\t\t\t\t\t\t\t\t\t\t\t\t<img decoding=\"async\" src=\"https:\/\/olybetsportsbar.com\/ee\/wp-content\/uploads\/sites\/2\/2024\/05\/euroleague-160x160-2.svg\" title=\"euroleague-160&#215;160-2.svg\" alt=\"euroleague-160x160-2.svg\" loading=\"lazy\" \/>\t\t\t\t\t\t\t\t\t\t\t\t\t\t\t<\/div>\n\t\t\t\t<\/div>\n\t\t\t\t<\/div>\n\t\t<div data-particle_enable=\"false\" data-particle-mobile-disabled=\"false\" class=\"elementor-element elementor-element-f243e46 e-con-full elementor-hidden-desktop elementor-hidden-tablet e-flex e-con e-child\" data-id=\"f243e46\" data-element_type=\"container\" data-e-type=\"container\">\n\t\t\t\t<div class=\"elementor-element elementor-element-2f25017 elementor-widget elementor-widget-image\" data-id=\"2f25017\" data-element_type=\"widget\" data-e-type=\"widget\" data-widget_type=\"image.default\">\n\t\t\t\t<div class=\"elementor-widget-container\">\n\t\t\t\t\t\t\t\t\t\t\t\t\t\t\t<img decoding=\"async\" src=\"https:\/\/olybetsportsbar.com\/ee\/wp-content\/uploads\/sites\/2\/elementor\/thumbs\/wst-logo-sportsbars-qxny24c0vb700he3lzwu51lj3hxdcj214fco0wp0e8.png\" title=\"wst-logo-sportsbars\" alt=\"wst-logo-sportsbars\" loading=\"lazy\" \/>\t\t\t\t\t\t\t\t\t\t\t\t\t\t\t<\/div>\n\t\t\t\t<\/div>\n\t\t\t\t<\/div>\n\t\t\t\t\t<\/div>\n\t\t\t\t<\/div>\n\t\t\t\t<\/div>\n\t\t\t\t<\/div>\n\t\t<div data-particle_enable=\"false\" data-particle-mobile-disabled=\"false\" class=\"elementor-element elementor-element-74dd8df e-con-full e-flex e-con e-parent\" data-id=\"74dd8df\" data-element_type=\"container\" data-e-type=\"container\" data-settings=\"{&quot;background_background&quot;:&quot;classic&quot;}\">\n\t\t<div data-particle_enable=\"false\" data-particle-mobile-disabled=\"false\" class=\"elementor-element elementor-element-e2e02c4 e-con-full e-flex e-con e-child\" data-id=\"e2e02c4\" data-element_type=\"container\" data-e-type=\"container\" data-settings=\"{&quot;background_background&quot;:&quot;classic&quot;}\">\n\t\t<div data-particle_enable=\"false\" data-particle-mobile-disabled=\"false\" class=\"elementor-element elementor-element-8f5d183 e-flex e-con-boxed e-con e-child\" data-id=\"8f5d183\" data-element_type=\"container\" data-e-type=\"container\">\n\t\t\t\t\t<div class=\"e-con-inner\">\n\t\t\t\t\t<\/div>\n\t\t\t\t<\/div>\n\t\t\t\t<\/div>\n\t\t<div data-particle_enable=\"false\" data-particle-mobile-disabled=\"false\" class=\"elementor-element elementor-element-e78f2d1 e-con-full e-flex e-con e-child\" data-id=\"e78f2d1\" data-element_type=\"container\" data-e-type=\"container\" data-settings=\"{&quot;background_background&quot;:&quot;classic&quot;}\">\n\t\t<div data-particle_enable=\"false\" data-particle-mobile-disabled=\"false\" class=\"elementor-element elementor-element-578a647 e-con-full e-flex e-con e-child\" data-id=\"578a647\" data-element_type=\"container\" data-e-type=\"container\">\n\t\t\t\t<div class=\"elementor-element elementor-element-b094c80 elementor-widget__width-initial elementor-widget elementor-widget-heading\" data-id=\"b094c80\" data-element_type=\"widget\" data-e-type=\"widget\" data-widget_type=\"heading.default\">\n\t\t\t\t<div class=\"elementor-widget-container\">\n\t\t\t\t\t<h2 class=\"elementor-heading-title elementor-size-default\">Kohalikud partnerid<\/h2>\t\t\t\t<\/div>\n\t\t\t\t<\/div>\n\t\t\t\t<div class=\"elementor-element elementor-element-28610d9 elementor-widget__width-initial elementor-widget elementor-widget-text-editor\" data-id=\"28610d9\" data-element_type=\"widget\" data-e-type=\"widget\" data-widget_type=\"text-editor.default\">\n\t\t\t\t<div class=\"elementor-widget-container\">\n\t\t\t\t\t\t\t\t\t<p>Nimi Olympic ei ole lihtsalt juhus. See on s\u00f5numiga s\u00fcmbol. Seet\u00f5ttu on Olympic Casino teinud koost\u00f6\u00f6d ol\u00fcmpiaf\u00f6deratsiooniga, et toetada kohalikke sportlasi ja staare. Lisaks oleme uhkusega koost\u00f6\u00f6partneriks kohalikule rannajalgpalliklubile N\u00f5mme BSC OlyBet.<\/p>\n\t\t\t\t\t\t\t\t<\/div>\n\t\t\t\t<\/div>\n\t\t\t\t<\/div>\n\t\t\t\t<\/div>\n\t\t\t\t<\/div>\n\t\t\t\t<\/div>\n\t\t","protected":false},"excerpt":{"rendered":"<p>Partnerlused. Globaalsed partnerid OlyBet spordibaari kohalolek ulatub \u00fcle piiride, kuna meie organisatsioon on teinud koost\u00f6\u00f6d mitme spordimaailma silmapaistva nimega. Jalgpallis oleme uhkusega partneriks La Liga klubidele Real Betis ja Girona FC. Teeme koost\u00f6\u00f6d ka snuukri juhtiva professionaalse s\u00fcndmustesarja WST-ga. Kohalikud partnerid Nimi Olympic ei ole lihtsalt juhus. See on s\u00f5numiga s\u00fcmbol. Seet\u00f5ttu on Olympic Casino [&hellip;]<\/p>\n","protected":false},"author":2,"featured_media":0,"parent":0,"menu_order":0,"comment_status":"closed","ping_status":"closed","template":"","meta":{"_acf_changed":false,"footnotes":""},"class_list":["post-891","page","type-page","status-publish","hentry"],"yoast_head":"<!-- This site is optimized with the Yoast SEO plugin v27.5 - https:\/\/yoast.com\/product\/yoast-seo-wordpress\/ -->\n<title>Tutvu OlyBet spordibaari partneritega Eestis<\/title>\n<meta name=\"description\" content=\"Avasta OlyBet spordibaari partnerid Eestis! Teeme koost\u00f6\u00f6d parimatega, et tuua Sinuni erakordne spordibaari kogemus.\" \/>\n<meta name=\"robots\" content=\"index, follow, max-snippet:-1, max-image-preview:large, max-video-preview:-1\" \/>\n<link rel=\"canonical\" href=\"https:\/\/olybetsportsbar.com\/ee\/partnerlused\/\" \/>\n<meta property=\"og:locale\" content=\"et_EE\" \/>\n<meta property=\"og:type\" content=\"article\" \/>\n<meta property=\"og:title\" content=\"Tutvu OlyBet spordibaari partneritega Eestis\" \/>\n<meta property=\"og:description\" content=\"Avasta OlyBet spordibaari partnerid Eestis! Teeme koost\u00f6\u00f6d parimatega, et tuua Sinuni erakordne spordibaari kogemus.\" \/>\n<meta property=\"og:url\" content=\"https:\/\/olybetsportsbar.com\/ee\/partnerlused\/\" \/>\n<meta property=\"og:site_name\" content=\"OlyBet Sportsbar Eesti\" \/>\n<meta property=\"article:modified_time\" content=\"2025-12-02T07:40:49+00:00\" \/>\n<meta property=\"og:image\" content=\"https:\/\/olybetsportsbar.com\/ee\/wp-content\/uploads\/sites\/2\/elementor\/thumbs\/Real-Betis-partnership-1-2-qo3noh5kno9a6gd4gm033grfndbi0hc7z4x1vae05c.png\" \/>\n<meta name=\"twitter:card\" content=\"summary_large_image\" \/>\n<script type=\"application\/ld+json\" class=\"yoast-schema-graph\">{\"@context\":\"https:\\\/\\\/schema.org\",\"@graph\":[{\"@type\":\"WebPage\",\"@id\":\"https:\\\/\\\/olybetsportsbar.com\\\/ee\\\/partnerlused\\\/\",\"url\":\"https:\\\/\\\/olybetsportsbar.com\\\/ee\\\/partnerlused\\\/\",\"name\":\"Tutvu OlyBet spordibaari partneritega Eestis\",\"isPartOf\":{\"@id\":\"https:\\\/\\\/olybetsportsbar.com\\\/ee\\\/#website\"},\"primaryImageOfPage\":{\"@id\":\"https:\\\/\\\/olybetsportsbar.com\\\/ee\\\/partnerlused\\\/#primaryimage\"},\"image\":{\"@id\":\"https:\\\/\\\/olybetsportsbar.com\\\/ee\\\/partnerlused\\\/#primaryimage\"},\"thumbnailUrl\":\"https:\\\/\\\/olybetsportsbar.com\\\/ee\\\/wp-content\\\/uploads\\\/sites\\\/2\\\/elementor\\\/thumbs\\\/Real-Betis-partnership-1-2-qo3noh5kno9a6gd4gm033grfndbi0hc7z4x1vae05c.png\",\"datePublished\":\"2024-05-13T09:51:11+00:00\",\"dateModified\":\"2025-12-02T07:40:49+00:00\",\"description\":\"Avasta OlyBet spordibaari partnerid Eestis! Teeme koost\u00f6\u00f6d parimatega, et tuua Sinuni erakordne spordibaari kogemus.\",\"breadcrumb\":{\"@id\":\"https:\\\/\\\/olybetsportsbar.com\\\/ee\\\/partnerlused\\\/#breadcrumb\"},\"inLanguage\":\"et\",\"potentialAction\":[{\"@type\":\"ReadAction\",\"target\":[\"https:\\\/\\\/olybetsportsbar.com\\\/ee\\\/partnerlused\\\/\"]}]},{\"@type\":\"ImageObject\",\"inLanguage\":\"et\",\"@id\":\"https:\\\/\\\/olybetsportsbar.com\\\/ee\\\/partnerlused\\\/#primaryimage\",\"url\":\"https:\\\/\\\/olybetsportsbar.com\\\/ee\\\/wp-content\\\/uploads\\\/sites\\\/2\\\/elementor\\\/thumbs\\\/Real-Betis-partnership-1-2-qo3noh5kno9a6gd4gm033grfndbi0hc7z4x1vae05c.png\",\"contentUrl\":\"https:\\\/\\\/olybetsportsbar.com\\\/ee\\\/wp-content\\\/uploads\\\/sites\\\/2\\\/elementor\\\/thumbs\\\/Real-Betis-partnership-1-2-qo3noh5kno9a6gd4gm033grfndbi0hc7z4x1vae05c.png\"},{\"@type\":\"BreadcrumbList\",\"@id\":\"https:\\\/\\\/olybetsportsbar.com\\\/ee\\\/partnerlused\\\/#breadcrumb\",\"itemListElement\":[{\"@type\":\"ListItem\",\"position\":1,\"name\":\"Home\",\"item\":\"https:\\\/\\\/olybetsportsbar.com\\\/ee\\\/\"},{\"@type\":\"ListItem\",\"position\":2,\"name\":\"Partnerlused\"}]},{\"@type\":\"WebSite\",\"@id\":\"https:\\\/\\\/olybetsportsbar.com\\\/ee\\\/#website\",\"url\":\"https:\\\/\\\/olybetsportsbar.com\\\/ee\\\/\",\"name\":\"OlyBet Sportsbar Eesti\",\"description\":\"\",\"publisher\":{\"@id\":\"https:\\\/\\\/olybetsportsbar.com\\\/ee\\\/#organization\"},\"potentialAction\":[{\"@type\":\"SearchAction\",\"target\":{\"@type\":\"EntryPoint\",\"urlTemplate\":\"https:\\\/\\\/olybetsportsbar.com\\\/ee\\\/?s={search_term_string}\"},\"query-input\":{\"@type\":\"PropertyValueSpecification\",\"valueRequired\":true,\"valueName\":\"search_term_string\"}}],\"inLanguage\":\"et\"},{\"@type\":\"Organization\",\"@id\":\"https:\\\/\\\/olybetsportsbar.com\\\/ee\\\/#organization\",\"name\":\"OlyBet Sportsbar Eesti\",\"url\":\"https:\\\/\\\/olybetsportsbar.com\\\/ee\\\/\",\"logo\":{\"@type\":\"ImageObject\",\"inLanguage\":\"et\",\"@id\":\"https:\\\/\\\/olybetsportsbar.com\\\/ee\\\/#\\\/schema\\\/logo\\\/image\\\/\",\"url\":\"https:\\\/\\\/olybetsportsbar.com\\\/ee\\\/wp-content\\\/uploads\\\/sites\\\/2\\\/2024\\\/05\\\/hero-header-logo.png\",\"contentUrl\":\"https:\\\/\\\/olybetsportsbar.com\\\/ee\\\/wp-content\\\/uploads\\\/sites\\\/2\\\/2024\\\/05\\\/hero-header-logo.png\",\"width\":728,\"height\":317,\"caption\":\"OlyBet Sportsbar Eesti\"},\"image\":{\"@id\":\"https:\\\/\\\/olybetsportsbar.com\\\/ee\\\/#\\\/schema\\\/logo\\\/image\\\/\"}}]}<\/script>\n<!-- \/ Yoast SEO plugin. -->","yoast_head_json":{"title":"Tutvu OlyBet spordibaari partneritega Eestis","description":"Avasta OlyBet spordibaari partnerid Eestis! Teeme koost\u00f6\u00f6d parimatega, et tuua Sinuni erakordne spordibaari kogemus.","robots":{"index":"index","follow":"follow","max-snippet":"max-snippet:-1","max-image-preview":"max-image-preview:large","max-video-preview":"max-video-preview:-1"},"canonical":"https:\/\/olybetsportsbar.com\/ee\/partnerlused\/","og_locale":"et_EE","og_type":"article","og_title":"Tutvu OlyBet spordibaari partneritega Eestis","og_description":"Avasta OlyBet spordibaari partnerid Eestis! Teeme koost\u00f6\u00f6d parimatega, et tuua Sinuni erakordne spordibaari kogemus.","og_url":"https:\/\/olybetsportsbar.com\/ee\/partnerlused\/","og_site_name":"OlyBet Sportsbar Eesti","article_modified_time":"2025-12-02T07:40:49+00:00","og_image":[{"url":"https:\/\/olybetsportsbar.com\/ee\/wp-content\/uploads\/sites\/2\/elementor\/thumbs\/Real-Betis-partnership-1-2-qo3noh5kno9a6gd4gm033grfndbi0hc7z4x1vae05c.png","type":"","width":"","height":""}],"twitter_card":"summary_large_image","schema":{"@context":"https:\/\/schema.org","@graph":[{"@type":"WebPage","@id":"https:\/\/olybetsportsbar.com\/ee\/partnerlused\/","url":"https:\/\/olybetsportsbar.com\/ee\/partnerlused\/","name":"Tutvu OlyBet spordibaari partneritega Eestis","isPartOf":{"@id":"https:\/\/olybetsportsbar.com\/ee\/#website"},"primaryImageOfPage":{"@id":"https:\/\/olybetsportsbar.com\/ee\/partnerlused\/#primaryimage"},"image":{"@id":"https:\/\/olybetsportsbar.com\/ee\/partnerlused\/#primaryimage"},"thumbnailUrl":"https:\/\/olybetsportsbar.com\/ee\/wp-content\/uploads\/sites\/2\/elementor\/thumbs\/Real-Betis-partnership-1-2-qo3noh5kno9a6gd4gm033grfndbi0hc7z4x1vae05c.png","datePublished":"2024-05-13T09:51:11+00:00","dateModified":"2025-12-02T07:40:49+00:00","description":"Avasta OlyBet spordibaari partnerid Eestis! Teeme koost\u00f6\u00f6d parimatega, et tuua Sinuni erakordne spordibaari kogemus.","breadcrumb":{"@id":"https:\/\/olybetsportsbar.com\/ee\/partnerlused\/#breadcrumb"},"inLanguage":"et","potentialAction":[{"@type":"ReadAction","target":["https:\/\/olybetsportsbar.com\/ee\/partnerlused\/"]}]},{"@type":"ImageObject","inLanguage":"et","@id":"https:\/\/olybetsportsbar.com\/ee\/partnerlused\/#primaryimage","url":"https:\/\/olybetsportsbar.com\/ee\/wp-content\/uploads\/sites\/2\/elementor\/thumbs\/Real-Betis-partnership-1-2-qo3noh5kno9a6gd4gm033grfndbi0hc7z4x1vae05c.png","contentUrl":"https:\/\/olybetsportsbar.com\/ee\/wp-content\/uploads\/sites\/2\/elementor\/thumbs\/Real-Betis-partnership-1-2-qo3noh5kno9a6gd4gm033grfndbi0hc7z4x1vae05c.png"},{"@type":"BreadcrumbList","@id":"https:\/\/olybetsportsbar.com\/ee\/partnerlused\/#breadcrumb","itemListElement":[{"@type":"ListItem","position":1,"name":"Home","item":"https:\/\/olybetsportsbar.com\/ee\/"},{"@type":"ListItem","position":2,"name":"Partnerlused"}]},{"@type":"WebSite","@id":"https:\/\/olybetsportsbar.com\/ee\/#website","url":"https:\/\/olybetsportsbar.com\/ee\/","name":"OlyBet Sportsbar Eesti","description":"","publisher":{"@id":"https:\/\/olybetsportsbar.com\/ee\/#organization"},"potentialAction":[{"@type":"SearchAction","target":{"@type":"EntryPoint","urlTemplate":"https:\/\/olybetsportsbar.com\/ee\/?s={search_term_string}"},"query-input":{"@type":"PropertyValueSpecification","valueRequired":true,"valueName":"search_term_string"}}],"inLanguage":"et"},{"@type":"Organization","@id":"https:\/\/olybetsportsbar.com\/ee\/#organization","name":"OlyBet Sportsbar Eesti","url":"https:\/\/olybetsportsbar.com\/ee\/","logo":{"@type":"ImageObject","inLanguage":"et","@id":"https:\/\/olybetsportsbar.com\/ee\/#\/schema\/logo\/image\/","url":"https:\/\/olybetsportsbar.com\/ee\/wp-content\/uploads\/sites\/2\/2024\/05\/hero-header-logo.png","contentUrl":"https:\/\/olybetsportsbar.com\/ee\/wp-content\/uploads\/sites\/2\/2024\/05\/hero-header-logo.png","width":728,"height":317,"caption":"OlyBet Sportsbar Eesti"},"image":{"@id":"https:\/\/olybetsportsbar.com\/ee\/#\/schema\/logo\/image\/"}}]}},"acf":[],"publishpress_future_action":{"enabled":false,"date":"2026-05-15 05:07:41","action":"change-status","newStatus":"draft","terms":[],"taxonomy":"translation_priority","extraData":[]},"publishpress_future_workflow_manual_trigger":{"enabledWorkflows":[]},"_links":{"self":[{"href":"https:\/\/olybetsportsbar.com\/ee\/wp-json\/wp\/v2\/pages\/891","targetHints":{"allow":["GET"]}}],"collection":[{"href":"https:\/\/olybetsportsbar.com\/ee\/wp-json\/wp\/v2\/pages"}],"about":[{"href":"https:\/\/olybetsportsbar.com\/ee\/wp-json\/wp\/v2\/types\/page"}],"author":[{"embeddable":true,"href":"https:\/\/olybetsportsbar.com\/ee\/wp-json\/wp\/v2\/users\/2"}],"replies":[{"embeddable":true,"href":"https:\/\/olybetsportsbar.com\/ee\/wp-json\/wp\/v2\/comments?post=891"}],"version-history":[{"count":9,"href":"https:\/\/olybetsportsbar.com\/ee\/wp-json\/wp\/v2\/pages\/891\/revisions"}],"predecessor-version":[{"id":3362,"href":"https:\/\/olybetsportsbar.com\/ee\/wp-json\/wp\/v2\/pages\/891\/revisions\/3362"}],"wp:attachment":[{"href":"https:\/\/olybetsportsbar.com\/ee\/wp-json\/wp\/v2\/media?parent=891"}],"curies":[{"name":"wp","href":"https:\/\/api.w.org\/{rel}","templated":true}]}}