{"id":904,"date":"2024-05-13T12:43:06","date_gmt":"2024-05-13T09:43:06","guid":{"rendered":"https:\/\/olybetsportsbar.com\/ee\/asukohad\/"},"modified":"2025-06-25T16:32:27","modified_gmt":"2025-06-25T13:32:27","slug":"spordibaarid","status":"publish","type":"page","link":"https:\/\/olybetsportsbar.com\/ee\/spordibaarid\/","title":{"rendered":"Spordibaarid"},"content":{"rendered":"\t\t<div data-elementor-type=\"wp-page\" data-elementor-id=\"904\" class=\"elementor elementor-904 elementor-264\" data-elementor-post-type=\"page\">\n\t\t\t\t<div data-particle_enable=\"false\" data-particle-mobile-disabled=\"false\" class=\"elementor-element elementor-element-80b5fba e-flex e-con-boxed e-con e-parent\" data-id=\"80b5fba\" data-element_type=\"container\" data-e-type=\"container\" data-settings=\"{&quot;background_background&quot;:&quot;classic&quot;}\">\n\t\t\t\t\t<div class=\"e-con-inner\">\n\t\t\t\t<div class=\"elementor-element elementor-element-2483240 elementor-widget elementor-widget-heading\" data-id=\"2483240\" data-element_type=\"widget\" data-e-type=\"widget\" data-widget_type=\"heading.default\">\n\t\t\t\t<div class=\"elementor-widget-container\">\n\t\t\t\t\t<h2 class=\"elementor-heading-title elementor-size-default\">Spordibaarid.<\/h2>\t\t\t\t<\/div>\n\t\t\t\t<\/div>\n\t\t\t\t\t<\/div>\n\t\t\t\t<\/div>\n\t\t<div data-particle_enable=\"false\" data-particle-mobile-disabled=\"false\" class=\"elementor-element elementor-element-267c607 e-con-full e-flex e-con e-parent\" data-id=\"267c607\" data-element_type=\"container\" data-e-type=\"container\" data-settings=\"{&quot;background_background&quot;:&quot;classic&quot;}\">\n\t\t\t\t<div class=\"elementor-element elementor-element-6301f7c elementor-widget elementor-widget-html\" data-id=\"6301f7c\" data-element_type=\"widget\" data-e-type=\"widget\" data-widget_type=\"html.default\">\n\t\t\t\t<div class=\"elementor-widget-container\">\n\t\t\t\t\t<div id=\"container-where-to-build\"><\/div><br><script type=\"text\/javascript\">\r\n\t\tconst props = {\r\n\t\t\thostname: \"olybet.ee\",\r\n\t\t\tlocale: \"et\",\r\n\t\t\tdata: {\r\n\t\t\t    google_api_key: 'AIzaSyBDp2U-N81lB_sNLnRiWNwqczxEgyJMEGM'\r\n\t\t\t    \r\n\t\t\t}\r\n\t\t};\r\n \r\n\t\tfunction loadScript(url, callback) {\r\n\t\t\tvar script = document.createElement(\"script\");\r\n\t\t\tscript.type = \"text\/javascript\";\r\n \r\n\t\t\tif (script.readyState) { \/\/ IE\r\n\t\t\t\tscript.onreadystatechange = function () {\r\n\t\t\t\t\tif (script.readyState === \"loaded\" || script.readyState === \"complete\") {\r\n\t\t\t\t\t\tscript.onreadystatechange = null;\r\n\t\t\t\t\t\tcallback();\r\n\t\t\t\t\t}\r\n\t\t\t\t};\r\n\t\t\t} else {\r\n\t\t\t\tscript.onload = function () {\r\n\t\t\t\t\tcallback();\r\n\t\t\t\t};\r\n\t\t\t}\r\n \r\n\t\t\tscript.src = url;\r\n\t\t\tdocument.getElementsByTagName(\"head\")[0].appendChild(script);\r\n\t\t}\r\n \r\n\t\tasync function init() {\r\n\t\t\ttry {\r\n\t\t\t\tconst mfModule = await window.content_assets.get('.\/shops');\r\n\t\t\t\tconst {default: renderMfe} = mfModule();\r\n\t\t\t\trenderMfe(document.getElementById('container-where-to-build'), props);\r\n\t\t\t} catch (e) {\r\n\t\t\t\tthrow e;\r\n\t\t\t}\r\n\t\t}\r\n \r\n\t\tloadScript(\"https:\/\/content-assets.olybet.dev\/remoteEntry.js\", async function () {\r\n\t\t\tawait init();\r\n\t\t});\r\n<\/script>\t\t\t\t<\/div>\n\t\t\t\t<\/div>\n\t\t\t\t<\/div>\n\t\t\t\t<\/div>\n\t\t","protected":false},"excerpt":{"rendered":"<p>Spordibaarid.<\/p>\n","protected":false},"author":2,"featured_media":0,"parent":0,"menu_order":0,"comment_status":"closed","ping_status":"closed","template":"","meta":{"_acf_changed":false,"footnotes":""},"class_list":["post-904","page","type-page","status-publish","hentry"],"yoast_head":"<!-- This site is optimized with the Yoast SEO plugin v27.3 - https:\/\/yoast.com\/product\/yoast-seo-wordpress\/ -->\n<title>L\u00e4him OlyBet spordibaar<\/title>\n<meta name=\"description\" content=\"Leia l\u00e4him OlyBet spordibaar! Naudi sporti, toitu ja jooke l\u00f5busas atmosf\u00e4\u00e4ris Sinu l\u00e4hedal. Avasta k\u00f5ik meie asukohad.\" \/>\n<meta name=\"robots\" content=\"index, follow, max-snippet:-1, max-image-preview:large, max-video-preview:-1\" \/>\n<link rel=\"canonical\" href=\"https:\/\/olybetsportsbar.com\/ee\/spordibaarid\/\" \/>\n<meta property=\"og:locale\" content=\"et_EE\" \/>\n<meta property=\"og:type\" content=\"article\" \/>\n<meta property=\"og:title\" content=\"L\u00e4him OlyBet spordibaar\" \/>\n<meta property=\"og:description\" content=\"Leia l\u00e4him OlyBet spordibaar! Naudi sporti, toitu ja jooke l\u00f5busas atmosf\u00e4\u00e4ris Sinu l\u00e4hedal. Avasta k\u00f5ik meie asukohad.\" \/>\n<meta property=\"og:url\" content=\"https:\/\/olybetsportsbar.com\/ee\/spordibaarid\/\" \/>\n<meta property=\"og:site_name\" content=\"OlyBet Sportsbar Eesti\" \/>\n<meta property=\"article:modified_time\" content=\"2025-06-25T13:32:27+00:00\" \/>\n<meta name=\"twitter:card\" content=\"summary_large_image\" \/>\n<script type=\"application\/ld+json\" class=\"yoast-schema-graph\">{\"@context\":\"https:\\\/\\\/schema.org\",\"@graph\":[{\"@type\":\"WebPage\",\"@id\":\"https:\\\/\\\/olybetsportsbar.com\\\/ee\\\/spordibaarid\\\/\",\"url\":\"https:\\\/\\\/olybetsportsbar.com\\\/ee\\\/spordibaarid\\\/\",\"name\":\"L\u00e4him OlyBet spordibaar\",\"isPartOf\":{\"@id\":\"https:\\\/\\\/olybetsportsbar.com\\\/ee\\\/#website\"},\"datePublished\":\"2024-05-13T09:43:06+00:00\",\"dateModified\":\"2025-06-25T13:32:27+00:00\",\"description\":\"Leia l\u00e4him OlyBet spordibaar! Naudi sporti, toitu ja jooke l\u00f5busas atmosf\u00e4\u00e4ris Sinu l\u00e4hedal. Avasta k\u00f5ik meie asukohad.\",\"breadcrumb\":{\"@id\":\"https:\\\/\\\/olybetsportsbar.com\\\/ee\\\/spordibaarid\\\/#breadcrumb\"},\"inLanguage\":\"et\",\"potentialAction\":[{\"@type\":\"ReadAction\",\"target\":[\"https:\\\/\\\/olybetsportsbar.com\\\/ee\\\/spordibaarid\\\/\"]}]},{\"@type\":\"BreadcrumbList\",\"@id\":\"https:\\\/\\\/olybetsportsbar.com\\\/ee\\\/spordibaarid\\\/#breadcrumb\",\"itemListElement\":[{\"@type\":\"ListItem\",\"position\":1,\"name\":\"Home\",\"item\":\"https:\\\/\\\/olybetsportsbar.com\\\/ee\\\/\"},{\"@type\":\"ListItem\",\"position\":2,\"name\":\"Spordibaarid\"}]},{\"@type\":\"WebSite\",\"@id\":\"https:\\\/\\\/olybetsportsbar.com\\\/ee\\\/#website\",\"url\":\"https:\\\/\\\/olybetsportsbar.com\\\/ee\\\/\",\"name\":\"OlyBet Sportsbar Eesti\",\"description\":\"\",\"publisher\":{\"@id\":\"https:\\\/\\\/olybetsportsbar.com\\\/ee\\\/#organization\"},\"potentialAction\":[{\"@type\":\"SearchAction\",\"target\":{\"@type\":\"EntryPoint\",\"urlTemplate\":\"https:\\\/\\\/olybetsportsbar.com\\\/ee\\\/?s={search_term_string}\"},\"query-input\":{\"@type\":\"PropertyValueSpecification\",\"valueRequired\":true,\"valueName\":\"search_term_string\"}}],\"inLanguage\":\"et\"},{\"@type\":\"Organization\",\"@id\":\"https:\\\/\\\/olybetsportsbar.com\\\/ee\\\/#organization\",\"name\":\"OlyBet Sportsbar Eesti\",\"url\":\"https:\\\/\\\/olybetsportsbar.com\\\/ee\\\/\",\"logo\":{\"@type\":\"ImageObject\",\"inLanguage\":\"et\",\"@id\":\"https:\\\/\\\/olybetsportsbar.com\\\/ee\\\/#\\\/schema\\\/logo\\\/image\\\/\",\"url\":\"https:\\\/\\\/olybetsportsbar.com\\\/ee\\\/wp-content\\\/uploads\\\/sites\\\/2\\\/2024\\\/05\\\/hero-header-logo.png\",\"contentUrl\":\"https:\\\/\\\/olybetsportsbar.com\\\/ee\\\/wp-content\\\/uploads\\\/sites\\\/2\\\/2024\\\/05\\\/hero-header-logo.png\",\"width\":728,\"height\":317,\"caption\":\"OlyBet Sportsbar Eesti\"},\"image\":{\"@id\":\"https:\\\/\\\/olybetsportsbar.com\\\/ee\\\/#\\\/schema\\\/logo\\\/image\\\/\"}}]}<\/script>\n<!-- \/ Yoast SEO plugin. -->","yoast_head_json":{"title":"L\u00e4him OlyBet spordibaar","description":"Leia l\u00e4him OlyBet spordibaar! Naudi sporti, toitu ja jooke l\u00f5busas atmosf\u00e4\u00e4ris Sinu l\u00e4hedal. Avasta k\u00f5ik meie asukohad.","robots":{"index":"index","follow":"follow","max-snippet":"max-snippet:-1","max-image-preview":"max-image-preview:large","max-video-preview":"max-video-preview:-1"},"canonical":"https:\/\/olybetsportsbar.com\/ee\/spordibaarid\/","og_locale":"et_EE","og_type":"article","og_title":"L\u00e4him OlyBet spordibaar","og_description":"Leia l\u00e4him OlyBet spordibaar! Naudi sporti, toitu ja jooke l\u00f5busas atmosf\u00e4\u00e4ris Sinu l\u00e4hedal. Avasta k\u00f5ik meie asukohad.","og_url":"https:\/\/olybetsportsbar.com\/ee\/spordibaarid\/","og_site_name":"OlyBet Sportsbar Eesti","article_modified_time":"2025-06-25T13:32:27+00:00","twitter_card":"summary_large_image","schema":{"@context":"https:\/\/schema.org","@graph":[{"@type":"WebPage","@id":"https:\/\/olybetsportsbar.com\/ee\/spordibaarid\/","url":"https:\/\/olybetsportsbar.com\/ee\/spordibaarid\/","name":"L\u00e4him OlyBet spordibaar","isPartOf":{"@id":"https:\/\/olybetsportsbar.com\/ee\/#website"},"datePublished":"2024-05-13T09:43:06+00:00","dateModified":"2025-06-25T13:32:27+00:00","description":"Leia l\u00e4him OlyBet spordibaar! Naudi sporti, toitu ja jooke l\u00f5busas atmosf\u00e4\u00e4ris Sinu l\u00e4hedal. Avasta k\u00f5ik meie asukohad.","breadcrumb":{"@id":"https:\/\/olybetsportsbar.com\/ee\/spordibaarid\/#breadcrumb"},"inLanguage":"et","potentialAction":[{"@type":"ReadAction","target":["https:\/\/olybetsportsbar.com\/ee\/spordibaarid\/"]}]},{"@type":"BreadcrumbList","@id":"https:\/\/olybetsportsbar.com\/ee\/spordibaarid\/#breadcrumb","itemListElement":[{"@type":"ListItem","position":1,"name":"Home","item":"https:\/\/olybetsportsbar.com\/ee\/"},{"@type":"ListItem","position":2,"name":"Spordibaarid"}]},{"@type":"WebSite","@id":"https:\/\/olybetsportsbar.com\/ee\/#website","url":"https:\/\/olybetsportsbar.com\/ee\/","name":"OlyBet Sportsbar Eesti","description":"","publisher":{"@id":"https:\/\/olybetsportsbar.com\/ee\/#organization"},"potentialAction":[{"@type":"SearchAction","target":{"@type":"EntryPoint","urlTemplate":"https:\/\/olybetsportsbar.com\/ee\/?s={search_term_string}"},"query-input":{"@type":"PropertyValueSpecification","valueRequired":true,"valueName":"search_term_string"}}],"inLanguage":"et"},{"@type":"Organization","@id":"https:\/\/olybetsportsbar.com\/ee\/#organization","name":"OlyBet Sportsbar Eesti","url":"https:\/\/olybetsportsbar.com\/ee\/","logo":{"@type":"ImageObject","inLanguage":"et","@id":"https:\/\/olybetsportsbar.com\/ee\/#\/schema\/logo\/image\/","url":"https:\/\/olybetsportsbar.com\/ee\/wp-content\/uploads\/sites\/2\/2024\/05\/hero-header-logo.png","contentUrl":"https:\/\/olybetsportsbar.com\/ee\/wp-content\/uploads\/sites\/2\/2024\/05\/hero-header-logo.png","width":728,"height":317,"caption":"OlyBet Sportsbar Eesti"},"image":{"@id":"https:\/\/olybetsportsbar.com\/ee\/#\/schema\/logo\/image\/"}}]}},"acf":[],"publishpress_future_action":{"enabled":false,"date":"2026-04-15 20:43:58","action":"change-status","newStatus":"draft","terms":[],"taxonomy":"translation_priority","extraData":[]},"publishpress_future_workflow_manual_trigger":{"enabledWorkflows":[]},"_links":{"self":[{"href":"https:\/\/olybetsportsbar.com\/ee\/wp-json\/wp\/v2\/pages\/904","targetHints":{"allow":["GET"]}}],"collection":[{"href":"https:\/\/olybetsportsbar.com\/ee\/wp-json\/wp\/v2\/pages"}],"about":[{"href":"https:\/\/olybetsportsbar.com\/ee\/wp-json\/wp\/v2\/types\/page"}],"author":[{"embeddable":true,"href":"https:\/\/olybetsportsbar.com\/ee\/wp-json\/wp\/v2\/users\/2"}],"replies":[{"embeddable":true,"href":"https:\/\/olybetsportsbar.com\/ee\/wp-json\/wp\/v2\/comments?post=904"}],"version-history":[{"count":4,"href":"https:\/\/olybetsportsbar.com\/ee\/wp-json\/wp\/v2\/pages\/904\/revisions"}],"predecessor-version":[{"id":3272,"href":"https:\/\/olybetsportsbar.com\/ee\/wp-json\/wp\/v2\/pages\/904\/revisions\/3272"}],"wp:attachment":[{"href":"https:\/\/olybetsportsbar.com\/ee\/wp-json\/wp\/v2\/media?parent=904"}],"curies":[{"name":"wp","href":"https:\/\/api.w.org\/{rel}","templated":true}]}}