{"id":225,"date":"2024-12-18T12:41:15","date_gmt":"2024-12-18T12:41:15","guid":{"rendered":"https:\/\/olybetsportsbar.com\/reeglid-ja-tingimused\/"},"modified":"2026-01-07T12:39:44","modified_gmt":"2026-01-07T12:39:44","slug":"app-reeglid-ja-tingimused","status":"publish","type":"page","link":"https:\/\/olybetsportsbar.com\/et\/app-reeglid-ja-tingimused\/","title":{"rendered":"Terms and Conditions"},"content":{"rendered":"\t\t<div data-elementor-type=\"wp-page\" data-elementor-id=\"225\" class=\"elementor elementor-225 elementor-216\" data-elementor-post-type=\"page\">\n\t\t\t\t<div data-particle_enable=\"false\" data-particle-mobile-disabled=\"false\" class=\"elementor-element elementor-element-b8a9a9d e-con-full e-flex e-con e-parent\" data-id=\"b8a9a9d\" data-element_type=\"container\" data-e-type=\"container\" data-settings=\"{&quot;background_background&quot;:&quot;classic&quot;}\">\n\t\t<div data-particle_enable=\"false\" data-particle-mobile-disabled=\"false\" class=\"elementor-element elementor-element-4bea4da e-con-full e-flex e-con e-child\" data-id=\"4bea4da\" data-element_type=\"container\" data-e-type=\"container\">\n\t\t\t\t<div class=\"elementor-element elementor-element-aa810eb elementor-widget elementor-widget-heading\" data-id=\"aa810eb\" data-element_type=\"widget\" data-e-type=\"widget\" data-widget_type=\"heading.default\">\n\t\t\t\t<div class=\"elementor-widget-container\">\n\t\t\t\t\t<h2 class=\"elementor-heading-title elementor-size-default\">Tingimused<\/h2>\t\t\t\t<\/div>\n\t\t\t\t<\/div>\n\t\t\t\t<div class=\"elementor-element elementor-element-2cd2ed9 elementor-widget elementor-widget-text-editor\" data-id=\"2cd2ed9\" data-element_type=\"widget\" data-e-type=\"widget\" data-widget_type=\"text-editor.default\">\n\t\t\t\t<div class=\"elementor-widget-container\">\n\t\t\t\t\t\t\t\t\t<p><strong>1. Sissejuhatus<\/strong><br \/>Tere tulemast spordibaari rakendusse (\u201crakendus\u201d)<\/p>\n<p>Rakendust haldavad \u00fchiselt:<\/p>\n<p>\u2022 <strong>Kungla Investeeringu Osa\u00fching<\/strong>, Eesti \u00e4ri\u00fching registrikoodiga 10103126, asukohaga Pronksi 19, 10124 Tallinn, Eesti<br \/>\u2022 <strong>Ahti SIA<\/strong>, L\u00e4ti \u00e4ri\u00fching registrikoodiga 40003420708, kontoriga R\u0113zeknes iela 5E, R\u012bga, LV-1073, L\u00e4ti; ja<br \/>\u2022 <strong>Mecom Grupp UAB<\/strong>, Leedu ettev\u00f5te registrikoodiga 111733421, kontoriga Konstitucijos pr. 12, Vilnius, Leedu;<\/p>\n<p>(edaspidi &#8220;meie&#8221;, &#8220;meie&#8221; v\u00f5i &#8220;meie&#8221; v\u00f5i &#8220;ettev\u00f5te&#8221;). Need n\u00f5uded ja tingimused reguleerivad teie juurdep\u00e4\u00e4su rakendusele ja selle kasutamist, sealhulgas rakenduses v\u00f5i rakenduse kaudu pakutavale sisule, funktsioonidele ja teenustele. Rakendust kasutades n\u00f5ustute j\u00e4rgima neid n\u00f5udeid ja tingimusi. Lugege ka meie privaatsusteatist, et m\u00f5ista, kuidas teie isikuandmeid rakenduse kasutamisel t\u00f6\u00f6deldakse.<\/p>\n<p>Ettev\u00f5te, kellega te k\u00e4esolevate tingimuste alusel lepingu s\u00f5lmite, s\u00f5ltub rakenduses kasutajakonto registreerimisel riigist, kus te elate:<\/p>\n<p>\u2022 Eesti elanikud \u2013 Kungla Investeeringu Osa\u00fching<br \/>\u2022 L\u00e4ti elanikud \u2013 AHTI SIA<br \/>\u2022 Leedu elanikud \u2013 Mecom Grupp UAB<\/p>\n<p>Kui te p\u00e4rast registreerimist nende tingimustega ei n\u00f5ustu, \u00e4rge kasutage rakendust. Teie rakenduse kasutamist loetakse k\u00e4esolevate tingimustega n\u00f5ustumiseks.<\/p>\n<p><strong>2. Rakenduse eesm\u00e4rk<\/strong><br \/>Spordibaari rakendus on loodud selleks, et anda kasutajatele teavet j\u00e4rgneva osas:<br \/>\u2022 spordibaari \u00fcritused<br \/>\u2022 Pakkumised ja tutvustused<br \/>\u2022 Isiklik sooduskood<br \/>\u2022 Spordibaari asukohad Baltikumis (kasutaja eelistatud asukoha alusel)<br \/>\u2022 Isikup\u00e4rastatud kogemused, mis p\u00f5hinevad kasutaja eelistustel<\/p>\n<p><strong>3. Kasutajakonto<\/strong><br \/>Teatud funktsioonidele juurdep\u00e4\u00e4suks peavad kasutajad looma konto. Konto loomiseks n\u00f5ustute j\u00e4rgnevaga:<br \/>\u2022 olema v\u00e4hemalt 18-aastane;<br \/>\u2022 esitama ja hoidma Rakenduses t\u00e4pset ja ajakohast teavet;<br \/>\u2022 hoidma oma sisselogimisandmed turvalisena ja konfidentsiaalsena;<br \/>\u2022 v\u00f5tma t\u00e4ieliku vastutuse k\u00f5igi oma konto all olevate tegevuste eest;<br \/>\u2022 kasutama rakendust ainult isiklikult ja ainult isiklikel eesm\u00e4rkidel.<\/p>\n<p>Te ei tohi:<br \/>\u2022 luua rohkem kui \u00fcks kasutajakonto;<br \/>\u2022 kasutage rakendust mitmes seadmes ja seadmetes, mis ei ole teie kontrolli all;<br \/>\u2022 kasutada rakendust viisil, mis kahjustaks Sports Bar kaubam\u00e4rgi mainet;<br \/>\u2022 kasutage rakendust \u00e4rilistel eesm\u00e4rkidel.<\/p>\n<p>Peate tagama, et kolmandatel isikutel ei oleks juurdep\u00e4\u00e4su teie seadmele ja rakendusele. Kui kolmas osapool logib rakendusse sisse v\u00f5i kasutab rakendust kasutaja kehtiva e-posti aadressi ja parooliga, loetakse seda rakenduse teiepoolseks kasutamiseks ja teil ei ole kahjude korral meie vastu regressi.<\/p>\n<p>V\u00f5ime viivitamatult sulgeda mis tahes kasutajakonto, mis rikub k\u00e4esolevas dokumendis esitatud tingimusi v\u00f5i tugineb meie \u00fchepoolsele \u00e4riotsusele.<\/p>\n<p><strong>4. Isikuandmete kasutamine<\/strong><br \/>Palun vaadake meie privaatsusteatist<\/p>\n<p><strong>5. Sooduskoodid ja pakkumised<\/strong><br \/>Aeg-ajalt v\u00f5ime kasutajatele pakkuda sooduskoode, soodustusi v\u00f5i eripakkumisi. Nendele soodustustele kehtivad eritingimused, sealhulgas aegumiskuup\u00e4evad ja kasutuspiirangud, mis esitatakse pakkumise ajal. Kampaaniaid ei tohi kombineerida, kui pole selges\u00f5naliselt \u00f6eldud teisiti.<\/p>\n<p><strong>6. \u00dcritused ja pakkumised<\/strong><br \/>Rakendus kuvab \u00fcritusi ja eripakkumisi, mida korraldatakse erinevates spordibaarides \u00fcle Eesti, L\u00e4ti ja Leedu. K\u00f5ik \u00fcritused ja pakkumised s\u00f5ltuvad saadavusest ja v\u00f5ivad muutuda ilma ette teatamata. Me ei vastuta \u00fchegi s\u00fcndmuse v\u00f5i pakkumise t\u00fchistamisest v\u00f5i muutmisest tulenevate kulude ega kahjude eest.<\/p>\n<p><strong>7. Vastutuse piirang<\/strong><br \/>N\u00f5ustute sellega, et rakenduse kasutamine on ainuisikuliselt teie vastutusel ja kuna rakendus on tarkvarap\u00f5hine, siis pakutakse rakendust &#8220;nagu on&#8221; ja me ei garanteeri, et rakendus on juurdep\u00e4\u00e4setav ja t\u00f6\u00f6korras 24 \/7 v\u00f5i sobilik mis tahes konkreetseks otstarbeks ning kohaldatava seadusega lubatud ulatuses, ei vastuta me kahjude eest, mis tulenevad teie rakenduse kasutamisest, sealhulgas, kuid mitte ainult, otsesed ja kaudsed kahjud ning rahalise ja mittevaralise kahju h\u00fcvitamine.<\/p>\n<p><strong>8. Intellektuaalomand<\/strong><br \/>Rakenduse allalaadimisel ja kasutamisel antakse teile piiratud, mitteeksklusiivne, kasutustasuta, \u00fclemaailmne, mitte-\u00fclekantav, mitteloovutatav, mitte all-litsentseeritav litsents rakenduse allalaadimiseks ja installimiseks oma seadmesse ning selle kasutamiseks siin loetletud eesm\u00e4rkidel. Litsentsile kehtivad k\u00f5ik siin esitatud tingimused.<\/p>\n<p>Kogu rakenduse sisu, funktsioonid ja seaded, sealhulgas tekst, graafika, logod ja pildid, kuuluvad meile ja\/v\u00f5i on meile litsentsitud ning on kaitstud intellektuaalomandi seadustega. Te ei tohi rakenduses olevat sisu ja sellest tuletatud teoseid reprodutseerida ega levitada ilma meie eelneva kirjaliku loata ja te h\u00fcvitate meile selle kohustuse rikkumise korral kahju t\u00e4ielikult.<\/p>\n<p><strong>9. Tingimuste muudatused<\/strong><br \/>V\u00f5ime neid tingimusi igal ajal \u00fchepoolselt muuta. Kui tehakse muudatusi, teavitame kasutajaid selle lehe \u00fclaosas oleva \u201eViimati v\u00e4rskendatud\u201d kuup\u00e4eva v\u00e4rskendamisega, samuti pakume rakenduses h\u00fcpikakna, kus teil palutakse n\u00f5ustuda uute tingimuste ja tingimustega. Rakenduse j\u00e4tkuvat kasutamist p\u00e4rast muudatusi v\u00f5i h\u00fcpikakent loetakse muudetud tingimustega n\u00f5ustumiseks.<\/p>\n<p><strong>10. Kohaldatav \u00f5igus ja kohtualluvus<\/strong><br \/>Vaidluste korral kohaldatakse k\u00e4esolevate Tingimuste suhtes Eesti Vabariigi \u00f5igust ning k\u00f5ik kohtuvaidlused v\u00f5i kohtumenetlused esitatakse Tallinnas asuvasse Harju Maakohtusse.<\/p>\n<p><strong>11. V\u00f5tke meiega \u00fchendust<\/strong><br \/>Kui teil on nende tingimuste kohta k\u00fcsimusi v\u00f5i muresid, v\u00f5tke meiega \u00fchendust aadressil: <a href=\"mailto:support@olybet.com\">support@olybet.com<\/a>.<\/p>\n\t\t\t\t\t\t\t\t<\/div>\n\t\t\t\t<\/div>\n\t\t\t\t<\/div>\n\t\t\t\t<\/div>\n\t\t\t\t<\/div>\n\t\t","protected":false},"excerpt":{"rendered":"<p>Tingimused 1. SissejuhatusTere tulemast spordibaari rakendusse (\u201crakendus\u201d) Rakendust haldavad \u00fchiselt: \u2022 Kungla Investeeringu Osa\u00fching, Eesti \u00e4ri\u00fching registrikoodiga 10103126, asukohaga Pronksi 19, 10124 Tallinn, Eesti\u2022 Ahti SIA, L\u00e4ti \u00e4ri\u00fching registrikoodiga 40003420708, kontoriga R\u0113zeknes iela 5E, R\u012bga, LV-1073, L\u00e4ti; ja\u2022 Mecom Grupp UAB, Leedu ettev\u00f5te registrikoodiga 111733421, kontoriga Konstitucijos pr. 12, Vilnius, Leedu; (edaspidi &#8220;meie&#8221;, &#8220;meie&#8221; v\u00f5i [&hellip;]<\/p>\n","protected":false},"author":2,"featured_media":0,"parent":0,"menu_order":0,"comment_status":"closed","ping_status":"closed","template":"","meta":{"footnotes":""},"class_list":["post-225","page","type-page","status-publish","hentry"],"yoast_head":"<!-- This site is optimized with the Yoast SEO plugin v27.3 - https:\/\/yoast.com\/product\/yoast-seo-wordpress\/ -->\n<title>Terms and Conditions - Olybet Sportsbar<\/title>\n<meta name=\"robots\" content=\"index, follow, max-snippet:-1, max-image-preview:large, max-video-preview:-1\" \/>\n<link rel=\"canonical\" href=\"https:\/\/olybetsportsbar.com\/et\/app-reeglid-ja-tingimused\/\" \/>\n<meta property=\"og:locale\" content=\"et_EE\" \/>\n<meta property=\"og:type\" content=\"article\" \/>\n<meta property=\"og:title\" content=\"Terms and Conditions - Olybet Sportsbar\" \/>\n<meta property=\"og:description\" content=\"Tingimused 1. SissejuhatusTere tulemast spordibaari rakendusse (\u201crakendus\u201d) Rakendust haldavad \u00fchiselt: \u2022 Kungla Investeeringu Osa\u00fching, Eesti \u00e4ri\u00fching registrikoodiga 10103126, asukohaga Pronksi 19, 10124 Tallinn, Eesti\u2022 Ahti SIA, L\u00e4ti \u00e4ri\u00fching registrikoodiga 40003420708, kontoriga R\u0113zeknes iela 5E, R\u012bga, LV-1073, L\u00e4ti; ja\u2022 Mecom Grupp UAB, Leedu ettev\u00f5te registrikoodiga 111733421, kontoriga Konstitucijos pr. 12, Vilnius, Leedu; (edaspidi &#8220;meie&#8221;, &#8220;meie&#8221; v\u00f5i [&hellip;]\" \/>\n<meta property=\"og:url\" content=\"https:\/\/olybetsportsbar.com\/et\/app-reeglid-ja-tingimused\/\" \/>\n<meta property=\"og:site_name\" content=\"Olybet Sportsbar\" \/>\n<meta property=\"article:modified_time\" content=\"2026-01-07T12:39:44+00:00\" \/>\n<meta name=\"twitter:card\" content=\"summary_large_image\" \/>\n<meta name=\"twitter:label1\" content=\"Est. reading time\" \/>\n\t<meta name=\"twitter:data1\" content=\"4 minutit\" \/>\n<script type=\"application\/ld+json\" class=\"yoast-schema-graph\">{\"@context\":\"https:\\\/\\\/schema.org\",\"@graph\":[{\"@type\":\"WebPage\",\"@id\":\"https:\\\/\\\/olybetsportsbar.com\\\/et\\\/app-reeglid-ja-tingimused\\\/\",\"url\":\"https:\\\/\\\/olybetsportsbar.com\\\/et\\\/app-reeglid-ja-tingimused\\\/\",\"name\":\"Terms and Conditions - Olybet Sportsbar\",\"isPartOf\":{\"@id\":\"https:\\\/\\\/olybetsportsbar.com\\\/et\\\/#website\"},\"datePublished\":\"2024-12-18T12:41:15+00:00\",\"dateModified\":\"2026-01-07T12:39:44+00:00\",\"breadcrumb\":{\"@id\":\"https:\\\/\\\/olybetsportsbar.com\\\/et\\\/app-reeglid-ja-tingimused\\\/#breadcrumb\"},\"inLanguage\":\"et\",\"potentialAction\":[{\"@type\":\"ReadAction\",\"target\":[\"https:\\\/\\\/olybetsportsbar.com\\\/et\\\/app-reeglid-ja-tingimused\\\/\"]}]},{\"@type\":\"BreadcrumbList\",\"@id\":\"https:\\\/\\\/olybetsportsbar.com\\\/et\\\/app-reeglid-ja-tingimused\\\/#breadcrumb\",\"itemListElement\":[{\"@type\":\"ListItem\",\"position\":1,\"name\":\"Home\",\"item\":\"https:\\\/\\\/olybetsportsbar.com\\\/et\\\/home\\\/\"},{\"@type\":\"ListItem\",\"position\":2,\"name\":\"Terms and Conditions\"}]},{\"@type\":\"WebSite\",\"@id\":\"https:\\\/\\\/olybetsportsbar.com\\\/et\\\/#website\",\"url\":\"https:\\\/\\\/olybetsportsbar.com\\\/et\\\/\",\"name\":\"Olybet Sportsbar\",\"description\":\"\",\"potentialAction\":[{\"@type\":\"SearchAction\",\"target\":{\"@type\":\"EntryPoint\",\"urlTemplate\":\"https:\\\/\\\/olybetsportsbar.com\\\/et\\\/?s={search_term_string}\"},\"query-input\":{\"@type\":\"PropertyValueSpecification\",\"valueRequired\":true,\"valueName\":\"search_term_string\"}}],\"inLanguage\":\"et\"}]}<\/script>\n<!-- \/ Yoast SEO plugin. -->","yoast_head_json":{"title":"Terms and Conditions - Olybet Sportsbar","robots":{"index":"index","follow":"follow","max-snippet":"max-snippet:-1","max-image-preview":"max-image-preview:large","max-video-preview":"max-video-preview:-1"},"canonical":"https:\/\/olybetsportsbar.com\/et\/app-reeglid-ja-tingimused\/","og_locale":"et_EE","og_type":"article","og_title":"Terms and Conditions - Olybet Sportsbar","og_description":"Tingimused 1. SissejuhatusTere tulemast spordibaari rakendusse (\u201crakendus\u201d) Rakendust haldavad \u00fchiselt: \u2022 Kungla Investeeringu Osa\u00fching, Eesti \u00e4ri\u00fching registrikoodiga 10103126, asukohaga Pronksi 19, 10124 Tallinn, Eesti\u2022 Ahti SIA, L\u00e4ti \u00e4ri\u00fching registrikoodiga 40003420708, kontoriga R\u0113zeknes iela 5E, R\u012bga, LV-1073, L\u00e4ti; ja\u2022 Mecom Grupp UAB, Leedu ettev\u00f5te registrikoodiga 111733421, kontoriga Konstitucijos pr. 12, Vilnius, Leedu; (edaspidi &#8220;meie&#8221;, &#8220;meie&#8221; v\u00f5i [&hellip;]","og_url":"https:\/\/olybetsportsbar.com\/et\/app-reeglid-ja-tingimused\/","og_site_name":"Olybet Sportsbar","article_modified_time":"2026-01-07T12:39:44+00:00","twitter_card":"summary_large_image","twitter_misc":{"Est. reading time":"4 minutit"},"schema":{"@context":"https:\/\/schema.org","@graph":[{"@type":"WebPage","@id":"https:\/\/olybetsportsbar.com\/et\/app-reeglid-ja-tingimused\/","url":"https:\/\/olybetsportsbar.com\/et\/app-reeglid-ja-tingimused\/","name":"Terms and Conditions - Olybet Sportsbar","isPartOf":{"@id":"https:\/\/olybetsportsbar.com\/et\/#website"},"datePublished":"2024-12-18T12:41:15+00:00","dateModified":"2026-01-07T12:39:44+00:00","breadcrumb":{"@id":"https:\/\/olybetsportsbar.com\/et\/app-reeglid-ja-tingimused\/#breadcrumb"},"inLanguage":"et","potentialAction":[{"@type":"ReadAction","target":["https:\/\/olybetsportsbar.com\/et\/app-reeglid-ja-tingimused\/"]}]},{"@type":"BreadcrumbList","@id":"https:\/\/olybetsportsbar.com\/et\/app-reeglid-ja-tingimused\/#breadcrumb","itemListElement":[{"@type":"ListItem","position":1,"name":"Home","item":"https:\/\/olybetsportsbar.com\/et\/home\/"},{"@type":"ListItem","position":2,"name":"Terms and Conditions"}]},{"@type":"WebSite","@id":"https:\/\/olybetsportsbar.com\/et\/#website","url":"https:\/\/olybetsportsbar.com\/et\/","name":"Olybet Sportsbar","description":"","potentialAction":[{"@type":"SearchAction","target":{"@type":"EntryPoint","urlTemplate":"https:\/\/olybetsportsbar.com\/et\/?s={search_term_string}"},"query-input":{"@type":"PropertyValueSpecification","valueRequired":true,"valueName":"search_term_string"}}],"inLanguage":"et"}]}},"publishpress_future_action":{"enabled":false,"date":"2026-04-23 02:35:22","action":"change-status","newStatus":"draft","terms":[],"taxonomy":"translation_priority","extraData":[]},"publishpress_future_workflow_manual_trigger":{"enabledWorkflows":[]},"_links":{"self":[{"href":"https:\/\/olybetsportsbar.com\/et\/wp-json\/wp\/v2\/pages\/225","targetHints":{"allow":["GET"]}}],"collection":[{"href":"https:\/\/olybetsportsbar.com\/et\/wp-json\/wp\/v2\/pages"}],"about":[{"href":"https:\/\/olybetsportsbar.com\/et\/wp-json\/wp\/v2\/types\/page"}],"author":[{"embeddable":true,"href":"https:\/\/olybetsportsbar.com\/et\/wp-json\/wp\/v2\/users\/2"}],"replies":[{"embeddable":true,"href":"https:\/\/olybetsportsbar.com\/et\/wp-json\/wp\/v2\/comments?post=225"}],"version-history":[{"count":2,"href":"https:\/\/olybetsportsbar.com\/et\/wp-json\/wp\/v2\/pages\/225\/revisions"}],"predecessor-version":[{"id":343,"href":"https:\/\/olybetsportsbar.com\/et\/wp-json\/wp\/v2\/pages\/225\/revisions\/343"}],"wp:attachment":[{"href":"https:\/\/olybetsportsbar.com\/et\/wp-json\/wp\/v2\/media?parent=225"}],"curies":[{"name":"wp","href":"https:\/\/api.w.org\/{rel}","templated":true}]}}