{"id":229,"date":"2024-12-18T12:41:15","date_gmt":"2024-12-18T12:41:15","guid":{"rendered":"https:\/\/olybetsportsbar.com\/salygos-ir-nuostatos\/"},"modified":"2026-01-07T12:45:18","modified_gmt":"2026-01-07T12:45:18","slug":"app-salygos-ir-nuostatos","status":"publish","type":"page","link":"https:\/\/olybetsportsbar.com\/lt\/app-salygos-ir-nuostatos\/","title":{"rendered":"Terms and Conditions"},"content":{"rendered":"\t\t<div data-elementor-type=\"wp-page\" data-elementor-id=\"229\" class=\"elementor elementor-229 elementor-216\" data-elementor-post-type=\"page\">\n\t\t\t\t<div data-particle_enable=\"false\" data-particle-mobile-disabled=\"false\" class=\"elementor-element elementor-element-b8a9a9d e-con-full e-flex e-con e-parent\" data-id=\"b8a9a9d\" data-element_type=\"container\" data-e-type=\"container\" data-settings=\"{&quot;background_background&quot;:&quot;classic&quot;}\">\n\t\t<div data-particle_enable=\"false\" data-particle-mobile-disabled=\"false\" class=\"elementor-element elementor-element-4bea4da e-con-full e-flex e-con e-child\" data-id=\"4bea4da\" data-element_type=\"container\" data-e-type=\"container\">\n\t\t\t\t<div class=\"elementor-element elementor-element-aa810eb elementor-widget elementor-widget-heading\" data-id=\"aa810eb\" data-element_type=\"widget\" data-e-type=\"widget\" data-widget_type=\"heading.default\">\n\t\t\t\t<div class=\"elementor-widget-container\">\n\t\t\t\t\t<h2 class=\"elementor-heading-title elementor-size-default\">S\u0105lygos<\/h2>\t\t\t\t<\/div>\n\t\t\t\t<\/div>\n\t\t\t\t<div class=\"elementor-element elementor-element-2cd2ed9 elementor-widget elementor-widget-text-editor\" data-id=\"2cd2ed9\" data-element_type=\"widget\" data-e-type=\"widget\" data-widget_type=\"text-editor.default\">\n\t\t\t\t<div class=\"elementor-widget-container\">\n\t\t\t\t\t\t\t\t\t<p><strong>1. \u012e\u017eanga<\/strong><br \/>Sveiki prisijung\u0119 prie \u201eSports Bar\u201c program\u0117l\u0117s (toliau \u2013 Program\u0117l\u0117)!<\/p>\n<p>Program\u0117l\u0119 bendrai administruoja:<\/p>\n<p>\u2022 <strong>Estijos bendrov\u0117 \u201eKungla Investeeringu Osa\u00fching\u201c<\/strong>, juridinio asmens kodas 10103126, buvein\u0117s adresas Pronksi 19, 10124 Talinas, Estija;<br \/>\u2022 <strong>Latvijos bendrov\u0117 \u201eAhti SIA\u201c<\/strong>, juridinio asmens kodas 40003420708, buvein\u0117s adresas R\u0113zeknes iela 5E, Ryga, LV-1073, Latvia; ir<br \/>\u2022 <strong>Lietuvos bendrov\u0117 UAB \u201eMecom Grupp\u201c<\/strong>, juridinio asmens kodas 111733421, buvein\u0117s adresas Konstitucijos pr. 12, Vilnius, Lithuania;<\/p>\n<p>(toliau \u2013 mes, mus, m\u016bs\u0173 arba Bendrov\u0117). \u0160ios S\u0105lygos taikomos tam, kaip j\u016bs jungiat\u0117s prie Program\u0117l\u0117s ir ja naudojat\u0117s, \u012fskaitant vis\u0105 Program\u0117l\u0117s turin\u012f, funkcijas ir joje arba per j\u0105 si\u016blomas paslaugas. Naudodamiesi Program\u0117le sutinkate laikytis \u0161i\u0173 S\u0105lyg\u0173. Taip pat susipa\u017einkite su m\u016bs\u0173 Privatumo prane\u0161imu, kad suprastum\u0117te, kaip naudojantis Program\u0117le tvarkomi j\u016bs\u0173 asmens duomenys.<\/p>\n<p>Bendrov\u0117, su kuria sudarote sutart\u012f pagal \u0161ias S\u0105lygas, priklauso nuo to, kurios \u0161alies gyventojas esate, kai Program\u0117l\u0117je registruojate savo vartotojo paskyr\u0105:<\/p>\n<p>\u2022 Estijos gyventojams \u2013 \u201eKungla Investeeringu Osa\u00fching\u201c<br \/>\u2022 Latvijos gyventojams \u2013 \u201eAHTI SIA\u201c<br \/>\u2022 Lietuvos gyventojams \u2013 UAB \u201eMecom Grupp\u201c<\/p>\n<p>Jei prisiregistrav\u0119 su \u0161iomis S\u0105lygomis nesutinkate, pra\u0161om Program\u0117le nesinaudoti. Jei naudojat\u0117s Program\u0117le, laikome, kad su \u0161iomis S\u0105lygomis sutikote.<\/p>\n<p><strong>2. Program\u0117l\u0117s paskirtis<\/strong><br \/>\u201eSports Bar\u201c program\u0117l\u0117 skirta teikti vartotojams informacij\u0105 apie:<br \/>\u2022 \u201eSports Bar\u201c renginius<br \/>\u2022 Pasi\u016blymus ir akcijas<br \/>\u2022 Asmenin\u012f nuolaidos kod\u0105<br \/>\u2022 \u201eSports Bar\u201c vietas Baltijos \u0161alyse (pagal vartotojo pasirinkt\u0105 viet\u0105)<br \/>\u2022 U\u017etikrinti personalizuot\u0105 patirt\u012f pagal vartotojo pageidavimus<\/p>\n<p><strong>3. Vartotojo paskyra<\/strong><br \/>Nor\u0117dami naudotis tam tikromis funkcijomis, vartotojai turi susikurti paskyr\u0105. Kurdami paskyr\u0105 sutinkate ir patvirtinate, kad:<br \/>\u2022 esate ne jaunesnis nei 18 met\u0173;<br \/>\u2022 Program\u0117l\u0117je j\u016bs\u0173 pateikiama informacija yra ir bus tiksli ir aktuali;<br \/>\u2022 saugosite savo prisijungimo informacij\u0105 saugiai ir konfidencialiai;<br \/>\u2022 prisiimate vis\u0105 atsakomyb\u0119 u\u017e visus savo paskyroje atliekamus veiksmus;<br \/>\u2022 naudosit\u0117s Program\u0117le tik pats asmeni\u0161kai ir tik asmeniniais tikslais.<br \/>Negalite:<br \/>\u2022 susikurti daugiau nei vienos vartotojo paskyros;<br \/>\u2022 naudotis Program\u0117le keliuose \u012frenginiuose ir savo nekontroliuojamuose \u012frenginiuose;<br \/>\u2022 naudotis Program\u0117le tokiu b\u016bdu, kuris daryt\u0173 \u017eal\u0105 \u201eSports Bar\u201c preki\u0173 \u017eenklo reputacijai;<br \/>\u2022 naudotis Program\u0117le komerciniais tikslais.<br \/>Privalote u\u017etikrinti, kad tretieji asmenys netur\u0117t\u0173 prieigos prie j\u016bs\u0173 \u012frenginio ir Program\u0117l\u0117s. Jei tre\u010diasis asmuo prisijungia prie Program\u0117l\u0117s arba naudojasi Program\u0117le su galiojan\u010diu vartotojo el. pa\u0161to adresu ir slapta\u017eod\u017eiu, laikoma, kad Program\u0117le naudojat\u0117s j\u016bs, ir d\u0117l to patirt\u0173 nuostoli\u0173 atveju negalite reikalauti, kad mes juos atlygintum\u0117me.<br \/>Galime i\u0161 karto u\u017edaryti bet kuri\u0105 vartotojo paskyr\u0105, kuri pa\u017eeid\u017eia \u0161ias S\u0105lygas, arba tai galime daryti savo viena\u0161aliu sprendimu verslo sumetimais.<\/p>\n<p><strong>4. Asmens duomen\u0173 naudojimas<\/strong><br \/>Susipa\u017einkite su m\u016bs\u0173 Privatumo prane\u0161imu<\/p>\n<p><strong>5. Nuolaid\u0173 kodai ir akcijos<\/strong><br \/>Vartotojams galime si\u016blyti nuolaid\u0173 kodus, akcijas arba teikti specialius pasi\u016blymus. \u0160ioms akcijoms taikomos specialios s\u0105lygos, \u012fskaitant j\u0173 pabaigos datas ir ribot\u0105 galimyb\u0119 jomis pasinaudoti, tokios s\u0105lygos i\u0161d\u0117stomos atitinkamo pasi\u016blymo pateikimo metu. Akcijos nesumuojamos, nebent ai\u0161kiai nurodoma kitaip.<\/p>\n<p><strong>6. Renginiai ir kiti pasi\u016blymai<\/strong><br \/>Program\u0117l\u0117je rodomi renginiai ir special\u016bs pasi\u016blymai \u012fvairiose \u201eSports Bar\u201c vietose Estijoje, Latvijoje ir Lietuvoje. Visi renginiai vyksta ir pasi\u016blymai galioja tik, jei tam yra galimyb\u0117, ir gali keistis i\u0161 anksto ne\u012fsp\u0117jus. Mes neatsakome u\u017e jokias i\u0161laidas arba nuostolius, patiriamus at\u0161aukus kok\u012f nors rengin\u012f arba pasi\u016blym\u0105 arba padarius kokius nors j\u0173 pakeitimus.<\/p>\n<p><strong>7. Atsakomyb\u0117s ribojimas<\/strong><br \/>J\u016bs sutinkate, kad Program\u0117le naudojat\u0117s vien savo atsakomybe ir, kadangi Program\u0117l\u0117 sukurta naudojamos programin\u0117s \u012frangos pagrindu, Program\u0117l\u0117 si\u016bloma \u201etokia, kokia yra\u201c ir mes negarantuojame, kad Program\u0117l\u0117 bus prieinama ir veiks 24 val. per par\u0105 7 dienas per savait\u0119 arba kad ji bus tinkama kokiam nors konkre\u010diam tikslui, taip pat visa taikom\u0173 \u012fstatym\u0173 leid\u017eiama apimtimi neprisiimame jokios atsakomyb\u0117s u\u017e jums naudojantis Program\u0117le patirtus nuostolius, \u012fskaitant, be kita ko, tiesioginius ir netiesioginius nuostolius, turtin\u0119 ir neturtin\u0119 \u017eal\u0105.<\/p>\n<p><strong>8. Intelektin\u0117 nuosavyb\u0117<\/strong><br \/>Jums atsisiuntus Program\u0117l\u0119 ir ja naudojantis, jums suteikiama ribota, nei\u0161imtin\u0117, nemokama, visame pasaulyje galiojanti, neperduodama, neperleid\u017eiama, nesublicencijuojama licencija atsisi\u0173sti ir \u012fsidiegti Program\u0117l\u0119 savo \u012frenginyje ir ja naudotis \u0161iose S\u0105lygose i\u0161vardytais tikslais. Licencijai taikomos visos \u0161iame dokumente i\u0161vardytos s\u0105lygos.<br \/>Visas Program\u0117l\u0117s turinys, funkcijos ir funkcionalumai, \u012fskaitant tekst\u0105, grafik\u0105, logotipus ir vaizdus, priklauso mums nuosavyb\u0117s teise ir mes turime licencij\u0105 \u012f juos, jie saugomi pagal intelektin\u0117s nuosavyb\u0117s \u012fstatymus. Be m\u016bs\u0173 i\u0161ankstinio ra\u0161ytinio leidimo negalite atgaminti, platinti jokio Program\u0117l\u0117s turinio arba juos naudodamiesi kurti i\u0161vestini\u0173 k\u016brini\u0173; pa\u017eeid\u0119 \u0161\u012f \u012fsipareigojim\u0105 tur\u0117site mums atlyginti visus padarytus nuostolius.<\/p>\n<p><strong>9. S\u0105lyg\u0173 pakeitimai<\/strong><br \/>Galime viena\u0161ali\u0161kai bet kada daryti \u0161i\u0173 S\u0105lyg\u0173 pakeitimus. Atlik\u0119 pakeitimus informuosime apie tai vartotojus atnaujindami \u0161io puslapio vir\u0161uje nurodyt\u0105 dat\u0105 \u201ePaskutin\u012f kart\u0105 atnaujinta\u201c, taip pat Program\u0117l\u0117je i\u0161\u0161oks pra\u0161ymas sutikti su naujomis S\u0105lygomis. Jums toliau naudojantis Program\u0117le po atlikt\u0173 pakeitim\u0173 arba tokio i\u0161\u0161okusio pra\u0161ymo, bus laikoma, kad su pakeistomis S\u0105lygomis sutikote.<\/p>\n<p><strong>10. Taikoma teis\u0117 ir jurisdikcija<\/strong><br \/>Kilus gin\u010dams \u0161ioms S\u0105lygoms taikoma Estijos Respublikos teis\u0117 ir visi gin\u010dai arba kitos bylos teisme bus sprend\u017eiami Harju apygardos teisme Taline, Estija.<\/p>\n<p><strong>11. Susisiekite su mumis<\/strong><br \/>Jei turite klausim\u0173 d\u0117l \u0161i\u0173 S\u0105lyg\u0173 arba su jomis susijusi\u0173 problem\u0173, ra\u0161ykite mums adresu support@olybet.com.<\/p>\n\t\t\t\t\t\t\t\t<\/div>\n\t\t\t\t<\/div>\n\t\t\t\t<\/div>\n\t\t\t\t<\/div>\n\t\t\t\t<\/div>\n\t\t","protected":false},"excerpt":{"rendered":"<p>S\u0105lygos 1. \u012e\u017eangaSveiki prisijung\u0119 prie \u201eSports Bar\u201c program\u0117l\u0117s (toliau \u2013 Program\u0117l\u0117)! Program\u0117l\u0119 bendrai administruoja: \u2022 Estijos bendrov\u0117 \u201eKungla Investeeringu Osa\u00fching\u201c, juridinio asmens kodas 10103126, buvein\u0117s adresas Pronksi 19, 10124 Talinas, Estija;\u2022 Latvijos bendrov\u0117 \u201eAhti SIA\u201c, juridinio asmens kodas 40003420708, buvein\u0117s adresas R\u0113zeknes iela 5E, Ryga, LV-1073, Latvia; ir\u2022 Lietuvos bendrov\u0117 UAB \u201eMecom Grupp\u201c, juridinio asmens [&hellip;]<\/p>\n","protected":false},"author":2,"featured_media":0,"parent":0,"menu_order":0,"comment_status":"closed","ping_status":"closed","template":"","meta":{"footnotes":""},"class_list":["post-229","page","type-page","status-publish","hentry"],"yoast_head":"<!-- This site is optimized with the Yoast SEO plugin v27.5 - https:\/\/yoast.com\/product\/yoast-seo-wordpress\/ -->\n<title>Terms and Conditions - Olybet Sportsbar<\/title>\n<meta name=\"robots\" content=\"index, follow, max-snippet:-1, max-image-preview:large, max-video-preview:-1\" \/>\n<link rel=\"canonical\" href=\"https:\/\/olybetsportsbar.com\/lt\/app-salygos-ir-nuostatos\/\" \/>\n<meta property=\"og:locale\" content=\"lt_LT\" \/>\n<meta property=\"og:type\" content=\"article\" \/>\n<meta property=\"og:title\" content=\"Terms and Conditions - Olybet Sportsbar\" \/>\n<meta property=\"og:description\" content=\"S\u0105lygos 1. \u012e\u017eangaSveiki prisijung\u0119 prie \u201eSports Bar\u201c program\u0117l\u0117s (toliau \u2013 Program\u0117l\u0117)! Program\u0117l\u0119 bendrai administruoja: \u2022 Estijos bendrov\u0117 \u201eKungla Investeeringu Osa\u00fching\u201c, juridinio asmens kodas 10103126, buvein\u0117s adresas Pronksi 19, 10124 Talinas, Estija;\u2022 Latvijos bendrov\u0117 \u201eAhti SIA\u201c, juridinio asmens kodas 40003420708, buvein\u0117s adresas R\u0113zeknes iela 5E, Ryga, LV-1073, Latvia; ir\u2022 Lietuvos bendrov\u0117 UAB \u201eMecom Grupp\u201c, juridinio asmens [&hellip;]\" \/>\n<meta property=\"og:url\" content=\"https:\/\/olybetsportsbar.com\/lt\/app-salygos-ir-nuostatos\/\" \/>\n<meta property=\"og:site_name\" content=\"Olybet Sportsbar\" \/>\n<meta property=\"article:modified_time\" content=\"2026-01-07T12:45:18+00:00\" \/>\n<meta name=\"twitter:card\" content=\"summary_large_image\" \/>\n<meta name=\"twitter:label1\" content=\"Est. reading time\" \/>\n\t<meta name=\"twitter:data1\" content=\"4 minut\u0117s\" \/>\n<script type=\"application\/ld+json\" class=\"yoast-schema-graph\">{\"@context\":\"https:\\\/\\\/schema.org\",\"@graph\":[{\"@type\":\"WebPage\",\"@id\":\"https:\\\/\\\/olybetsportsbar.com\\\/lt\\\/app-salygos-ir-nuostatos\\\/\",\"url\":\"https:\\\/\\\/olybetsportsbar.com\\\/lt\\\/app-salygos-ir-nuostatos\\\/\",\"name\":\"Terms and Conditions - Olybet Sportsbar\",\"isPartOf\":{\"@id\":\"https:\\\/\\\/olybetsportsbar.com\\\/lt\\\/#website\"},\"datePublished\":\"2024-12-18T12:41:15+00:00\",\"dateModified\":\"2026-01-07T12:45:18+00:00\",\"breadcrumb\":{\"@id\":\"https:\\\/\\\/olybetsportsbar.com\\\/lt\\\/app-salygos-ir-nuostatos\\\/#breadcrumb\"},\"inLanguage\":\"lt-LT\",\"potentialAction\":[{\"@type\":\"ReadAction\",\"target\":[\"https:\\\/\\\/olybetsportsbar.com\\\/lt\\\/app-salygos-ir-nuostatos\\\/\"]}]},{\"@type\":\"BreadcrumbList\",\"@id\":\"https:\\\/\\\/olybetsportsbar.com\\\/lt\\\/app-salygos-ir-nuostatos\\\/#breadcrumb\",\"itemListElement\":[{\"@type\":\"ListItem\",\"position\":1,\"name\":\"Home\",\"item\":\"https:\\\/\\\/olybetsportsbar.com\\\/lt\\\/home\\\/\"},{\"@type\":\"ListItem\",\"position\":2,\"name\":\"Terms and Conditions\"}]},{\"@type\":\"WebSite\",\"@id\":\"https:\\\/\\\/olybetsportsbar.com\\\/lt\\\/#website\",\"url\":\"https:\\\/\\\/olybetsportsbar.com\\\/lt\\\/\",\"name\":\"Olybet Sportsbar\",\"description\":\"\",\"potentialAction\":[{\"@type\":\"SearchAction\",\"target\":{\"@type\":\"EntryPoint\",\"urlTemplate\":\"https:\\\/\\\/olybetsportsbar.com\\\/lt\\\/?s={search_term_string}\"},\"query-input\":{\"@type\":\"PropertyValueSpecification\",\"valueRequired\":true,\"valueName\":\"search_term_string\"}}],\"inLanguage\":\"lt-LT\"}]}<\/script>\n<!-- \/ Yoast SEO plugin. -->","yoast_head_json":{"title":"Terms and Conditions - Olybet Sportsbar","robots":{"index":"index","follow":"follow","max-snippet":"max-snippet:-1","max-image-preview":"max-image-preview:large","max-video-preview":"max-video-preview:-1"},"canonical":"https:\/\/olybetsportsbar.com\/lt\/app-salygos-ir-nuostatos\/","og_locale":"lt_LT","og_type":"article","og_title":"Terms and Conditions - Olybet Sportsbar","og_description":"S\u0105lygos 1. \u012e\u017eangaSveiki prisijung\u0119 prie \u201eSports Bar\u201c program\u0117l\u0117s (toliau \u2013 Program\u0117l\u0117)! Program\u0117l\u0119 bendrai administruoja: \u2022 Estijos bendrov\u0117 \u201eKungla Investeeringu Osa\u00fching\u201c, juridinio asmens kodas 10103126, buvein\u0117s adresas Pronksi 19, 10124 Talinas, Estija;\u2022 Latvijos bendrov\u0117 \u201eAhti SIA\u201c, juridinio asmens kodas 40003420708, buvein\u0117s adresas R\u0113zeknes iela 5E, Ryga, LV-1073, Latvia; ir\u2022 Lietuvos bendrov\u0117 UAB \u201eMecom Grupp\u201c, juridinio asmens [&hellip;]","og_url":"https:\/\/olybetsportsbar.com\/lt\/app-salygos-ir-nuostatos\/","og_site_name":"Olybet Sportsbar","article_modified_time":"2026-01-07T12:45:18+00:00","twitter_card":"summary_large_image","twitter_misc":{"Est. reading time":"4 minut\u0117s"},"schema":{"@context":"https:\/\/schema.org","@graph":[{"@type":"WebPage","@id":"https:\/\/olybetsportsbar.com\/lt\/app-salygos-ir-nuostatos\/","url":"https:\/\/olybetsportsbar.com\/lt\/app-salygos-ir-nuostatos\/","name":"Terms and Conditions - Olybet Sportsbar","isPartOf":{"@id":"https:\/\/olybetsportsbar.com\/lt\/#website"},"datePublished":"2024-12-18T12:41:15+00:00","dateModified":"2026-01-07T12:45:18+00:00","breadcrumb":{"@id":"https:\/\/olybetsportsbar.com\/lt\/app-salygos-ir-nuostatos\/#breadcrumb"},"inLanguage":"lt-LT","potentialAction":[{"@type":"ReadAction","target":["https:\/\/olybetsportsbar.com\/lt\/app-salygos-ir-nuostatos\/"]}]},{"@type":"BreadcrumbList","@id":"https:\/\/olybetsportsbar.com\/lt\/app-salygos-ir-nuostatos\/#breadcrumb","itemListElement":[{"@type":"ListItem","position":1,"name":"Home","item":"https:\/\/olybetsportsbar.com\/lt\/home\/"},{"@type":"ListItem","position":2,"name":"Terms and Conditions"}]},{"@type":"WebSite","@id":"https:\/\/olybetsportsbar.com\/lt\/#website","url":"https:\/\/olybetsportsbar.com\/lt\/","name":"Olybet Sportsbar","description":"","potentialAction":[{"@type":"SearchAction","target":{"@type":"EntryPoint","urlTemplate":"https:\/\/olybetsportsbar.com\/lt\/?s={search_term_string}"},"query-input":{"@type":"PropertyValueSpecification","valueRequired":true,"valueName":"search_term_string"}}],"inLanguage":"lt-LT"}]}},"publishpress_future_action":{"enabled":false,"date":"2026-05-12 16:10:35","action":"change-status","newStatus":"draft","terms":[],"taxonomy":"translation_priority","extraData":[]},"publishpress_future_workflow_manual_trigger":{"enabledWorkflows":[]},"_links":{"self":[{"href":"https:\/\/olybetsportsbar.com\/lt\/wp-json\/wp\/v2\/pages\/229","targetHints":{"allow":["GET"]}}],"collection":[{"href":"https:\/\/olybetsportsbar.com\/lt\/wp-json\/wp\/v2\/pages"}],"about":[{"href":"https:\/\/olybetsportsbar.com\/lt\/wp-json\/wp\/v2\/types\/page"}],"author":[{"embeddable":true,"href":"https:\/\/olybetsportsbar.com\/lt\/wp-json\/wp\/v2\/users\/2"}],"replies":[{"embeddable":true,"href":"https:\/\/olybetsportsbar.com\/lt\/wp-json\/wp\/v2\/comments?post=229"}],"version-history":[{"count":2,"href":"https:\/\/olybetsportsbar.com\/lt\/wp-json\/wp\/v2\/pages\/229\/revisions"}],"predecessor-version":[{"id":347,"href":"https:\/\/olybetsportsbar.com\/lt\/wp-json\/wp\/v2\/pages\/229\/revisions\/347"}],"wp:attachment":[{"href":"https:\/\/olybetsportsbar.com\/lt\/wp-json\/wp\/v2\/media?parent=229"}],"curies":[{"name":"wp","href":"https:\/\/api.w.org\/{rel}","templated":true}]}}