{"id":2596,"date":"2024-04-15T05:52:24","date_gmt":"2024-04-15T05:52:24","guid":{"rendered":"https:\/\/olybetsportsbar.com\/lv\/par-mums\/"},"modified":"2025-02-13T12:12:05","modified_gmt":"2025-02-13T10:12:05","slug":"par-mums","status":"publish","type":"page","link":"https:\/\/olybetsportsbar.com\/lv\/par-mums\/","title":{"rendered":"Par mums"},"content":{"rendered":"\t\t<div data-elementor-type=\"wp-page\" data-elementor-id=\"2596\" class=\"elementor elementor-2596 elementor-959\" data-elementor-post-type=\"page\">\n\t\t\t\t<div data-particle_enable=\"false\" data-particle-mobile-disabled=\"false\" class=\"elementor-element elementor-element-ee55e47 e-flex e-con-boxed e-con e-parent\" data-id=\"ee55e47\" data-element_type=\"container\" data-e-type=\"container\" data-settings=\"{&quot;background_background&quot;:&quot;video&quot;,&quot;background_video_link&quot;:&quot;https:\\\/\\\/olybetsportsbar.com\\\/lv\\\/wp-content\\\/uploads\\\/sites\\\/3\\\/2024\\\/04\\\/about-us-video.mp4&quot;,&quot;background_play_on_mobile&quot;:&quot;yes&quot;}\">\n\t\t\t\t\t<div class=\"e-con-inner\">\n\t\t<div class=\"elementor-background-video-container\">\n\t\t\t\t\t\t\t<video class=\"elementor-background-video-hosted\" role=\"presentation\" autoplay muted playsinline loop><\/video>\n\t\t\t\t\t<\/div>\t\t<div class=\"elementor-element elementor-element-5317989 elementor-widget elementor-widget-heading\" data-id=\"5317989\" data-element_type=\"widget\" data-e-type=\"widget\" data-widget_type=\"heading.default\">\n\t\t\t\t<div class=\"elementor-widget-container\">\n\t\t\t\t\t<h2 class=\"elementor-heading-title elementor-size-default\">Par mums.<\/h2>\t\t\t\t<\/div>\n\t\t\t\t<\/div>\n\t\t\t\t\t<\/div>\n\t\t\t\t<\/div>\n\t\t<div data-particle_enable=\"false\" data-particle-mobile-disabled=\"false\" class=\"elementor-element elementor-element-5a0573c e-con-full e-flex e-con e-parent\" data-id=\"5a0573c\" data-element_type=\"container\" data-e-type=\"container\" data-settings=\"{&quot;background_background&quot;:&quot;classic&quot;}\">\n\t\t<div data-particle_enable=\"false\" data-particle-mobile-disabled=\"false\" class=\"elementor-element elementor-element-115c9ad e-con-full e-flex e-con e-child\" data-id=\"115c9ad\" data-element_type=\"container\" data-e-type=\"container\" data-settings=\"{&quot;background_background&quot;:&quot;classic&quot;}\">\n\t\t<div data-particle_enable=\"false\" data-particle-mobile-disabled=\"false\" class=\"elementor-element elementor-element-808d6f9 e-con-full e-flex e-con e-child\" data-id=\"808d6f9\" data-element_type=\"container\" data-e-type=\"container\">\n\t\t\t\t<div class=\"elementor-element elementor-element-c54ef0a elementor-widget__width-initial elementor-widget elementor-widget-heading\" data-id=\"c54ef0a\" data-element_type=\"widget\" data-e-type=\"widget\" data-widget_type=\"heading.default\">\n\t\t\t\t<div class=\"elementor-widget-container\">\n\t\t\t\t\t<h2 class=\"elementor-heading-title elementor-size-default\">M\u016bsu st\u0101sts<\/h2>\t\t\t\t<\/div>\n\t\t\t\t<\/div>\n\t\t\t\t<div class=\"elementor-element elementor-element-7db3b67 elementor-widget__width-initial elementor-widget elementor-widget-text-editor\" data-id=\"7db3b67\" data-element_type=\"widget\" data-e-type=\"widget\" data-widget_type=\"text-editor.default\">\n\t\t\t\t<div class=\"elementor-widget-container\">\n\t\t\t\t\t\t\t\t\t<p>Lai gan m\u016bsu saknes ir daudz dzi\u013c\u0101kas, OlyBet Sports Bar, k\u0101 m\u0113s to paz\u012bstam \u0161odien, savu darb\u012bbu s\u0101ka 2013. gad\u0101. M\u016bsu misija bija vienk\u0101r\u0161a \u2013 nodro\u0161in\u0101t ide\u0101lu vietu sporta cien\u012bt\u0101jiem, kur vi\u0146i var baud\u012bt fantastiskus pied\u0101v\u0101jumus b\u0101r\u0101, vienlaikus izj\u016btot \u012bstenu sporta atmosf\u0113ru. K\u0101 mums pa\u0161iem pat\u012bk teikt: &#8220;Kur sports satiekas ar izklaidi&#8221;. Ar vair\u0101k\u0101m norises viet\u0101m vis\u0101 Latvij\u0101 un Baltij\u0101, m\u0113s esam viena no lab\u0101kaj\u0101m izv\u0113l\u0113m sporta izklaides jom\u0101.<\/p>\n\t\t\t\t\t\t\t\t<\/div>\n\t\t\t\t<\/div>\n\t\t\t\t<\/div>\n\t\t\t\t<\/div>\n\t\t<div data-particle_enable=\"false\" data-particle-mobile-disabled=\"false\" class=\"elementor-element elementor-element-5e935bf e-con-full e-flex e-con e-child\" data-id=\"5e935bf\" data-element_type=\"container\" data-e-type=\"container\" data-settings=\"{&quot;background_background&quot;:&quot;classic&quot;}\">\n\t\t<div data-particle_enable=\"false\" data-particle-mobile-disabled=\"false\" class=\"elementor-element elementor-element-67bb91c e-flex e-con-boxed e-con e-child\" data-id=\"67bb91c\" data-element_type=\"container\" data-e-type=\"container\">\n\t\t\t\t\t<div class=\"e-con-inner\">\n\t\t\t\t\t<\/div>\n\t\t\t\t<\/div>\n\t\t\t\t<\/div>\n\t\t\t\t<\/div>\n\t\t<div data-particle_enable=\"false\" data-particle-mobile-disabled=\"false\" class=\"elementor-element elementor-element-c76960f e-con-full e-flex e-con e-parent\" data-id=\"c76960f\" data-element_type=\"container\" data-e-type=\"container\" data-settings=\"{&quot;background_background&quot;:&quot;classic&quot;}\">\n\t\t<div data-particle_enable=\"false\" data-particle-mobile-disabled=\"false\" class=\"elementor-element elementor-element-84500c6 e-con-full e-flex e-con e-child\" data-id=\"84500c6\" data-element_type=\"container\" data-e-type=\"container\" data-settings=\"{&quot;background_background&quot;:&quot;classic&quot;}\">\n\t\t<div data-particle_enable=\"false\" data-particle-mobile-disabled=\"false\" class=\"elementor-element elementor-element-792fe16 e-flex e-con-boxed e-con e-child\" data-id=\"792fe16\" data-element_type=\"container\" data-e-type=\"container\">\n\t\t\t\t\t<div class=\"e-con-inner\">\n\t\t\t\t\t<\/div>\n\t\t\t\t<\/div>\n\t\t\t\t<\/div>\n\t\t<div data-particle_enable=\"false\" data-particle-mobile-disabled=\"false\" class=\"elementor-element elementor-element-19fa9a3 e-con-full e-flex e-con e-child\" data-id=\"19fa9a3\" data-element_type=\"container\" data-e-type=\"container\" data-settings=\"{&quot;background_background&quot;:&quot;classic&quot;}\">\n\t\t<div data-particle_enable=\"false\" data-particle-mobile-disabled=\"false\" class=\"elementor-element elementor-element-da62020 e-con-full e-flex e-con e-child\" data-id=\"da62020\" data-element_type=\"container\" data-e-type=\"container\">\n\t\t\t\t<div class=\"elementor-element elementor-element-774d676 elementor-widget__width-initial elementor-widget elementor-widget-heading\" data-id=\"774d676\" data-element_type=\"widget\" data-e-type=\"widget\" data-widget_type=\"heading.default\">\n\t\t\t\t<div class=\"elementor-widget-container\">\n\t\t\t\t\t<h2 class=\"elementor-heading-title elementor-size-default\">Vair\u0101k nek\u0101 b\u0101rs<\/h2>\t\t\t\t<\/div>\n\t\t\t\t<\/div>\n\t\t\t\t<div class=\"elementor-element elementor-element-f87beca elementor-widget__width-initial elementor-widget elementor-widget-text-editor\" data-id=\"f87beca\" data-element_type=\"widget\" data-e-type=\"widget\" data-widget_type=\"text-editor.default\">\n\t\t\t\t<div class=\"elementor-widget-container\">\n\t\t\t\t\t\t\t\t\t<p>Fantastiski \u0113dieni un dz\u0113rieni nav m\u016bsu vien\u012bgais sp\u0113ks. M\u0113s m\u012blam sportu! Tie\u0161i t\u0101p\u0113c bie\u017ei vien Tu m\u016bs redz\u0113si liel\u0101kajos sporta pas\u0101kumos. OlyBet sporta b\u0101rs ir bijis un ir lepns sponsors viet\u0113j\u0101m un pat glob\u0101l\u0101m komand\u0101m un sportistiem, kuriem ir kop\u012bga m\u016bsu tieksme p\u0113c izcil\u012bbas. M\u0113s esam nodro\u0161in\u0101ju\u0161i \u0113din\u0101\u0161anas pakalpojumus ar\u012b da\u017e\u0101diem sporta pas\u0101kumiem un festiv\u0101liem, lai ikviens var\u0113tu atg\u016bt ener\u0123iju ar gardu malt\u012bti.<\/p>\n\t\t\t\t\t\t\t\t<\/div>\n\t\t\t\t<\/div>\n\t\t\t\t<\/div>\n\t\t\t\t<\/div>\n\t\t\t\t<\/div>\n\t\t<div data-particle_enable=\"false\" data-particle-mobile-disabled=\"false\" class=\"elementor-element elementor-element-85630fa e-con-full e-flex e-con e-parent\" data-id=\"85630fa\" data-element_type=\"container\" data-e-type=\"container\" data-settings=\"{&quot;background_background&quot;:&quot;classic&quot;}\">\n\t\t<div data-particle_enable=\"false\" data-particle-mobile-disabled=\"false\" class=\"elementor-element elementor-element-5eecca9 e-con-full e-flex e-con e-child\" data-id=\"5eecca9\" data-element_type=\"container\" data-e-type=\"container\" data-settings=\"{&quot;background_background&quot;:&quot;classic&quot;}\">\n\t\t<div data-particle_enable=\"false\" data-particle-mobile-disabled=\"false\" class=\"elementor-element elementor-element-99dfb88 e-con-full e-flex e-con e-child\" data-id=\"99dfb88\" data-element_type=\"container\" data-e-type=\"container\">\n\t\t\t\t<div class=\"elementor-element elementor-element-564aff2 elementor-widget__width-initial elementor-widget elementor-widget-heading\" data-id=\"564aff2\" data-element_type=\"widget\" data-e-type=\"widget\" data-widget_type=\"heading.default\">\n\t\t\t\t<div class=\"elementor-widget-container\">\n\t\t\t\t\t<h2 class=\"elementor-heading-title elementor-size-default\">M\u0113s esam \u0161eit uz palik\u0161anu<\/h2>\t\t\t\t<\/div>\n\t\t\t\t<\/div>\n\t\t\t\t<div class=\"elementor-element elementor-element-5ee91f2 elementor-widget__width-initial elementor-widget elementor-widget-text-editor\" data-id=\"5ee91f2\" data-element_type=\"widget\" data-e-type=\"widget\" data-widget_type=\"text-editor.default\">\n\t\t\t\t<div class=\"elementor-widget-container\">\n\t\t\t\t\t\t\t\t\t<p>M\u016bsu misija paliek nemain\u012bga. M\u0113s v\u0113lamies Tevi nodro\u0161in\u0101t ar augst\u0101k\u0101s klases pakalpojumiem. Ja dom\u0101 par sporta b\u0101ru, dom\u0101 OlyBet sporta b\u0101ru. Tuvojoties v\u0113l vair\u0101kiem izklaides pas\u0101kumiem, m\u0113s esam ap\u0146\u0113m\u012bbas pilni dal\u012bties priek\u0101 ar Tevi.<\/p>\n\t\t\t\t\t\t\t\t<\/div>\n\t\t\t\t<\/div>\n\t\t\t\t<\/div>\n\t\t\t\t<\/div>\n\t\t<div data-particle_enable=\"false\" data-particle-mobile-disabled=\"false\" class=\"elementor-element elementor-element-773973a e-con-full e-flex e-con e-child\" data-id=\"773973a\" data-element_type=\"container\" data-e-type=\"container\" data-settings=\"{&quot;background_background&quot;:&quot;classic&quot;}\">\n\t\t<div data-particle_enable=\"false\" data-particle-mobile-disabled=\"false\" class=\"elementor-element elementor-element-f82a48e e-flex e-con-boxed e-con e-child\" data-id=\"f82a48e\" data-element_type=\"container\" data-e-type=\"container\">\n\t\t\t\t\t<div class=\"e-con-inner\">\n\t\t\t\t\t<\/div>\n\t\t\t\t<\/div>\n\t\t\t\t<\/div>\n\t\t\t\t<\/div>\n\t\t\t\t<\/div>\n\t\t","protected":false},"excerpt":{"rendered":"<p>Par mums. M\u016bsu st\u0101sts Lai gan m\u016bsu saknes ir daudz dzi\u013c\u0101kas, OlyBet Sports Bar, k\u0101 m\u0113s to paz\u012bstam \u0161odien, savu darb\u012bbu s\u0101ka 2013. gad\u0101. M\u016bsu misija bija vienk\u0101r\u0161a \u2013 nodro\u0161in\u0101t ide\u0101lu vietu sporta cien\u012bt\u0101jiem, kur vi\u0146i var baud\u012bt fantastiskus pied\u0101v\u0101jumus b\u0101r\u0101, vienlaikus izj\u016btot \u012bstenu sporta atmosf\u0113ru. K\u0101 mums pa\u0161iem pat\u012bk teikt: &#8220;Kur sports satiekas ar [&hellip;]<\/p>\n","protected":false},"author":2,"featured_media":0,"parent":0,"menu_order":0,"comment_status":"closed","ping_status":"closed","template":"","meta":{"_acf_changed":false,"footnotes":""},"class_list":["post-2596","page","type-page","status-publish","hentry"],"yoast_head":"<!-- This site is optimized with the Yoast SEO plugin v27.3 - https:\/\/yoast.com\/product\/yoast-seo-wordpress\/ -->\n<title>Par mums OlyBet Sportsbar Latvija<\/title>\n<meta name=\"robots\" content=\"index, follow, max-snippet:-1, max-image-preview:large, max-video-preview:-1\" \/>\n<link rel=\"canonical\" href=\"https:\/\/olybetsportsbar.com\/lv\/par-mums\/\" \/>\n<meta property=\"og:locale\" content=\"lv_LV\" \/>\n<meta property=\"og:type\" content=\"article\" \/>\n<meta property=\"og:title\" content=\"Par mums OlyBet Sportsbar Latvija\" \/>\n<meta property=\"og:description\" content=\"Par mums. M\u016bsu st\u0101sts Lai gan m\u016bsu saknes ir daudz dzi\u013c\u0101kas, OlyBet Sports Bar, k\u0101 m\u0113s to paz\u012bstam \u0161odien, savu darb\u012bbu s\u0101ka 2013. gad\u0101. M\u016bsu misija bija vienk\u0101r\u0161a \u2013 nodro\u0161in\u0101t ide\u0101lu vietu sporta cien\u012bt\u0101jiem, kur vi\u0146i var baud\u012bt fantastiskus pied\u0101v\u0101jumus b\u0101r\u0101, vienlaikus izj\u016btot \u012bstenu sporta atmosf\u0113ru. K\u0101 mums pa\u0161iem pat\u012bk teikt: &#8220;Kur sports satiekas ar [&hellip;]\" \/>\n<meta property=\"og:url\" content=\"https:\/\/olybetsportsbar.com\/lv\/par-mums\/\" \/>\n<meta property=\"og:site_name\" content=\"OlyBet Sportsbar Latvija\" \/>\n<meta property=\"article:modified_time\" content=\"2025-02-13T10:12:05+00:00\" \/>\n<meta property=\"og:image\" content=\"https:\/\/olybetsportsbar.com\/lv\/wp-content\/uploads\/sites\/3\/2024\/04\/sportsbar-logo-white-header-1.png\" \/>\n\t<meta property=\"og:image:width\" content=\"260\" \/>\n\t<meta property=\"og:image:height\" content=\"112\" \/>\n\t<meta property=\"og:image:type\" content=\"image\/png\" \/>\n<meta name=\"twitter:card\" content=\"summary_large_image\" \/>\n<meta name=\"twitter:label1\" content=\"Est. reading time\" \/>\n\t<meta name=\"twitter:data1\" content=\"1 minute\" \/>\n<script type=\"application\/ld+json\" class=\"yoast-schema-graph\">{\"@context\":\"https:\\\/\\\/schema.org\",\"@graph\":[{\"@type\":\"WebPage\",\"@id\":\"https:\\\/\\\/olybetsportsbar.com\\\/lv\\\/par-mums\\\/\",\"url\":\"https:\\\/\\\/olybetsportsbar.com\\\/lv\\\/par-mums\\\/\",\"name\":\"Par mums OlyBet Sportsbar Latvija\",\"isPartOf\":{\"@id\":\"https:\\\/\\\/olybetsportsbar.com\\\/lv\\\/#website\"},\"datePublished\":\"2024-04-15T05:52:24+00:00\",\"dateModified\":\"2025-02-13T10:12:05+00:00\",\"breadcrumb\":{\"@id\":\"https:\\\/\\\/olybetsportsbar.com\\\/lv\\\/par-mums\\\/#breadcrumb\"},\"inLanguage\":\"lv-LV\",\"potentialAction\":[{\"@type\":\"ReadAction\",\"target\":[\"https:\\\/\\\/olybetsportsbar.com\\\/lv\\\/par-mums\\\/\"]}]},{\"@type\":\"BreadcrumbList\",\"@id\":\"https:\\\/\\\/olybetsportsbar.com\\\/lv\\\/par-mums\\\/#breadcrumb\",\"itemListElement\":[{\"@type\":\"ListItem\",\"position\":1,\"name\":\"Home\",\"item\":\"https:\\\/\\\/olybetsportsbar.com\\\/lv\\\/\"},{\"@type\":\"ListItem\",\"position\":2,\"name\":\"Par mums\"}]},{\"@type\":\"WebSite\",\"@id\":\"https:\\\/\\\/olybetsportsbar.com\\\/lv\\\/#website\",\"url\":\"https:\\\/\\\/olybetsportsbar.com\\\/lv\\\/\",\"name\":\"OlyBet Sportsbar Latvija\",\"description\":\"\",\"publisher\":{\"@id\":\"https:\\\/\\\/olybetsportsbar.com\\\/lv\\\/#organization\"},\"potentialAction\":[{\"@type\":\"SearchAction\",\"target\":{\"@type\":\"EntryPoint\",\"urlTemplate\":\"https:\\\/\\\/olybetsportsbar.com\\\/lv\\\/?s={search_term_string}\"},\"query-input\":{\"@type\":\"PropertyValueSpecification\",\"valueRequired\":true,\"valueName\":\"search_term_string\"}}],\"inLanguage\":\"lv-LV\"},{\"@type\":\"Organization\",\"@id\":\"https:\\\/\\\/olybetsportsbar.com\\\/lv\\\/#organization\",\"name\":\"OlyBet Sportsbar Latvija\",\"url\":\"https:\\\/\\\/olybetsportsbar.com\\\/lv\\\/\",\"logo\":{\"@type\":\"ImageObject\",\"inLanguage\":\"lv-LV\",\"@id\":\"https:\\\/\\\/olybetsportsbar.com\\\/lv\\\/#\\\/schema\\\/logo\\\/image\\\/\",\"url\":\"https:\\\/\\\/olybetsportsbar.com\\\/lv\\\/wp-content\\\/uploads\\\/sites\\\/3\\\/2024\\\/04\\\/hero-header-logo.png\",\"contentUrl\":\"https:\\\/\\\/olybetsportsbar.com\\\/lv\\\/wp-content\\\/uploads\\\/sites\\\/3\\\/2024\\\/04\\\/hero-header-logo.png\",\"width\":728,\"height\":317,\"caption\":\"OlyBet Sportsbar Latvija\"},\"image\":{\"@id\":\"https:\\\/\\\/olybetsportsbar.com\\\/lv\\\/#\\\/schema\\\/logo\\\/image\\\/\"}}]}<\/script>\n<!-- \/ Yoast SEO plugin. -->","yoast_head_json":{"title":"Par mums OlyBet Sportsbar Latvija","robots":{"index":"index","follow":"follow","max-snippet":"max-snippet:-1","max-image-preview":"max-image-preview:large","max-video-preview":"max-video-preview:-1"},"canonical":"https:\/\/olybetsportsbar.com\/lv\/par-mums\/","og_locale":"lv_LV","og_type":"article","og_title":"Par mums OlyBet Sportsbar Latvija","og_description":"Par mums. M\u016bsu st\u0101sts Lai gan m\u016bsu saknes ir daudz dzi\u013c\u0101kas, OlyBet Sports Bar, k\u0101 m\u0113s to paz\u012bstam \u0161odien, savu darb\u012bbu s\u0101ka 2013. gad\u0101. M\u016bsu misija bija vienk\u0101r\u0161a \u2013 nodro\u0161in\u0101t ide\u0101lu vietu sporta cien\u012bt\u0101jiem, kur vi\u0146i var baud\u012bt fantastiskus pied\u0101v\u0101jumus b\u0101r\u0101, vienlaikus izj\u016btot \u012bstenu sporta atmosf\u0113ru. K\u0101 mums pa\u0161iem pat\u012bk teikt: &#8220;Kur sports satiekas ar [&hellip;]","og_url":"https:\/\/olybetsportsbar.com\/lv\/par-mums\/","og_site_name":"OlyBet Sportsbar Latvija","article_modified_time":"2025-02-13T10:12:05+00:00","og_image":[{"width":260,"height":112,"url":"https:\/\/olybetsportsbar.com\/lv\/wp-content\/uploads\/sites\/3\/2024\/04\/sportsbar-logo-white-header-1.png","type":"image\/png"}],"twitter_card":"summary_large_image","twitter_misc":{"Est. reading time":"1 minute"},"schema":{"@context":"https:\/\/schema.org","@graph":[{"@type":"WebPage","@id":"https:\/\/olybetsportsbar.com\/lv\/par-mums\/","url":"https:\/\/olybetsportsbar.com\/lv\/par-mums\/","name":"Par mums OlyBet Sportsbar Latvija","isPartOf":{"@id":"https:\/\/olybetsportsbar.com\/lv\/#website"},"datePublished":"2024-04-15T05:52:24+00:00","dateModified":"2025-02-13T10:12:05+00:00","breadcrumb":{"@id":"https:\/\/olybetsportsbar.com\/lv\/par-mums\/#breadcrumb"},"inLanguage":"lv-LV","potentialAction":[{"@type":"ReadAction","target":["https:\/\/olybetsportsbar.com\/lv\/par-mums\/"]}]},{"@type":"BreadcrumbList","@id":"https:\/\/olybetsportsbar.com\/lv\/par-mums\/#breadcrumb","itemListElement":[{"@type":"ListItem","position":1,"name":"Home","item":"https:\/\/olybetsportsbar.com\/lv\/"},{"@type":"ListItem","position":2,"name":"Par mums"}]},{"@type":"WebSite","@id":"https:\/\/olybetsportsbar.com\/lv\/#website","url":"https:\/\/olybetsportsbar.com\/lv\/","name":"OlyBet Sportsbar Latvija","description":"","publisher":{"@id":"https:\/\/olybetsportsbar.com\/lv\/#organization"},"potentialAction":[{"@type":"SearchAction","target":{"@type":"EntryPoint","urlTemplate":"https:\/\/olybetsportsbar.com\/lv\/?s={search_term_string}"},"query-input":{"@type":"PropertyValueSpecification","valueRequired":true,"valueName":"search_term_string"}}],"inLanguage":"lv-LV"},{"@type":"Organization","@id":"https:\/\/olybetsportsbar.com\/lv\/#organization","name":"OlyBet Sportsbar Latvija","url":"https:\/\/olybetsportsbar.com\/lv\/","logo":{"@type":"ImageObject","inLanguage":"lv-LV","@id":"https:\/\/olybetsportsbar.com\/lv\/#\/schema\/logo\/image\/","url":"https:\/\/olybetsportsbar.com\/lv\/wp-content\/uploads\/sites\/3\/2024\/04\/hero-header-logo.png","contentUrl":"https:\/\/olybetsportsbar.com\/lv\/wp-content\/uploads\/sites\/3\/2024\/04\/hero-header-logo.png","width":728,"height":317,"caption":"OlyBet Sportsbar Latvija"},"image":{"@id":"https:\/\/olybetsportsbar.com\/lv\/#\/schema\/logo\/image\/"}}]}},"acf":[],"publishpress_future_action":{"enabled":false,"date":"2026-04-14 19:46:14","action":"change-status","newStatus":"draft","terms":[],"taxonomy":"translation_priority","extraData":[]},"publishpress_future_workflow_manual_trigger":{"enabledWorkflows":[]},"_links":{"self":[{"href":"https:\/\/olybetsportsbar.com\/lv\/wp-json\/wp\/v2\/pages\/2596","targetHints":{"allow":["GET"]}}],"collection":[{"href":"https:\/\/olybetsportsbar.com\/lv\/wp-json\/wp\/v2\/pages"}],"about":[{"href":"https:\/\/olybetsportsbar.com\/lv\/wp-json\/wp\/v2\/types\/page"}],"author":[{"embeddable":true,"href":"https:\/\/olybetsportsbar.com\/lv\/wp-json\/wp\/v2\/users\/2"}],"replies":[{"embeddable":true,"href":"https:\/\/olybetsportsbar.com\/lv\/wp-json\/wp\/v2\/comments?post=2596"}],"version-history":[{"count":5,"href":"https:\/\/olybetsportsbar.com\/lv\/wp-json\/wp\/v2\/pages\/2596\/revisions"}],"predecessor-version":[{"id":3762,"href":"https:\/\/olybetsportsbar.com\/lv\/wp-json\/wp\/v2\/pages\/2596\/revisions\/3762"}],"wp:attachment":[{"href":"https:\/\/olybetsportsbar.com\/lv\/wp-json\/wp\/v2\/media?parent=2596"}],"curies":[{"name":"wp","href":"https:\/\/api.w.org\/{rel}","templated":true}]}}