{"id":2605,"date":"2024-04-16T07:01:28","date_gmt":"2024-04-16T04:01:28","guid":{"rendered":"https:\/\/olybetsportsbar.com\/lv\/norises-vietas\/"},"modified":"2025-06-25T16:42:30","modified_gmt":"2025-06-25T13:42:30","slug":"norises-vietas","status":"publish","type":"page","link":"https:\/\/olybetsportsbar.com\/lv\/norises-vietas\/","title":{"rendered":"Lok\u0101cijas"},"content":{"rendered":"\t\t<div data-elementor-type=\"wp-page\" data-elementor-id=\"2605\" class=\"elementor elementor-2605 elementor-1279\" data-elementor-post-type=\"page\">\n\t\t\t\t<div data-particle_enable=\"false\" data-particle-mobile-disabled=\"false\" class=\"elementor-element elementor-element-2a1aed8 e-flex e-con-boxed e-con e-parent\" data-id=\"2a1aed8\" data-element_type=\"container\" data-e-type=\"container\" data-settings=\"{&quot;background_background&quot;:&quot;classic&quot;}\">\n\t\t\t\t\t<div class=\"e-con-inner\">\n\t\t\t\t<div class=\"elementor-element elementor-element-0a9a7e1 elementor-widget elementor-widget-heading\" data-id=\"0a9a7e1\" data-element_type=\"widget\" data-e-type=\"widget\" data-widget_type=\"heading.default\">\n\t\t\t\t<div class=\"elementor-widget-container\">\n\t\t\t\t\t<h2 class=\"elementor-heading-title elementor-size-default\">Lok\u0101cijas.<\/h2>\t\t\t\t<\/div>\n\t\t\t\t<\/div>\n\t\t\t\t\t<\/div>\n\t\t\t\t<\/div>\n\t\t<div data-particle_enable=\"false\" data-particle-mobile-disabled=\"false\" class=\"elementor-element elementor-element-38767d0 e-con-full e-flex e-con e-parent\" data-id=\"38767d0\" data-element_type=\"container\" data-e-type=\"container\" data-settings=\"{&quot;background_background&quot;:&quot;classic&quot;}\">\n\t\t\t\t<div class=\"elementor-element elementor-element-1c1bf51 elementor-widget elementor-widget-html\" data-id=\"1c1bf51\" data-element_type=\"widget\" data-e-type=\"widget\" data-widget_type=\"html.default\">\n\t\t\t\t<div class=\"elementor-widget-container\">\n\t\t\t\t\t<div id=\"container-where-to-build\"><\/div><br><script type=\"text\/javascript\">\r\n\t\tconst props = {\r\n\t\t\thostname: \"olybet.lv\",\r\n\t\t\tlocale: \"lv\",\r\n\t\t\tdata: {\r\n\t\t\t    google_api_key: 'AIzaSyBDp2U-N81lB_sNLnRiWNwqczxEgyJMEGM'\r\n\t\t\t    \r\n\t\t\t}\r\n\t\t};\r\n \r\n\t\tfunction loadScript(url, callback) {\r\n\t\t\tvar script = document.createElement(\"script\");\r\n\t\t\tscript.type = \"text\/javascript\";\r\n \r\n\t\t\tif (script.readyState) { \/\/ IE\r\n\t\t\t\tscript.onreadystatechange = function () {\r\n\t\t\t\t\tif (script.readyState === \"loaded\" || script.readyState === \"complete\") {\r\n\t\t\t\t\t\tscript.onreadystatechange = null;\r\n\t\t\t\t\t\tcallback();\r\n\t\t\t\t\t}\r\n\t\t\t\t};\r\n\t\t\t} else {\r\n\t\t\t\tscript.onload = function () {\r\n\t\t\t\t\tcallback();\r\n\t\t\t\t};\r\n\t\t\t}\r\n \r\n\t\t\tscript.src = url;\r\n\t\t\tdocument.getElementsByTagName(\"head\")[0].appendChild(script);\r\n\t\t}\r\n \r\n\t\tasync function init() {\r\n\t\t\ttry {\r\n\t\t\t\tconst mfModule = await window.content_assets.get('.\/shops');\r\n\t\t\t\tconst {default: renderMfe} = mfModule();\r\n\t\t\t\trenderMfe(document.getElementById('container-where-to-build'), props);\r\n\t\t\t} catch (e) {\r\n\t\t\t\tthrow e;\r\n\t\t\t}\r\n\t\t}\r\n \r\n\t\tloadScript(\"https:\/\/content-assets.olybet.dev\/remoteEntry.js\", async function () {\r\n\t\t\tawait init();\r\n\t\t});\r\n<\/script>\t\t\t\t<\/div>\n\t\t\t\t<\/div>\n\t\t\t\t<\/div>\n\t\t\t\t<\/div>\n\t\t","protected":false},"excerpt":{"rendered":"<p>Lok\u0101cijas.<\/p>\n","protected":false},"author":2,"featured_media":0,"parent":0,"menu_order":0,"comment_status":"closed","ping_status":"closed","template":"","meta":{"_acf_changed":false,"footnotes":""},"class_list":["post-2605","page","type-page","status-publish","hentry"],"yoast_head":"<!-- This site is optimized with the Yoast SEO plugin v27.3 - https:\/\/yoast.com\/product\/yoast-seo-wordpress\/ -->\n<title>OlyBet Sports Bar: atrodi ide\u0101lo b\u0101ru sav\u0101 apk\u0101rtn\u0113! | Sporta b\u0101ri vis\u0101 Latvij\u0101<\/title>\n<meta name=\"description\" content=\"Mekl\u0113 sev tuv\u0101ko b\u0101ru ar lab\u0101ko sporta atmosf\u0113ru? OlyBet Sports Bar atrodami vis\u0101 Latvij\u0101! Atrodi sev tuv\u0101ko b\u0101ru un seko l\u012bdzi liel\u0101kajiem sporta notikumiem!\" \/>\n<meta name=\"robots\" content=\"index, follow, max-snippet:-1, max-image-preview:large, max-video-preview:-1\" \/>\n<link rel=\"canonical\" href=\"https:\/\/olybetsportsbar.com\/lv\/norises-vietas\/\" \/>\n<meta property=\"og:locale\" content=\"lv_LV\" \/>\n<meta property=\"og:type\" content=\"article\" \/>\n<meta property=\"og:title\" content=\"OlyBet Sports Bar: atrodi ide\u0101lo b\u0101ru sav\u0101 apk\u0101rtn\u0113! | Sporta b\u0101ri vis\u0101 Latvij\u0101\" \/>\n<meta property=\"og:description\" content=\"Mekl\u0113 sev tuv\u0101ko b\u0101ru ar lab\u0101ko sporta atmosf\u0113ru? OlyBet Sports Bar atrodami vis\u0101 Latvij\u0101! Atrodi sev tuv\u0101ko b\u0101ru un seko l\u012bdzi liel\u0101kajiem sporta notikumiem!\" \/>\n<meta property=\"og:url\" content=\"https:\/\/olybetsportsbar.com\/lv\/norises-vietas\/\" \/>\n<meta property=\"og:site_name\" content=\"OlyBet Sportsbar Latvija\" \/>\n<meta property=\"article:modified_time\" content=\"2025-06-25T13:42:30+00:00\" \/>\n<meta property=\"og:image\" content=\"https:\/\/olybetsportsbar.com\/lv\/wp-content\/uploads\/sites\/3\/2024\/04\/sportsbar-logo-white-header-1.png\" \/>\n\t<meta property=\"og:image:width\" content=\"260\" \/>\n\t<meta property=\"og:image:height\" content=\"112\" \/>\n\t<meta property=\"og:image:type\" content=\"image\/png\" \/>\n<meta name=\"twitter:card\" content=\"summary_large_image\" \/>\n<meta name=\"twitter:label1\" content=\"Est. reading time\" \/>\n\t<meta name=\"twitter:data1\" content=\"23 minutes\" \/>\n<script type=\"application\/ld+json\" class=\"yoast-schema-graph\">{\"@context\":\"https:\\\/\\\/schema.org\",\"@graph\":[{\"@type\":\"WebPage\",\"@id\":\"https:\\\/\\\/olybetsportsbar.com\\\/lv\\\/norises-vietas\\\/\",\"url\":\"https:\\\/\\\/olybetsportsbar.com\\\/lv\\\/norises-vietas\\\/\",\"name\":\"OlyBet Sports Bar: atrodi ide\u0101lo b\u0101ru sav\u0101 apk\u0101rtn\u0113! | Sporta b\u0101ri vis\u0101 Latvij\u0101\",\"isPartOf\":{\"@id\":\"https:\\\/\\\/olybetsportsbar.com\\\/lv\\\/#website\"},\"datePublished\":\"2024-04-16T04:01:28+00:00\",\"dateModified\":\"2025-06-25T13:42:30+00:00\",\"description\":\"Mekl\u0113 sev tuv\u0101ko b\u0101ru ar lab\u0101ko sporta atmosf\u0113ru? OlyBet Sports Bar atrodami vis\u0101 Latvij\u0101! Atrodi sev tuv\u0101ko b\u0101ru un seko l\u012bdzi liel\u0101kajiem sporta notikumiem!\",\"breadcrumb\":{\"@id\":\"https:\\\/\\\/olybetsportsbar.com\\\/lv\\\/norises-vietas\\\/#breadcrumb\"},\"inLanguage\":\"lv-LV\",\"potentialAction\":[{\"@type\":\"ReadAction\",\"target\":[\"https:\\\/\\\/olybetsportsbar.com\\\/lv\\\/norises-vietas\\\/\"]}]},{\"@type\":\"BreadcrumbList\",\"@id\":\"https:\\\/\\\/olybetsportsbar.com\\\/lv\\\/norises-vietas\\\/#breadcrumb\",\"itemListElement\":[{\"@type\":\"ListItem\",\"position\":1,\"name\":\"Home\",\"item\":\"https:\\\/\\\/olybetsportsbar.com\\\/lv\\\/\"},{\"@type\":\"ListItem\",\"position\":2,\"name\":\"Lok\u0101cijas\"}]},{\"@type\":\"WebSite\",\"@id\":\"https:\\\/\\\/olybetsportsbar.com\\\/lv\\\/#website\",\"url\":\"https:\\\/\\\/olybetsportsbar.com\\\/lv\\\/\",\"name\":\"OlyBet Sportsbar Latvija\",\"description\":\"\",\"publisher\":{\"@id\":\"https:\\\/\\\/olybetsportsbar.com\\\/lv\\\/#organization\"},\"potentialAction\":[{\"@type\":\"SearchAction\",\"target\":{\"@type\":\"EntryPoint\",\"urlTemplate\":\"https:\\\/\\\/olybetsportsbar.com\\\/lv\\\/?s={search_term_string}\"},\"query-input\":{\"@type\":\"PropertyValueSpecification\",\"valueRequired\":true,\"valueName\":\"search_term_string\"}}],\"inLanguage\":\"lv-LV\"},{\"@type\":\"Organization\",\"@id\":\"https:\\\/\\\/olybetsportsbar.com\\\/lv\\\/#organization\",\"name\":\"OlyBet Sportsbar Latvija\",\"url\":\"https:\\\/\\\/olybetsportsbar.com\\\/lv\\\/\",\"logo\":{\"@type\":\"ImageObject\",\"inLanguage\":\"lv-LV\",\"@id\":\"https:\\\/\\\/olybetsportsbar.com\\\/lv\\\/#\\\/schema\\\/logo\\\/image\\\/\",\"url\":\"https:\\\/\\\/olybetsportsbar.com\\\/lv\\\/wp-content\\\/uploads\\\/sites\\\/3\\\/2024\\\/04\\\/hero-header-logo.png\",\"contentUrl\":\"https:\\\/\\\/olybetsportsbar.com\\\/lv\\\/wp-content\\\/uploads\\\/sites\\\/3\\\/2024\\\/04\\\/hero-header-logo.png\",\"width\":728,\"height\":317,\"caption\":\"OlyBet Sportsbar Latvija\"},\"image\":{\"@id\":\"https:\\\/\\\/olybetsportsbar.com\\\/lv\\\/#\\\/schema\\\/logo\\\/image\\\/\"}}]}<\/script>\n<!-- \/ Yoast SEO plugin. -->","yoast_head_json":{"title":"OlyBet Sports Bar: atrodi ide\u0101lo b\u0101ru sav\u0101 apk\u0101rtn\u0113! | Sporta b\u0101ri vis\u0101 Latvij\u0101","description":"Mekl\u0113 sev tuv\u0101ko b\u0101ru ar lab\u0101ko sporta atmosf\u0113ru? OlyBet Sports Bar atrodami vis\u0101 Latvij\u0101! Atrodi sev tuv\u0101ko b\u0101ru un seko l\u012bdzi liel\u0101kajiem sporta notikumiem!","robots":{"index":"index","follow":"follow","max-snippet":"max-snippet:-1","max-image-preview":"max-image-preview:large","max-video-preview":"max-video-preview:-1"},"canonical":"https:\/\/olybetsportsbar.com\/lv\/norises-vietas\/","og_locale":"lv_LV","og_type":"article","og_title":"OlyBet Sports Bar: atrodi ide\u0101lo b\u0101ru sav\u0101 apk\u0101rtn\u0113! | Sporta b\u0101ri vis\u0101 Latvij\u0101","og_description":"Mekl\u0113 sev tuv\u0101ko b\u0101ru ar lab\u0101ko sporta atmosf\u0113ru? OlyBet Sports Bar atrodami vis\u0101 Latvij\u0101! Atrodi sev tuv\u0101ko b\u0101ru un seko l\u012bdzi liel\u0101kajiem sporta notikumiem!","og_url":"https:\/\/olybetsportsbar.com\/lv\/norises-vietas\/","og_site_name":"OlyBet Sportsbar Latvija","article_modified_time":"2025-06-25T13:42:30+00:00","og_image":[{"width":260,"height":112,"url":"https:\/\/olybetsportsbar.com\/lv\/wp-content\/uploads\/sites\/3\/2024\/04\/sportsbar-logo-white-header-1.png","type":"image\/png"}],"twitter_card":"summary_large_image","twitter_misc":{"Est. reading time":"23 minutes"},"schema":{"@context":"https:\/\/schema.org","@graph":[{"@type":"WebPage","@id":"https:\/\/olybetsportsbar.com\/lv\/norises-vietas\/","url":"https:\/\/olybetsportsbar.com\/lv\/norises-vietas\/","name":"OlyBet Sports Bar: atrodi ide\u0101lo b\u0101ru sav\u0101 apk\u0101rtn\u0113! | Sporta b\u0101ri vis\u0101 Latvij\u0101","isPartOf":{"@id":"https:\/\/olybetsportsbar.com\/lv\/#website"},"datePublished":"2024-04-16T04:01:28+00:00","dateModified":"2025-06-25T13:42:30+00:00","description":"Mekl\u0113 sev tuv\u0101ko b\u0101ru ar lab\u0101ko sporta atmosf\u0113ru? OlyBet Sports Bar atrodami vis\u0101 Latvij\u0101! Atrodi sev tuv\u0101ko b\u0101ru un seko l\u012bdzi liel\u0101kajiem sporta notikumiem!","breadcrumb":{"@id":"https:\/\/olybetsportsbar.com\/lv\/norises-vietas\/#breadcrumb"},"inLanguage":"lv-LV","potentialAction":[{"@type":"ReadAction","target":["https:\/\/olybetsportsbar.com\/lv\/norises-vietas\/"]}]},{"@type":"BreadcrumbList","@id":"https:\/\/olybetsportsbar.com\/lv\/norises-vietas\/#breadcrumb","itemListElement":[{"@type":"ListItem","position":1,"name":"Home","item":"https:\/\/olybetsportsbar.com\/lv\/"},{"@type":"ListItem","position":2,"name":"Lok\u0101cijas"}]},{"@type":"WebSite","@id":"https:\/\/olybetsportsbar.com\/lv\/#website","url":"https:\/\/olybetsportsbar.com\/lv\/","name":"OlyBet Sportsbar Latvija","description":"","publisher":{"@id":"https:\/\/olybetsportsbar.com\/lv\/#organization"},"potentialAction":[{"@type":"SearchAction","target":{"@type":"EntryPoint","urlTemplate":"https:\/\/olybetsportsbar.com\/lv\/?s={search_term_string}"},"query-input":{"@type":"PropertyValueSpecification","valueRequired":true,"valueName":"search_term_string"}}],"inLanguage":"lv-LV"},{"@type":"Organization","@id":"https:\/\/olybetsportsbar.com\/lv\/#organization","name":"OlyBet Sportsbar Latvija","url":"https:\/\/olybetsportsbar.com\/lv\/","logo":{"@type":"ImageObject","inLanguage":"lv-LV","@id":"https:\/\/olybetsportsbar.com\/lv\/#\/schema\/logo\/image\/","url":"https:\/\/olybetsportsbar.com\/lv\/wp-content\/uploads\/sites\/3\/2024\/04\/hero-header-logo.png","contentUrl":"https:\/\/olybetsportsbar.com\/lv\/wp-content\/uploads\/sites\/3\/2024\/04\/hero-header-logo.png","width":728,"height":317,"caption":"OlyBet Sportsbar Latvija"},"image":{"@id":"https:\/\/olybetsportsbar.com\/lv\/#\/schema\/logo\/image\/"}}]}},"acf":[],"publishpress_future_action":{"enabled":false,"date":"2026-04-14 19:46:49","action":"change-status","newStatus":"draft","terms":[],"taxonomy":"translation_priority","extraData":[]},"publishpress_future_workflow_manual_trigger":{"enabledWorkflows":[]},"_links":{"self":[{"href":"https:\/\/olybetsportsbar.com\/lv\/wp-json\/wp\/v2\/pages\/2605","targetHints":{"allow":["GET"]}}],"collection":[{"href":"https:\/\/olybetsportsbar.com\/lv\/wp-json\/wp\/v2\/pages"}],"about":[{"href":"https:\/\/olybetsportsbar.com\/lv\/wp-json\/wp\/v2\/types\/page"}],"author":[{"embeddable":true,"href":"https:\/\/olybetsportsbar.com\/lv\/wp-json\/wp\/v2\/users\/2"}],"replies":[{"embeddable":true,"href":"https:\/\/olybetsportsbar.com\/lv\/wp-json\/wp\/v2\/comments?post=2605"}],"version-history":[{"count":16,"href":"https:\/\/olybetsportsbar.com\/lv\/wp-json\/wp\/v2\/pages\/2605\/revisions"}],"predecessor-version":[{"id":7045,"href":"https:\/\/olybetsportsbar.com\/lv\/wp-json\/wp\/v2\/pages\/2605\/revisions\/7045"}],"wp:attachment":[{"href":"https:\/\/olybetsportsbar.com\/lv\/wp-json\/wp\/v2\/media?parent=2605"}],"curies":[{"name":"wp","href":"https:\/\/api.w.org\/{rel}","templated":true}]}}