{"id":5368,"date":"2024-07-05T07:19:20","date_gmt":"2024-07-05T07:19:20","guid":{"rendered":"https:\/\/olybetsportsbar.com\/lv\/?page_id=5368"},"modified":"2024-07-05T14:42:32","modified_gmt":"2024-07-05T14:42:32","slug":"penkick-privacy","status":"publish","type":"page","link":"https:\/\/olybetsportsbar.com\/lv\/penkick-privacy\/","title":{"rendered":"Penkick Privacy"},"content":{"rendered":"\t\t<div data-elementor-type=\"wp-page\" data-elementor-id=\"5368\" class=\"elementor elementor-5368\" data-elementor-post-type=\"page\">\n\t\t\t\t<div data-particle_enable=\"false\" data-particle-mobile-disabled=\"false\" class=\"elementor-element elementor-element-dce40ef e-flex e-con-boxed e-con e-parent\" data-id=\"dce40ef\" data-element_type=\"container\" data-e-type=\"container\" data-settings=\"{&quot;background_background&quot;:&quot;classic&quot;}\">\n\t\t\t\t\t<div class=\"e-con-inner\">\n\t\t<div data-particle_enable=\"false\" data-particle-mobile-disabled=\"false\" class=\"elementor-element elementor-element-c45b930 e-con-full e-flex e-con e-child\" data-id=\"c45b930\" data-element_type=\"container\" data-e-type=\"container\">\n\t\t\t\t<div class=\"elementor-element elementor-element-858d3f3 elementor-widget elementor-widget-heading\" data-id=\"858d3f3\" data-element_type=\"widget\" data-e-type=\"widget\" data-widget_type=\"heading.default\">\n\t\t\t\t<div class=\"elementor-widget-container\">\n\t\t\t\t\t<h2 class=\"elementor-heading-title elementor-size-default\">Visp\u0101r\u0113jie noteikumi<\/h2>\t\t\t\t<\/div>\n\t\t\t\t<\/div>\n\t\t\t\t<div class=\"elementor-element elementor-element-25d576c elementor-widget elementor-widget-text-editor\" data-id=\"25d576c\" data-element_type=\"widget\" data-e-type=\"widget\" data-widget_type=\"text-editor.default\">\n\t\t\t\t<div class=\"elementor-widget-container\">\n\t\t\t\t\t\t\t\t\t<p><strong>1.\u00a0 Visp\u0101r\u0113jie noteikumi<\/strong><\/p><p>1.1. \u0160aj\u0101 pazi\u0146ojum\u0101 tiek izskaidrota sp\u0113l\u0113t\u0101ju personas datu apstr\u0101de Sp\u0113l\u0113 &#8220;Penalty Kick&#8221; (turpm\u0101k &#8220;Sp\u0113le&#8221;) un ties\u012bbas attiec\u012bb\u0101 uz personas datu apstr\u0101di.<\/p><p>1.2. Datu p\u0101rzinis ir OB Holding 1 O\u00dc (turpm\u0101k &#8220;OlyBet&#8221;) re\u0123istr\u0101cijas kods 14975047, adrese Pronksi 19, Tallina 10124, Igaunija, +3726671250, estonia@oc.eu.<\/p><p>1.3. Datu aizsardz\u012bbas inspektora kontaktinform\u0101cija ir \u0161\u0101da: olybetestoniaDPO@olybet.com, Pronksi 19, Tallina 10124.<\/p><p>1.4. OlyBet \u012bsteno atbilsto\u0161us tehniskos un organizatoriskos pas\u0101kumus, lai aizsarg\u0101tu personas datus no nesankcion\u0113tas piek\u013cuves, nelikum\u012bgas izpau\u0161anas, nejau\u0161as nozaud\u0113\u0161anas, p\u0101rveido\u0161anas, izn\u012bcin\u0101\u0161anas vai citas nelikum\u012bgas apstr\u0101des. T\u0101pat piepras\u0101m m\u016bsu sadarb\u012bbas partneriem, kuriem nododam personas datus saska\u0146\u0101 ar \u0161o Priv\u0101tuma pazi\u0146ojumu, \u012bstenot nepiecie\u0161amos organizatoriskos, fiziskos un IT dro\u0161\u012bbas pas\u0101kumus. Tom\u0113r, l\u016bdzu, \u0146emiet v\u0113r\u0101, ka, pat veicot visus tehniskos un organizatoriskos pas\u0101kumus personas datu aizsardz\u012bbai, da\u017ei riski, piem\u0113ram, kiberuzbrukumi, elektr\u012bbas zudums, programmat\u016bras k\u013c\u016bdas vai personas \u013caunpr\u0101t\u012bga darb\u012bba, joproj\u0101m past\u0101v.Atkl\u0101jot \u0161\u0101du p\u0101rk\u0101pumu, m\u0113s veiksim visas sapr\u0101t\u012bg\u0101s darb\u012bbas, lai mazin\u0101tu un minimiz\u0113tu risku m\u016bsu sp\u0113l\u0113t\u0101jiem.<\/p><p>1.5. Personas datu apstr\u0101des noteikumi var b\u016bt iek\u013cauti ar\u012b l\u012bgumos starp sp\u0113l\u0113t\u0101ju un OlyBet, piem\u0113ram, Noteikumos un nosac\u012bjumos. \u0160\u0101d\u0101 gad\u012bjum\u0101, ja notiek noteikumu konflikts, tiek piem\u0113roti Noteikumos un nosac\u012bjumos nor\u0101d\u012btie noteikumi.<\/p><p><strong>2.Sp\u0113l\u0113t\u0101ju ties\u012bbas attiec\u012bb\u0101 uz vi\u0146u personas datu apstr\u0101di<\/strong><\/p><p>2.1. Sp\u0113l\u0113t\u0101jam ir ties\u012bbas tikt inform\u0113tam, vai OlyBet apstr\u0101d\u0101 vi\u0146u personas datus un, ja j\u0101, sa\u0146emt attiec\u012bgo datu kopiju.<\/p><p>2.2. Sp\u0113l\u0113t\u0101jam ir ties\u012bbas piepras\u012bt neprec\u012bzu personas datu labo\u0161anu.<\/p><p>2.3. Sp\u0113l\u0113t\u0101jam ir ties\u012bbas jebkur\u0101 laik\u0101 atsaukt savu piekri\u0161anu personas datu apstr\u0101dei (piem\u0113ram, tie\u0161\u0101 m\u0101rketinga piekri\u0161anu), ja apstr\u0101de ir balst\u012bta uz piekri\u0161anu. Piekri\u0161anas atsauk\u0161ana neietekm\u0113 apstr\u0101des likum\u012bbu, kas notika pirms atsauk\u0161anas.<\/p><p>2.4. Sp\u0113l\u0113t\u0101jam ir ties\u012bbas piepras\u012bt vi\u0146u personas datu dz\u0113\u0161anu. OlyBet var dz\u0113st datus, kas apstr\u0101d\u0101ti uz piekri\u0161anas vai le\u0123it\u012bmas intereses pamata, ja OlyBet intereses nep\u0101rsniedz sp\u0113l\u0113t\u0101ja intereses. Ties\u012bbas uz dz\u0113\u0161anu neattiecas uz datiem, kas apstr\u0101d\u0101ti juridisku vai l\u012bgumisku saist\u012bbu izpildei, tik ilgi, kam\u0113r \u0161\u012bs saist\u012bbas ir sp\u0113k\u0101.<\/p><p>2.5. Sp\u0113l\u0113t\u0101jam ir ties\u012bbas iebilst pret vi\u0146u personas datu apstr\u0101di (\u012bpa\u0161i, ja t\u0101 balst\u0101s uz le\u0123it\u012bm\u0101m interes\u0113m) un ierobe\u017eot vi\u0146u personas datu apstr\u0101di, ja tas ir pamatots.<\/p><p>2.6. Sp\u0113l\u0113t\u0101jam ir ties\u012bbas sa\u0146emt savus personas datus, kas iesniegti uz piekri\u0161anas pamata vai l\u012bguma izpildei, struktur\u0113t\u0101 un ma\u0161\u012bnlas\u0101m\u0101 form\u0101t\u0101 (ja tehniski iesp\u0113jams) nodo\u0161anai cit\u0101m uz\u0146\u0113mumiem.<\/p><p>2.7. Sp\u0113l\u0113t\u0101jam ir ties\u012bbas iesniegt s\u016bdz\u012bbu par personas datu apstr\u0101di Igaunijas Datu aizsardz\u012bbas inspekcij\u0101, s\u016btot e-pastu uz info@aki.ee vai kl\u0101tien\u0113 Tatari 39, Tallina.<\/p><p><strong>3.Apstr\u0101d\u0101tie personas dati un to avoti<\/strong><\/p><p>3.1. OlyBet apstr\u0101d\u0101 \u0161\u0101dus sp\u0113l\u0113t\u0101ju personas datus:<\/p><p>3.1.1. M\u0101rketinga dati: e-pasts un\/vai mobil\u0101 t\u0101lru\u0146a numurs, sazi\u0146as valoda, produkta\/pakalpojuma preference, piekri\u0161ana tie\u0161ajam m\u0101rketingam, zi\u0146as saturs, zi\u0146as datums un laiks.<\/p><p>3.1.2. M\u0101jaslapas apmekl\u0113juma dati: IP adrese (ieskaitot atra\u0161an\u0101s vietu p\u0113c IP adreses), interneta pakalpojumu sniedz\u0113js, atsauces URL, datums, laiks, piek\u013cuves mar\u0137ieris, sesijas atsl\u0113ga, t\u012bmek\u013ca p\u0101rl\u016bkprogrammas tips un versija, oper\u0113t\u0101jsist\u0113ma, p\u0101rs\u016bt\u012bto datu daudzums un statuss, MAC adrese.<\/p><p>3.1.3. S\u012bkdat\u0146u dati: OlyBet izmanto s\u012bkdatnes sav\u0101s m\u0101jaslap\u0101s un Sp\u0113l\u0113, lai optimiz\u0113tu m\u0101jaslapu, Sp\u0113li un to funkcijas. S\u012bkdatnes var v\u0101kt personas datus.<\/p><p>3.2. OlyBet neapstr\u0101d\u0101 \u012bpa\u0161as kategorijas personas datus Sp\u0113l\u0113 vai m\u0101rketinga nol\u016bkos.<\/p><p>3.3. Atkar\u012bb\u0101 no apstr\u0101des m\u0113r\u0137a un rakstura, OlyBet v\u0101c sp\u0113l\u0113t\u0101ja personas datus no sp\u0113l\u0113t\u0101ja, sp\u0113l\u0113t\u0101ja p\u0101rl\u016bkprogrammas s\u012bkdatn\u0113m, sp\u0113l\u0113t\u0101ja interneta pakalpojumu sniedz\u0113ja.<\/p><p><strong>4.Personas datu apstr\u0101des juridiskais pamats un m\u0113r\u0137i<\/strong><\/p><p>4.1. Vietnes apmekl\u0113t\u0101ja personas datu apstr\u0101des tiesiskais pamats ir l\u012bgumsaist\u012bbu izpilde, datu subjekta piekri\u0161ana un OlyBet le\u0123it\u012bm\u0101s intereses. T\u0101l\u0101k ir sniegts apstr\u0101des darb\u012bbu saraksts un to juridiskais pamats:<\/p><p>4.1.1 Lai izpild\u012btu l\u012bgumsaist\u012bbas, m\u0113s apstr\u0101d\u0101jam: t\u012bmek\u013ca vietnes apmekl\u0113jumu datus, s\u012bkfailu datus, m\u0101rketinga datus, vizu\u0101los datus;<\/p><p>4.1.2 Pamatojoties uz datu subjekta piekri\u0161anu, m\u0113s apstr\u0101d\u0101jam m\u0101rketinga datus un s\u012bkfailu datus;<\/p><p>4.1.3 Pamatojoties uz le\u0123it\u012bmaj\u0101m interes\u0113m, m\u0113s apstr\u0101d\u0101jam: t\u012bmek\u013ca vietnes apmekl\u0113jumu datus, s\u012bkfailu datus.<\/p><p>4.2. Sp\u0113l\u0113t\u0101ja personas datu apstr\u0101des m\u0113r\u0137i ir: konkursa organiz\u0113\u0161ana, sp\u0113l\u0113t\u0101jiem zi\u0146u izs\u016bt\u012b\u0161ana, sp\u0113l\u0113t\u0101jiem inform\u0101cijas snieg\u0161ana, OlyBet pakalpojumu\/produktu m\u0101rketings, sp\u0113l\u0113t\u0101ju atsauksmju apstr\u0101de, sp\u0113l\u0113t\u0101ju b\u0101zes papla\u0161in\u0101\u0161ana, sp\u0113l\u0113t\u0101ju lojalit\u0101tes veido\u0161ana un pievienot\u0101s v\u0113rt\u012bbas nodro\u0161in\u0101\u0161ana, OlyBet resursu p\u0101rvald\u012bba, t\u012bmek\u013ca vietnes un Sp\u0113les uzlabo\u0161ana.<\/p><p>4.3. Gad\u012bjum\u0101, ja datu apstr\u0101de tiek veikta juridisko vai l\u012bgumsaist\u012bbu izpildes nol\u016bkos, sp\u0113l\u0113t\u0101jam ir pien\u0101kums sniegt \u0161\u0101dus personas datus. \u0160\u0101du datu nesnieg\u0161ana ne\u013caus OlyBet pild\u012bt savas l\u012bgumsaist\u012bbas vai juridiskos pien\u0101kumus, un tas ierobe\u017eos vietnes apmekl\u0113t\u0101ja iesp\u0113jas izmantot pied\u0101v\u0101tos pakalpojumus.<\/p><p>4.4 Ja OlyBet veic personas datu apstr\u0101di uz likum\u012bgu intere\u0161u pamata, OlyBet ir nov\u0113rt\u0113jis, ka t\u0101 likum\u012bg\u0101s intereses saist\u012bb\u0101 ar personas datu apstr\u0101d\u0101\u0161anu noteiktos nol\u016bkos ir svar\u012bg\u0101kas par vietnes apmekl\u0113t\u0101ja interes\u0113m un ties\u012bb\u0101m.<\/p><p>4.5 Ja personas dati tiek apstr\u0101d\u0101ti, pamatojoties uz vietnes apmekl\u0113t\u0101ja piekri\u0161anu, tad \u0161o piekri\u0161anu var atsaukt, sazinoties ar datu aizsardz\u012bbas speci\u0101listu, kura kontaktinform\u0101cija atrodama 1.3.\u202fpunkt\u0101, vai noklik\u0161\u0137inot uz atteik\u0161an\u0101s saites katra m\u0101rketinga zi\u0146ojuma beig\u0101s<\/p><p><strong>5. Profil\u0113\u0161ana un automatiz\u0113ti l\u0113mumi<\/strong><\/p><p>5.1. Profil\u0113\u0161anu izmanto \u0161\u0101dos procesos uz \u0161\u0101das lo\u0123ikas pamata.<\/p><p>5.1.1. OlyBet pied\u0101v\u0101to pakalpojumu\/produktu m\u0101rketings, pamatojoties uz vietnes trafika anal\u012bzi un nosakot vietnes lietojumu.<\/p><p>5.2. Automatiz\u0113ti l\u0113mumi Sp\u0113l\u0113 netiek izmantoti. Gad\u012bjum\u0101, ja OlyBet apstr\u0101d\u0101 personas datus, pamatojoties uz le\u0123it\u012bm\u0101m interes\u0113m, OlyBet ir izv\u0113rt\u0113jis, ka t\u0101 le\u0123it\u012bm\u0101s intereses apstr\u0101d\u0101t personas datus noteiktiem nol\u016bkiem p\u0101rsniedz sp\u0113l\u0113t\u0101ja intereses un ties\u012bbas. Gad\u012bjum\u0101, ja personas dati tiek apstr\u0101d\u0101ti, pamatojoties uz sp\u0113l\u0113t\u0101ja piekri\u0161anu, \u0161o piekri\u0161anu var atsaukt, sazinoties ar datu aizsardz\u012bbas speci\u0101listu, kura kontaktinform\u0101cija ir atrodama 1.3. punkt\u0101, vai noklik\u0161\u0137inot uz atteik\u0161an\u0101s saites katras m\u0101rketinga zi\u0146as beig\u0101s.<\/p><p>6. Personas datu nodo\u0161ana<\/p><p>6.1. Lai sniegtu pakalpojumus un\/vai izpild\u012btu savas juridisk\u0101s saist\u012bbas, OlyBet par personas datu apstr\u0101d\u0101t\u0101jiem izmanto partnerus, kuri apstr\u0101d\u0101 datus OlyBet noteiktaj\u0101 apjom\u0101 un atbilsto\u0161i OlyBet sniegtajiem nor\u0101d\u012bjumiem.<\/p><p>6.2. Apstr\u0101d\u0101jot personas datus, OlyBet nodos j\u016bsu personas datus \u0161\u0101diem sa\u0146\u0113m\u0113jiem, kuri var b\u016bt gan datu p\u0101rzinis, gan apstr\u0101d\u0101t\u0101js: saviem grupas uz\u0146\u0113mumiem (OlyBet Entit\u0101tes, k\u0101 nor\u0101d\u012bts Noteikumos), valsts iest\u0101d\u0113m, ties\u0101m, bank\u0101m, auditoriem un juridiskajiem konsultantiem, apdro\u0161in\u0101\u0161anas sabiedr\u012bb\u0101m, anal\u012bzes pakalpojumu sniedz\u0113jiem, kr\u0101p\u0161anas atkl\u0101\u0161anas un nov\u0113r\u0161anas pakalpojumu sniedz\u0113jiem, sp\u0113l\u0113t\u0101ju autentifik\u0101cijas pakalpojumu sniedz\u0113jiem, aptauju pakalpojumu sniedz\u0113jiem, arhiv\u0113\u0161anas pakalpojumu sniedz\u0113jiem, inform\u0101cijas p\u0101rraides un sazi\u0146as pakalpojumu sniedz\u0113jiem, straum\u0113\u0161anas pakalpojumu starpniekiem, trauksmes cel\u0161anas platformas operatoriem.<\/p><p>6.3. Ja OlyBet partneris, kas apstr\u0101d\u0101 personas datus, atrodas \u0101rpus Eiropas Savien\u012bbas, personas datu p\u0101rraid\u012b\u0161anai tiek izmantoti \u0161\u0101di aizsardz\u012bbas pas\u0101kumi: <a href=\"https:\/\/commission.europa.eu\/law\/law-topic\/data-protection\/international-dimension-data-protection\/adequacy-decisions_en\">pietiekams datu aizsardz\u012bbas l\u012bmenis<\/a> sa\u0146\u0113m\u0113ja valst\u012b atbilsto\u0161i Eiropas Komisijas l\u0113mumam vai <a href=\"https:\/\/commission.europa.eu\/law\/law-topic\/data-protection\/international-dimension-data-protection\/standard-contractual-clauses-scc_en\">datu aizsardz\u012bbas standartklauzulu<\/a> izmanto\u0161ana, ko Eiropas Komisijas ir iestr\u0101d\u0101jusi sadarb\u012bbas l\u012bgum\u0101 (lai ieg\u016btu papildu inform\u0101ciju, klik\u0161\u0137iniet uz attiec\u012bg\u0101s saites).<\/p><p>6.4. Personas datu kop\u012bgi p\u0101rzi\u0146i ir OlyBet strukt\u016bras, kas pieder pie vienas grupas ar OlyBet un ar ko OlyBet veic personas datu apstr\u0101di pakalpojumu\/produktu m\u0101rketinga, vietnes anal\u012btikas un OlyBet resursu p\u0101rvald\u012bbas nol\u016bkos. Puses ir nosl\u0113gu\u0161as l\u012bgumu par to, un tas \u013cauj pus\u0113m kop\u012bgot personas datus \u0161aj\u0101 Priv\u0101tuma pazi\u0146ojum\u0101 ietverto m\u0113r\u0137u sasnieg\u0161anai.<\/p><p>6.5. Datu apstr\u0101d\u0101t\u0101js ir Piing LTD, re\u0123istr\u0113ts Anglij\u0101 un Vels\u0101, Uz\u0146\u0113muma numurs: 08155213, PVN numurs: 138980376, Re\u0123istr\u0113tais birojs: 7 St. Petersgate, Stockport, Anglija, SK1 1EB, kas ir Sp\u0113les platformas nodro\u0161in\u0101t\u0101js, kura priv\u0101tuma pazi\u0146ojumu var atrast <a href=\"https:\/\/www.piing.events\/pen-kick-terms-and-conditions\">\u0161eit<\/a>.<\/p><p><strong>7. Personas datu glab\u0101\u0161anas termi\u0146i<\/strong><\/p><p>7.1. Vietnes apmekl\u0113t\u0101ja personas dati tiek glab\u0101ti l\u012bdz apstr\u0101des m\u0113r\u0137u izpildei vai l\u012bdz pien\u0101kumu izpildei, ko nosaka ties\u012bbu akti.<\/p><p>7.2. Vietnes apmekl\u0113jumu dati tiek saglab\u0101ti saska\u0146\u0101 ar S\u012bkdat\u0146u pazi\u0146ojum\u0101 nor\u0101d\u012btajiem glab\u0101\u0161anas laikiem. Tas ir atkar\u012bgs no da\u017e\u0101diem izmantoto s\u012bkfailu veidiem.<\/p><p>7.3. Personas dati, kas ieg\u016bti, pamatojoties uz sp\u0113l\u0113t\u0101ja piekri\u0161anu, piem\u0113ram, M\u0101rketinga dati, tiek glab\u0101ti l\u012bdz br\u012bdim, kad sp\u0113l\u0113t\u0101js atsauc \u0161o piekri\u0161anu.<\/p><p>7.4. Personas dati, kas ieg\u016bti, pamatojoties uz le\u0123it\u012bm\u0101m interes\u0113m, tiek glab\u0101ti tik ilgi, cik nepiecie\u0161ams m\u0113r\u0137iem, kuriem tie tika ieg\u016bti.<\/p>\t\t\t\t\t\t\t\t<\/div>\n\t\t\t\t<\/div>\n\t\t\t\t<\/div>\n\t\t\t\t\t<\/div>\n\t\t\t\t<\/div>\n\t\t\t\t<\/div>\n\t\t","protected":false},"excerpt":{"rendered":"<p>Visp\u0101r\u0113jie noteikumi 1.\u00a0 Visp\u0101r\u0113jie noteikumi 1.1. \u0160aj\u0101 pazi\u0146ojum\u0101 tiek izskaidrota sp\u0113l\u0113t\u0101ju personas datu apstr\u0101de Sp\u0113l\u0113 &#8220;Penalty Kick&#8221; (turpm\u0101k &#8220;Sp\u0113le&#8221;) un ties\u012bbas attiec\u012bb\u0101 uz personas datu apstr\u0101di. 1.2. Datu p\u0101rzinis ir OB Holding 1 O\u00dc (turpm\u0101k &#8220;OlyBet&#8221;) re\u0123istr\u0101cijas kods 14975047, adrese Pronksi 19, Tallina 10124, Igaunija, +3726671250, estonia@oc.eu. 1.3. Datu aizsardz\u012bbas inspektora kontaktinform\u0101cija ir \u0161\u0101da: olybetestoniaDPO@olybet.com, [&hellip;]<\/p>\n","protected":false},"author":2,"featured_media":0,"parent":0,"menu_order":0,"comment_status":"closed","ping_status":"closed","template":"","meta":{"_acf_changed":false,"footnotes":""},"class_list":["post-5368","page","type-page","status-publish","hentry"],"yoast_head":"<!-- This site is optimized with the Yoast SEO plugin v27.4 - https:\/\/yoast.com\/product\/yoast-seo-wordpress\/ -->\n<title>Penkick Privacy OlyBet Sportsbar Latvija<\/title>\n<meta name=\"robots\" content=\"index, follow, max-snippet:-1, max-image-preview:large, max-video-preview:-1\" \/>\n<link rel=\"canonical\" href=\"https:\/\/olybetsportsbar.com\/lv\/penkick-privacy\/\" \/>\n<meta property=\"og:locale\" content=\"lv_LV\" \/>\n<meta property=\"og:type\" content=\"article\" \/>\n<meta property=\"og:title\" content=\"Penkick Privacy OlyBet Sportsbar Latvija\" \/>\n<meta property=\"og:description\" content=\"Visp\u0101r\u0113jie noteikumi 1.\u00a0 Visp\u0101r\u0113jie noteikumi 1.1. \u0160aj\u0101 pazi\u0146ojum\u0101 tiek izskaidrota sp\u0113l\u0113t\u0101ju personas datu apstr\u0101de Sp\u0113l\u0113 &#8220;Penalty Kick&#8221; (turpm\u0101k &#8220;Sp\u0113le&#8221;) un ties\u012bbas attiec\u012bb\u0101 uz personas datu apstr\u0101di. 1.2. Datu p\u0101rzinis ir OB Holding 1 O\u00dc (turpm\u0101k &#8220;OlyBet&#8221;) re\u0123istr\u0101cijas kods 14975047, adrese Pronksi 19, Tallina 10124, Igaunija, +3726671250, estonia@oc.eu. 1.3. Datu aizsardz\u012bbas inspektora kontaktinform\u0101cija ir \u0161\u0101da: olybetestoniaDPO@olybet.com, [&hellip;]\" \/>\n<meta property=\"og:url\" content=\"https:\/\/olybetsportsbar.com\/lv\/penkick-privacy\/\" \/>\n<meta property=\"og:site_name\" content=\"OlyBet Sportsbar Latvija\" \/>\n<meta property=\"article:modified_time\" content=\"2024-07-05T14:42:32+00:00\" \/>\n<meta property=\"og:image\" content=\"https:\/\/olybetsportsbar.com\/lv\/wp-content\/uploads\/sites\/3\/2024\/04\/sportsbar-logo-white-header-1.png\" \/>\n\t<meta property=\"og:image:width\" content=\"260\" \/>\n\t<meta property=\"og:image:height\" content=\"112\" \/>\n\t<meta property=\"og:image:type\" content=\"image\/png\" \/>\n<meta name=\"twitter:card\" content=\"summary_large_image\" \/>\n<meta name=\"twitter:label1\" content=\"Est. reading time\" \/>\n\t<meta name=\"twitter:data1\" content=\"7 minutes\" \/>\n<script type=\"application\/ld+json\" class=\"yoast-schema-graph\">{\"@context\":\"https:\\\/\\\/schema.org\",\"@graph\":[{\"@type\":\"WebPage\",\"@id\":\"https:\\\/\\\/olybetsportsbar.com\\\/lv\\\/penkick-privacy\\\/\",\"url\":\"https:\\\/\\\/olybetsportsbar.com\\\/lv\\\/penkick-privacy\\\/\",\"name\":\"Penkick Privacy OlyBet Sportsbar Latvija\",\"isPartOf\":{\"@id\":\"https:\\\/\\\/olybetsportsbar.com\\\/lv\\\/#website\"},\"datePublished\":\"2024-07-05T07:19:20+00:00\",\"dateModified\":\"2024-07-05T14:42:32+00:00\",\"breadcrumb\":{\"@id\":\"https:\\\/\\\/olybetsportsbar.com\\\/lv\\\/penkick-privacy\\\/#breadcrumb\"},\"inLanguage\":\"lv-LV\",\"potentialAction\":[{\"@type\":\"ReadAction\",\"target\":[\"https:\\\/\\\/olybetsportsbar.com\\\/lv\\\/penkick-privacy\\\/\"]}]},{\"@type\":\"BreadcrumbList\",\"@id\":\"https:\\\/\\\/olybetsportsbar.com\\\/lv\\\/penkick-privacy\\\/#breadcrumb\",\"itemListElement\":[{\"@type\":\"ListItem\",\"position\":1,\"name\":\"Home\",\"item\":\"https:\\\/\\\/olybetsportsbar.com\\\/lv\\\/\"},{\"@type\":\"ListItem\",\"position\":2,\"name\":\"Penkick Privacy\"}]},{\"@type\":\"WebSite\",\"@id\":\"https:\\\/\\\/olybetsportsbar.com\\\/lv\\\/#website\",\"url\":\"https:\\\/\\\/olybetsportsbar.com\\\/lv\\\/\",\"name\":\"OlyBet Sportsbar Latvija\",\"description\":\"\",\"publisher\":{\"@id\":\"https:\\\/\\\/olybetsportsbar.com\\\/lv\\\/#organization\"},\"potentialAction\":[{\"@type\":\"SearchAction\",\"target\":{\"@type\":\"EntryPoint\",\"urlTemplate\":\"https:\\\/\\\/olybetsportsbar.com\\\/lv\\\/?s={search_term_string}\"},\"query-input\":{\"@type\":\"PropertyValueSpecification\",\"valueRequired\":true,\"valueName\":\"search_term_string\"}}],\"inLanguage\":\"lv-LV\"},{\"@type\":\"Organization\",\"@id\":\"https:\\\/\\\/olybetsportsbar.com\\\/lv\\\/#organization\",\"name\":\"OlyBet Sportsbar Latvija\",\"url\":\"https:\\\/\\\/olybetsportsbar.com\\\/lv\\\/\",\"logo\":{\"@type\":\"ImageObject\",\"inLanguage\":\"lv-LV\",\"@id\":\"https:\\\/\\\/olybetsportsbar.com\\\/lv\\\/#\\\/schema\\\/logo\\\/image\\\/\",\"url\":\"https:\\\/\\\/olybetsportsbar.com\\\/lv\\\/wp-content\\\/uploads\\\/sites\\\/3\\\/2024\\\/04\\\/hero-header-logo.png\",\"contentUrl\":\"https:\\\/\\\/olybetsportsbar.com\\\/lv\\\/wp-content\\\/uploads\\\/sites\\\/3\\\/2024\\\/04\\\/hero-header-logo.png\",\"width\":728,\"height\":317,\"caption\":\"OlyBet Sportsbar Latvija\"},\"image\":{\"@id\":\"https:\\\/\\\/olybetsportsbar.com\\\/lv\\\/#\\\/schema\\\/logo\\\/image\\\/\"}}]}<\/script>\n<!-- \/ Yoast SEO plugin. -->","yoast_head_json":{"title":"Penkick Privacy OlyBet Sportsbar Latvija","robots":{"index":"index","follow":"follow","max-snippet":"max-snippet:-1","max-image-preview":"max-image-preview:large","max-video-preview":"max-video-preview:-1"},"canonical":"https:\/\/olybetsportsbar.com\/lv\/penkick-privacy\/","og_locale":"lv_LV","og_type":"article","og_title":"Penkick Privacy OlyBet Sportsbar Latvija","og_description":"Visp\u0101r\u0113jie noteikumi 1.\u00a0 Visp\u0101r\u0113jie noteikumi 1.1. \u0160aj\u0101 pazi\u0146ojum\u0101 tiek izskaidrota sp\u0113l\u0113t\u0101ju personas datu apstr\u0101de Sp\u0113l\u0113 &#8220;Penalty Kick&#8221; (turpm\u0101k &#8220;Sp\u0113le&#8221;) un ties\u012bbas attiec\u012bb\u0101 uz personas datu apstr\u0101di. 1.2. Datu p\u0101rzinis ir OB Holding 1 O\u00dc (turpm\u0101k &#8220;OlyBet&#8221;) re\u0123istr\u0101cijas kods 14975047, adrese Pronksi 19, Tallina 10124, Igaunija, +3726671250, estonia@oc.eu. 1.3. Datu aizsardz\u012bbas inspektora kontaktinform\u0101cija ir \u0161\u0101da: olybetestoniaDPO@olybet.com, [&hellip;]","og_url":"https:\/\/olybetsportsbar.com\/lv\/penkick-privacy\/","og_site_name":"OlyBet Sportsbar Latvija","article_modified_time":"2024-07-05T14:42:32+00:00","og_image":[{"width":260,"height":112,"url":"https:\/\/olybetsportsbar.com\/lv\/wp-content\/uploads\/sites\/3\/2024\/04\/sportsbar-logo-white-header-1.png","type":"image\/png"}],"twitter_card":"summary_large_image","twitter_misc":{"Est. reading time":"7 minutes"},"schema":{"@context":"https:\/\/schema.org","@graph":[{"@type":"WebPage","@id":"https:\/\/olybetsportsbar.com\/lv\/penkick-privacy\/","url":"https:\/\/olybetsportsbar.com\/lv\/penkick-privacy\/","name":"Penkick Privacy OlyBet Sportsbar Latvija","isPartOf":{"@id":"https:\/\/olybetsportsbar.com\/lv\/#website"},"datePublished":"2024-07-05T07:19:20+00:00","dateModified":"2024-07-05T14:42:32+00:00","breadcrumb":{"@id":"https:\/\/olybetsportsbar.com\/lv\/penkick-privacy\/#breadcrumb"},"inLanguage":"lv-LV","potentialAction":[{"@type":"ReadAction","target":["https:\/\/olybetsportsbar.com\/lv\/penkick-privacy\/"]}]},{"@type":"BreadcrumbList","@id":"https:\/\/olybetsportsbar.com\/lv\/penkick-privacy\/#breadcrumb","itemListElement":[{"@type":"ListItem","position":1,"name":"Home","item":"https:\/\/olybetsportsbar.com\/lv\/"},{"@type":"ListItem","position":2,"name":"Penkick Privacy"}]},{"@type":"WebSite","@id":"https:\/\/olybetsportsbar.com\/lv\/#website","url":"https:\/\/olybetsportsbar.com\/lv\/","name":"OlyBet Sportsbar Latvija","description":"","publisher":{"@id":"https:\/\/olybetsportsbar.com\/lv\/#organization"},"potentialAction":[{"@type":"SearchAction","target":{"@type":"EntryPoint","urlTemplate":"https:\/\/olybetsportsbar.com\/lv\/?s={search_term_string}"},"query-input":{"@type":"PropertyValueSpecification","valueRequired":true,"valueName":"search_term_string"}}],"inLanguage":"lv-LV"},{"@type":"Organization","@id":"https:\/\/olybetsportsbar.com\/lv\/#organization","name":"OlyBet Sportsbar Latvija","url":"https:\/\/olybetsportsbar.com\/lv\/","logo":{"@type":"ImageObject","inLanguage":"lv-LV","@id":"https:\/\/olybetsportsbar.com\/lv\/#\/schema\/logo\/image\/","url":"https:\/\/olybetsportsbar.com\/lv\/wp-content\/uploads\/sites\/3\/2024\/04\/hero-header-logo.png","contentUrl":"https:\/\/olybetsportsbar.com\/lv\/wp-content\/uploads\/sites\/3\/2024\/04\/hero-header-logo.png","width":728,"height":317,"caption":"OlyBet Sportsbar Latvija"},"image":{"@id":"https:\/\/olybetsportsbar.com\/lv\/#\/schema\/logo\/image\/"}}]}},"acf":[],"publishpress_future_action":{"enabled":false,"date":"2026-05-07 02:28:39","action":"change-status","newStatus":"draft","terms":[],"taxonomy":"translation_priority","extraData":[]},"publishpress_future_workflow_manual_trigger":{"enabledWorkflows":[]},"_links":{"self":[{"href":"https:\/\/olybetsportsbar.com\/lv\/wp-json\/wp\/v2\/pages\/5368","targetHints":{"allow":["GET"]}}],"collection":[{"href":"https:\/\/olybetsportsbar.com\/lv\/wp-json\/wp\/v2\/pages"}],"about":[{"href":"https:\/\/olybetsportsbar.com\/lv\/wp-json\/wp\/v2\/types\/page"}],"author":[{"embeddable":true,"href":"https:\/\/olybetsportsbar.com\/lv\/wp-json\/wp\/v2\/users\/2"}],"replies":[{"embeddable":true,"href":"https:\/\/olybetsportsbar.com\/lv\/wp-json\/wp\/v2\/comments?post=5368"}],"version-history":[{"count":7,"href":"https:\/\/olybetsportsbar.com\/lv\/wp-json\/wp\/v2\/pages\/5368\/revisions"}],"predecessor-version":[{"id":5393,"href":"https:\/\/olybetsportsbar.com\/lv\/wp-json\/wp\/v2\/pages\/5368\/revisions\/5393"}],"wp:attachment":[{"href":"https:\/\/olybetsportsbar.com\/lv\/wp-json\/wp\/v2\/media?parent=5368"}],"curies":[{"name":"wp","href":"https:\/\/api.w.org\/{rel}","templated":true}]}}