{"id":5932,"date":"2024-12-18T14:58:28","date_gmt":"2024-12-18T12:58:28","guid":{"rendered":"https:\/\/olybetsportsbar.com\/lv\/?page_id=5932"},"modified":"2026-01-07T14:48:51","modified_gmt":"2026-01-07T12:48:51","slug":"app-noteikumi-un-nosacijumi","status":"publish","type":"page","link":"https:\/\/olybetsportsbar.com\/lv\/app-noteikumi-un-nosacijumi\/","title":{"rendered":"App Terms and Conditions"},"content":{"rendered":"\t\t<div data-elementor-type=\"wp-page\" data-elementor-id=\"5932\" class=\"elementor elementor-5932\" data-elementor-post-type=\"page\">\n\t\t\t\t<div data-particle_enable=\"false\" data-particle-mobile-disabled=\"false\" class=\"elementor-element elementor-element-9442099 e-flex e-con-boxed e-con e-parent\" data-id=\"9442099\" data-element_type=\"container\" data-e-type=\"container\" data-settings=\"{&quot;background_background&quot;:&quot;classic&quot;}\">\n\t\t\t\t\t<div class=\"e-con-inner\">\n\t\t<div data-particle_enable=\"false\" data-particle-mobile-disabled=\"false\" class=\"elementor-element elementor-element-22ee86f e-con-full e-flex e-con e-child\" data-id=\"22ee86f\" data-element_type=\"container\" data-e-type=\"container\">\n\t\t\t\t<div class=\"elementor-element elementor-element-01accd6 elementor-widget elementor-widget-heading\" data-id=\"01accd6\" data-element_type=\"widget\" data-e-type=\"widget\" data-widget_type=\"heading.default\">\n\t\t\t\t<div class=\"elementor-widget-container\">\n\t\t\t\t\t<h2 class=\"elementor-heading-title elementor-size-default\">Noteikumi un nosac\u012bjumi<\/h2>\t\t\t\t<\/div>\n\t\t\t\t<\/div>\n\t\t\t\t<div class=\"elementor-element elementor-element-2aad5a1 elementor-widget elementor-widget-text-editor\" data-id=\"2aad5a1\" data-element_type=\"widget\" data-e-type=\"widget\" data-widget_type=\"text-editor.default\">\n\t\t\t\t<div class=\"elementor-widget-container\">\n\t\t\t\t\t\t\t\t\t<p><strong>1. Ievads<\/strong><br \/>Laipni l\u016bdzam sporta b\u0101ra lietotn\u0113 (\u201cLietotne\u201d)<\/p><p>Lietotni kop\u012bgi p\u0101rvalda:<\/p><p>\u2022 <strong>Kungla Investeeringu Osa\u00fching<\/strong>, Igaunijas uz\u0146\u0113mums ar re\u0123istr\u0101cijas kodu 10103126, birojs Pronksi 19, 10124 Tallina, Igaunija<br \/>\u2022 <strong>Ahti SIA<\/strong>, Latvijas uz\u0146\u0113mums ar re\u0123istr\u0101cijas kodu 40003420708, birojs R\u0113zeknes iela 5E, LV-1073, R\u012bga, Latvija; un<br \/>\u2022 <strong>Mecom Grupp UAB<\/strong>, Lietuvas uz\u0146\u0113mums ar re\u0123istr\u0101cijas kodu 111733421, birojs Konstitucijos pr. 12, Vi\u013c\u0146a, Lietuva;<\/p><p>(turpm\u0101k tekst\u0101 \u201cm\u0113s\u201d, \u201cmums\u201d ,\u201cm\u016bsu\u201d vai \u201cUz\u0146\u0113mums\u201d). \u0160ie noteikumi un nosac\u012bjumi regul\u0113 Tavu piek\u013cuvi lietotnei un t\u0101s lieto\u0161anu, tostarp jebk\u0101du saturu, funkcionalit\u0101ti un pakalpojumus, kas tiek pied\u0101v\u0101ti lietotn\u0113 vai ar t\u0101s starpniec\u012bbu. Izmantojot lietotni, Tu piekr\u012bti iev\u0113rot \u0161os noteikumus un nosac\u012bjumus. L\u016bdzu, izlasi ar\u012b m\u016bsu Priv\u0101tuma pazi\u0146ojumu, lai saprastu, k\u0101 tie\u0161i Tavi personas dati tiek apstr\u0101d\u0101ti, izmantojot lietotni.<\/p><p>Uz\u0146\u0113mums, ar kuru Tu nosl\u0113dz l\u012bgumu saska\u0146\u0101 ar \u0161iem Noteikumiem, ir atkar\u012bgs no valsts, kur\u0101 dz\u012bvo, re\u0123istr\u0113jot savu lietot\u0101ja kontu Lietotn\u0113:<\/p><p>\u2022 Igaunijas iedz\u012bvot\u0101ji \u2013 Kungla Investeeringu Osa\u00fching<br \/>\u2022 Latvijas iedz\u012bvot\u0101ji \u2013 SIA AHTI<br \/>\u2022 Lietuvas iedz\u012bvot\u0101ji \u2013 UAB Mecom Grupp<\/p><p>Gad\u012bjum\u0101, ja p\u0113c re\u0123istr\u0101cijas Tu nepiekr\u012bti \u0161iem Noteikumiem un nosac\u012bjumiem, l\u016bdzu, neizmanto lietotni. Lietojumprogrammas izmanto\u0161ana tiek uzskat\u012bta par piekri\u0161anu \u0161iem Noteikumiem un nosac\u012bjumiem.<\/p><p><strong>2. Lietotnes m\u0113r\u0137is<\/strong><br \/>Sporta b\u0101ra lietotne ir izstr\u0101d\u0101ta, lai sniegtu lietot\u0101jiem inform\u0101ciju par:<br \/>\u2022 Sporta b\u0101ra pas\u0101kumiem<br \/>\u2022 Pied\u0101v\u0101jumiem un akcij\u0101m<br \/>\u2022 Person\u012bgajiem atlai\u017eu kodiem<br \/>\u2022 Sporta b\u0101ra atra\u0161an\u0101s viet\u0101m Baltij\u0101 (pamatojoties uz lietot\u0101ja v\u0113lamo atra\u0161an\u0101s vietu)<br \/>\u2022 Personaliz\u0113tu pieredzi, pamatojoties uz lietot\u0101ja v\u0113lm\u0113m<\/p><p><strong>3. Lietot\u0101ja konts<\/strong><br \/>Lai piek\u013c\u016btu noteikt\u0101m funkcij\u0101m, lietot\u0101jiem ir j\u0101izveido konts. Lai izveidotu kontu, Tu apliecini un piekr\u012bti:<br \/>\u2022 ka esi vismaz 18 gadus vecs;<br \/>\u2022 nodro\u0161in\u0101t un glab\u0101t Lietotn\u0113 prec\u012bzu un aktu\u0101lu inform\u0101ciju;<br \/>\u2022 glab\u0101t savu ielogo\u0161an\u0101s inform\u0101ciju dro\u0161\u012bb\u0101 un konfidenci\u0101li;<br \/>\u2022 uz\u0146emties pilnu atbild\u012bbu par vis\u0101m darb\u012bb\u0101m sav\u0101 kont\u0101;<br \/>\u2022 izmantot lietotni tikai person\u012bgi un tikai person\u012bgiem nol\u016bkiem.<\/p><p>Tu nedr\u012bksti:<br \/>\u2022 izveidot vair\u0101k nek\u0101 vienu lietot\u0101ja kontu;<br \/>\u2022 izmantot lietotni vair\u0101k\u0101s ier\u012bc\u0113s un ier\u012bc\u0113s, kas nav Tav\u0101 kontrol\u0113;<br \/>\u2022 izmantot Lietotni veid\u0101, kas rad\u012btu neslavu sporta b\u0101ra pre\u010du z\u012bmei;<br \/>\u2022 izmantot lietotni komerci\u0101los nol\u016bkos.<\/p><p>Tev ir j\u0101nodro\u0161ina, lai tre\u0161aj\u0101m pus\u0113m neb\u016btu piek\u013cuves Tavai ier\u012bcei un lietotnei. Gad\u012bjum\u0101, ja tre\u0161\u0101 persona ielogojas Lietotn\u0113 vai izmanto lietotni, izmantojot der\u012bgu lietot\u0101ja e-pasta adresi un paroli, tas tiek uzskat\u012bts par lietotnes izmanto\u0161anu Tav\u0101 izpild\u012bjum\u0101, un Tev nav ties\u012bbu v\u0113rsties pret mums jebk\u0101du zaud\u0113jumu gad\u012bjum\u0101.<\/p><p>M\u0113s varam nekav\u0113joties sl\u0113gt jebkuru lietot\u0101ja kontu, kas p\u0101rk\u0101pj \u0161os noteikumus, vai pamatojoties uz m\u016bsu vienpus\u0113ju biznesa l\u0113mumu.<\/p><p><strong>4. Personas datu izmanto\u0161ana<\/strong><br \/>L\u016bdzu, skati m\u016bsu konfidencialit\u0101tes pazi\u0146ojumu<\/p><p><strong>5. Atlai\u017eu kodi un akcijas<\/strong><br \/>Laiku pa laikam m\u0113s varam pied\u0101v\u0101t lietot\u0101jiem atlai\u017eu kodus, akcijas vai \u012bpa\u0161us pied\u0101v\u0101jumus. Uz \u0161\u012bm akcij\u0101m attiecas \u012bpa\u0161i noteikumi, tostarp der\u012bguma termi\u0146i un lieto\u0161anas ierobe\u017eojumi, kas tiks sniegti attiec\u012bg\u0101 pied\u0101v\u0101juma laik\u0101. Akcijas nevar apvienot, ja vien nav skaidri nor\u0101d\u012bts cit\u0101di.<\/p><p><strong>6. Pas\u0101kumi un pied\u0101v\u0101jumi<\/strong><br \/>Lietotn\u0113 tiks r\u0101d\u012bti pas\u0101kumi un \u012bpa\u0161ie pied\u0101v\u0101jumi, kas tiek r\u012bkoti da\u017e\u0101dos sporta b\u0101ros vis\u0101 Igaunij\u0101, Latvij\u0101 un Lietuv\u0101. Visi pas\u0101kumi un pied\u0101v\u0101jumi ir atkar\u012bgi no pieejam\u012bbas un var main\u012bties bez iepriek\u0161\u0113ja br\u012bdin\u0101juma. M\u0113s neesam atbild\u012bgi par jebk\u0101d\u0101m izmaks\u0101m vai zaud\u0113jumiem, kas radu\u0161ies jebkura pas\u0101kuma vai pied\u0101v\u0101juma atcel\u0161anas vai groz\u012b\u0161anas rezult\u0101t\u0101.<\/p><p><strong>7. Atbild\u012bbas ierobe\u017eojumi<\/strong><br \/>Tu piekr\u012bti, ka esi piln\u012bb\u0101 atbild\u012bgs par Lietotnes izmanto\u0161anu. T\u0101 k\u0101 Lietotne ir balst\u012bta uz programmat\u016bru, t\u0101 tiek nodro\u0161in\u0101ta &#8220;t\u0101da, k\u0101da t\u0101 ir&#8221;, un m\u0113s negarant\u0113jam t\u0101s pieejam\u012bbu vai darb\u012bbu 24 stundas diennakt\u012b, k\u0101 ar\u012b negarant\u0113jam, ka t\u0101 b\u016bs piem\u0113rota k\u0101dam konkr\u0113tam m\u0113r\u0137im. Cikt\u0101l to pie\u013cauj piem\u0113rojamie ties\u012bbu akti, m\u0113s neesam atbild\u012bgi par jebk\u0101diem zaud\u0113jumiem, kas radu\u0161ies, izmantojot Lietotni, tostarp, bet ne tikai, tie\u0161iem un netie\u0161iem zaud\u0113jumiem, k\u0101 ar\u012b materi\u0101liem un mor\u0101liem zaud\u0113jumiem.<\/p><p><strong>8. Intelektu\u0101lais \u012bpa\u0161ums<\/strong><br \/>Lejupiel\u0101d\u0113jot un izmantojot Lietotni, Tev tiek pie\u0161\u0137irta ierobe\u017eota, neekskluz\u012bva, bez autoratl\u012bdz\u012bbas, vispasaules, t\u0101l\u0101k nenododama, nepie\u0161\u0137irama, nelicenc\u0113jama licence, lai lejupiel\u0101d\u0113tu un instal\u0113tu Lietotni sav\u0101 ier\u012bc\u0113 un izmantotu to \u0161eit uzskait\u012btajiem m\u0113r\u0137iem. Uz licenci attiecas visi \u0161eit min\u0113tie noteikumi un nosac\u012bjumi.<br \/>Viss lietotnes saturs, l\u012bdzek\u013ci un funkcionalit\u0101te, tostarp teksti, grafika, logotipi un att\u0113li, pieder mums un\/vai mums ir licenc\u0113ti, un tos aizsarg\u0101 intelektu\u0101l\u0101 \u012bpa\u0161uma likumi. Tu nedr\u012bksti pavairot, izplat\u012bt vai izveidot atvasin\u0101tus darbus no jebkura satura Lietotn\u0113 bez m\u016bsu iepriek\u0161\u0113jas rakstiskas at\u013caujas, un Tu piln\u012bb\u0101 atl\u012bdzin\u0101si mums radu\u0161os zaud\u0113jumus, ja p\u0101rk\u0101psi \u0161o pien\u0101kumu.<\/p><p><strong>9. Noteikumu izmai\u0146as<\/strong><br \/>M\u0113s varam vienpus\u0113ji main\u012bt \u0161os Noteikumus un nosac\u012bjumus jebkur\u0101 laik\u0101. Gad\u012bjum\u0101, ja tiks veiktas izmai\u0146as, m\u0113s inform\u0113sim lietot\u0101jus, \u0161\u012bs lapas aug\u0161da\u013c\u0101 atjauninot datumu \u201cP\u0113d\u0113jo reizi atjaunin\u0101ts\u201d, k\u0101 ar\u012b inform\u0113sim lietot\u0101jus ar uznirsto\u0161o logu Lietotn\u0113, kur\u0101 Tev tiks l\u016bgts piekrist jaunajiem noteikumiem un nosac\u012bjumiem. Lietotnes turpm\u0101ka izmanto\u0161ana p\u0113c jebk\u0101d\u0101m izmai\u0146\u0101m vai uznirsto\u0161\u0101 loga tiek uzskat\u012bta par Tavu piekri\u0161anu main\u012btajiem noteikumiem.<\/p><p><strong>10. Piem\u0113rojamie ties\u012bbu akti un jurisdikcija<\/strong><br \/>Jebkuru str\u012bdu gad\u012bjum\u0101 \u0161iem Noteikumiem un nosac\u012bjumiem piem\u0113rojamie ties\u012bbu akti ir Igaunijas Republikas ties\u012bbu akti, un jebkura tiesved\u012bba tiek ierosin\u0101ta Harju apri\u0146\u0137a ties\u0101, kas atrodas Tallin\u0101, Igaunij\u0101.<\/p><p><strong>11. Sazinies ar mums<\/strong><br \/>Gad\u012bjum\u0101, ja Tev ir k\u0101di jaut\u0101jumi vai neskaidr\u012bbas par \u0161iem Noteikumiem un nosac\u012bjumiem, l\u016bdzu, sazinies ar mums: <a href=\"mailto:support@olybet.com\">support@olybet.com<\/a>.<\/p>\t\t\t\t\t\t\t\t<\/div>\n\t\t\t\t<\/div>\n\t\t\t\t<\/div>\n\t\t\t\t\t<\/div>\n\t\t\t\t<\/div>\n\t\t\t\t<\/div>\n\t\t","protected":false},"excerpt":{"rendered":"<p>Noteikumi un nosac\u012bjumi 1. IevadsLaipni l\u016bdzam sporta b\u0101ra lietotn\u0113 (\u201cLietotne\u201d) Lietotni kop\u012bgi p\u0101rvalda: \u2022 Kungla Investeeringu Osa\u00fching, Igaunijas uz\u0146\u0113mums ar re\u0123istr\u0101cijas kodu 10103126, birojs Pronksi 19, 10124 Tallina, Igaunija\u2022 Ahti SIA, Latvijas uz\u0146\u0113mums ar re\u0123istr\u0101cijas kodu 40003420708, birojs R\u0113zeknes iela 5E, LV-1073, R\u012bga, Latvija; un\u2022 Mecom Grupp UAB, Lietuvas uz\u0146\u0113mums ar re\u0123istr\u0101cijas kodu 111733421, birojs [&hellip;]<\/p>\n","protected":false},"author":2,"featured_media":0,"parent":0,"menu_order":0,"comment_status":"closed","ping_status":"closed","template":"","meta":{"_acf_changed":false,"footnotes":""},"class_list":["post-5932","page","type-page","status-publish","hentry"],"yoast_head":"<!-- This site is optimized with the Yoast SEO plugin v27.4 - https:\/\/yoast.com\/product\/yoast-seo-wordpress\/ -->\n<title>App Terms and Conditions OlyBet Sportsbar Latvija<\/title>\n<meta name=\"robots\" content=\"index, follow, max-snippet:-1, max-image-preview:large, max-video-preview:-1\" \/>\n<link rel=\"canonical\" href=\"https:\/\/olybetsportsbar.com\/lv\/app-noteikumi-un-nosacijumi\/\" \/>\n<meta property=\"og:locale\" content=\"lv_LV\" \/>\n<meta property=\"og:type\" content=\"article\" \/>\n<meta property=\"og:title\" content=\"App Terms and Conditions OlyBet Sportsbar Latvija\" \/>\n<meta property=\"og:description\" content=\"Noteikumi un nosac\u012bjumi 1. IevadsLaipni l\u016bdzam sporta b\u0101ra lietotn\u0113 (\u201cLietotne\u201d) Lietotni kop\u012bgi p\u0101rvalda: \u2022 Kungla Investeeringu Osa\u00fching, Igaunijas uz\u0146\u0113mums ar re\u0123istr\u0101cijas kodu 10103126, birojs Pronksi 19, 10124 Tallina, Igaunija\u2022 Ahti SIA, Latvijas uz\u0146\u0113mums ar re\u0123istr\u0101cijas kodu 40003420708, birojs R\u0113zeknes iela 5E, LV-1073, R\u012bga, Latvija; un\u2022 Mecom Grupp UAB, Lietuvas uz\u0146\u0113mums ar re\u0123istr\u0101cijas kodu 111733421, birojs [&hellip;]\" \/>\n<meta property=\"og:url\" content=\"https:\/\/olybetsportsbar.com\/lv\/app-noteikumi-un-nosacijumi\/\" \/>\n<meta property=\"og:site_name\" content=\"OlyBet Sportsbar Latvija\" \/>\n<meta property=\"article:modified_time\" content=\"2026-01-07T12:48:51+00:00\" \/>\n<meta property=\"og:image\" content=\"https:\/\/olybetsportsbar.com\/lv\/wp-content\/uploads\/sites\/3\/2024\/04\/sportsbar-logo-white-header-1.png\" \/>\n\t<meta property=\"og:image:width\" content=\"260\" \/>\n\t<meta property=\"og:image:height\" content=\"112\" \/>\n\t<meta property=\"og:image:type\" content=\"image\/png\" \/>\n<meta name=\"twitter:card\" content=\"summary_large_image\" \/>\n<meta name=\"twitter:label1\" content=\"Est. reading time\" \/>\n\t<meta name=\"twitter:data1\" content=\"5 minutes\" \/>\n<script type=\"application\/ld+json\" class=\"yoast-schema-graph\">{\"@context\":\"https:\\\/\\\/schema.org\",\"@graph\":[{\"@type\":\"WebPage\",\"@id\":\"https:\\\/\\\/olybetsportsbar.com\\\/lv\\\/app-noteikumi-un-nosacijumi\\\/\",\"url\":\"https:\\\/\\\/olybetsportsbar.com\\\/lv\\\/app-noteikumi-un-nosacijumi\\\/\",\"name\":\"App Terms and Conditions OlyBet Sportsbar Latvija\",\"isPartOf\":{\"@id\":\"https:\\\/\\\/olybetsportsbar.com\\\/lv\\\/#website\"},\"datePublished\":\"2024-12-18T12:58:28+00:00\",\"dateModified\":\"2026-01-07T12:48:51+00:00\",\"breadcrumb\":{\"@id\":\"https:\\\/\\\/olybetsportsbar.com\\\/lv\\\/app-noteikumi-un-nosacijumi\\\/#breadcrumb\"},\"inLanguage\":\"lv-LV\",\"potentialAction\":[{\"@type\":\"ReadAction\",\"target\":[\"https:\\\/\\\/olybetsportsbar.com\\\/lv\\\/app-noteikumi-un-nosacijumi\\\/\"]}]},{\"@type\":\"BreadcrumbList\",\"@id\":\"https:\\\/\\\/olybetsportsbar.com\\\/lv\\\/app-noteikumi-un-nosacijumi\\\/#breadcrumb\",\"itemListElement\":[{\"@type\":\"ListItem\",\"position\":1,\"name\":\"Home\",\"item\":\"https:\\\/\\\/olybetsportsbar.com\\\/lv\\\/\"},{\"@type\":\"ListItem\",\"position\":2,\"name\":\"App Terms and Conditions\"}]},{\"@type\":\"WebSite\",\"@id\":\"https:\\\/\\\/olybetsportsbar.com\\\/lv\\\/#website\",\"url\":\"https:\\\/\\\/olybetsportsbar.com\\\/lv\\\/\",\"name\":\"OlyBet Sportsbar Latvija\",\"description\":\"\",\"publisher\":{\"@id\":\"https:\\\/\\\/olybetsportsbar.com\\\/lv\\\/#organization\"},\"potentialAction\":[{\"@type\":\"SearchAction\",\"target\":{\"@type\":\"EntryPoint\",\"urlTemplate\":\"https:\\\/\\\/olybetsportsbar.com\\\/lv\\\/?s={search_term_string}\"},\"query-input\":{\"@type\":\"PropertyValueSpecification\",\"valueRequired\":true,\"valueName\":\"search_term_string\"}}],\"inLanguage\":\"lv-LV\"},{\"@type\":\"Organization\",\"@id\":\"https:\\\/\\\/olybetsportsbar.com\\\/lv\\\/#organization\",\"name\":\"OlyBet Sportsbar Latvija\",\"url\":\"https:\\\/\\\/olybetsportsbar.com\\\/lv\\\/\",\"logo\":{\"@type\":\"ImageObject\",\"inLanguage\":\"lv-LV\",\"@id\":\"https:\\\/\\\/olybetsportsbar.com\\\/lv\\\/#\\\/schema\\\/logo\\\/image\\\/\",\"url\":\"https:\\\/\\\/olybetsportsbar.com\\\/lv\\\/wp-content\\\/uploads\\\/sites\\\/3\\\/2024\\\/04\\\/hero-header-logo.png\",\"contentUrl\":\"https:\\\/\\\/olybetsportsbar.com\\\/lv\\\/wp-content\\\/uploads\\\/sites\\\/3\\\/2024\\\/04\\\/hero-header-logo.png\",\"width\":728,\"height\":317,\"caption\":\"OlyBet Sportsbar Latvija\"},\"image\":{\"@id\":\"https:\\\/\\\/olybetsportsbar.com\\\/lv\\\/#\\\/schema\\\/logo\\\/image\\\/\"}}]}<\/script>\n<!-- \/ Yoast SEO plugin. -->","yoast_head_json":{"title":"App Terms and Conditions OlyBet Sportsbar Latvija","robots":{"index":"index","follow":"follow","max-snippet":"max-snippet:-1","max-image-preview":"max-image-preview:large","max-video-preview":"max-video-preview:-1"},"canonical":"https:\/\/olybetsportsbar.com\/lv\/app-noteikumi-un-nosacijumi\/","og_locale":"lv_LV","og_type":"article","og_title":"App Terms and Conditions OlyBet Sportsbar Latvija","og_description":"Noteikumi un nosac\u012bjumi 1. IevadsLaipni l\u016bdzam sporta b\u0101ra lietotn\u0113 (\u201cLietotne\u201d) Lietotni kop\u012bgi p\u0101rvalda: \u2022 Kungla Investeeringu Osa\u00fching, Igaunijas uz\u0146\u0113mums ar re\u0123istr\u0101cijas kodu 10103126, birojs Pronksi 19, 10124 Tallina, Igaunija\u2022 Ahti SIA, Latvijas uz\u0146\u0113mums ar re\u0123istr\u0101cijas kodu 40003420708, birojs R\u0113zeknes iela 5E, LV-1073, R\u012bga, Latvija; un\u2022 Mecom Grupp UAB, Lietuvas uz\u0146\u0113mums ar re\u0123istr\u0101cijas kodu 111733421, birojs [&hellip;]","og_url":"https:\/\/olybetsportsbar.com\/lv\/app-noteikumi-un-nosacijumi\/","og_site_name":"OlyBet Sportsbar Latvija","article_modified_time":"2026-01-07T12:48:51+00:00","og_image":[{"width":260,"height":112,"url":"https:\/\/olybetsportsbar.com\/lv\/wp-content\/uploads\/sites\/3\/2024\/04\/sportsbar-logo-white-header-1.png","type":"image\/png"}],"twitter_card":"summary_large_image","twitter_misc":{"Est. reading time":"5 minutes"},"schema":{"@context":"https:\/\/schema.org","@graph":[{"@type":"WebPage","@id":"https:\/\/olybetsportsbar.com\/lv\/app-noteikumi-un-nosacijumi\/","url":"https:\/\/olybetsportsbar.com\/lv\/app-noteikumi-un-nosacijumi\/","name":"App Terms and Conditions OlyBet Sportsbar Latvija","isPartOf":{"@id":"https:\/\/olybetsportsbar.com\/lv\/#website"},"datePublished":"2024-12-18T12:58:28+00:00","dateModified":"2026-01-07T12:48:51+00:00","breadcrumb":{"@id":"https:\/\/olybetsportsbar.com\/lv\/app-noteikumi-un-nosacijumi\/#breadcrumb"},"inLanguage":"lv-LV","potentialAction":[{"@type":"ReadAction","target":["https:\/\/olybetsportsbar.com\/lv\/app-noteikumi-un-nosacijumi\/"]}]},{"@type":"BreadcrumbList","@id":"https:\/\/olybetsportsbar.com\/lv\/app-noteikumi-un-nosacijumi\/#breadcrumb","itemListElement":[{"@type":"ListItem","position":1,"name":"Home","item":"https:\/\/olybetsportsbar.com\/lv\/"},{"@type":"ListItem","position":2,"name":"App Terms and Conditions"}]},{"@type":"WebSite","@id":"https:\/\/olybetsportsbar.com\/lv\/#website","url":"https:\/\/olybetsportsbar.com\/lv\/","name":"OlyBet Sportsbar Latvija","description":"","publisher":{"@id":"https:\/\/olybetsportsbar.com\/lv\/#organization"},"potentialAction":[{"@type":"SearchAction","target":{"@type":"EntryPoint","urlTemplate":"https:\/\/olybetsportsbar.com\/lv\/?s={search_term_string}"},"query-input":{"@type":"PropertyValueSpecification","valueRequired":true,"valueName":"search_term_string"}}],"inLanguage":"lv-LV"},{"@type":"Organization","@id":"https:\/\/olybetsportsbar.com\/lv\/#organization","name":"OlyBet Sportsbar Latvija","url":"https:\/\/olybetsportsbar.com\/lv\/","logo":{"@type":"ImageObject","inLanguage":"lv-LV","@id":"https:\/\/olybetsportsbar.com\/lv\/#\/schema\/logo\/image\/","url":"https:\/\/olybetsportsbar.com\/lv\/wp-content\/uploads\/sites\/3\/2024\/04\/hero-header-logo.png","contentUrl":"https:\/\/olybetsportsbar.com\/lv\/wp-content\/uploads\/sites\/3\/2024\/04\/hero-header-logo.png","width":728,"height":317,"caption":"OlyBet Sportsbar Latvija"},"image":{"@id":"https:\/\/olybetsportsbar.com\/lv\/#\/schema\/logo\/image\/"}}]}},"acf":[],"publishpress_future_action":{"enabled":false,"date":"2026-05-09 16:33:18","action":"change-status","newStatus":"draft","terms":[],"taxonomy":"translation_priority","extraData":[]},"publishpress_future_workflow_manual_trigger":{"enabledWorkflows":[]},"_links":{"self":[{"href":"https:\/\/olybetsportsbar.com\/lv\/wp-json\/wp\/v2\/pages\/5932","targetHints":{"allow":["GET"]}}],"collection":[{"href":"https:\/\/olybetsportsbar.com\/lv\/wp-json\/wp\/v2\/pages"}],"about":[{"href":"https:\/\/olybetsportsbar.com\/lv\/wp-json\/wp\/v2\/types\/page"}],"author":[{"embeddable":true,"href":"https:\/\/olybetsportsbar.com\/lv\/wp-json\/wp\/v2\/users\/2"}],"replies":[{"embeddable":true,"href":"https:\/\/olybetsportsbar.com\/lv\/wp-json\/wp\/v2\/comments?post=5932"}],"version-history":[{"count":11,"href":"https:\/\/olybetsportsbar.com\/lv\/wp-json\/wp\/v2\/pages\/5932\/revisions"}],"predecessor-version":[{"id":7439,"href":"https:\/\/olybetsportsbar.com\/lv\/wp-json\/wp\/v2\/pages\/5932\/revisions\/7439"}],"wp:attachment":[{"href":"https:\/\/olybetsportsbar.com\/lv\/wp-json\/wp\/v2\/media?parent=5932"}],"curies":[{"name":"wp","href":"https:\/\/api.w.org\/{rel}","templated":true}]}}