{"id":6366,"date":"2025-04-02T09:30:58","date_gmt":"2025-04-02T06:30:58","guid":{"rendered":"https:\/\/olybetsportsbar.com\/lv\/laime-vip-celojumu-sevila\/"},"modified":"2025-04-14T17:19:29","modified_gmt":"2025-04-14T14:19:29","slug":"laime-vip-celojumu-sevila","status":"publish","type":"page","link":"https:\/\/olybetsportsbar.com\/lv\/laime-vip-celojumu-sevila\/","title":{"rendered":"Laim\u0113 VIP Ce\u013cojumu &#8211; Sevi\u013ca"},"content":{"rendered":"\t\t<div data-elementor-type=\"wp-page\" data-elementor-id=\"6366\" class=\"elementor elementor-6366\" data-elementor-post-type=\"page\">\n\t\t\t\t<div data-particle_enable=\"false\" data-particle-mobile-disabled=\"false\" class=\"elementor-element elementor-element-1a69bbf e-flex e-con-boxed e-con e-parent\" data-id=\"1a69bbf\" data-element_type=\"container\" data-e-type=\"container\" data-settings=\"{&quot;background_background&quot;:&quot;classic&quot;}\">\n\t\t\t\t\t<div class=\"e-con-inner\">\n\t\t<div data-particle_enable=\"false\" data-particle-mobile-disabled=\"false\" class=\"elementor-element elementor-element-08b949f e-con-full e-flex e-con e-child\" data-id=\"08b949f\" data-element_type=\"container\" data-e-type=\"container\">\n\t\t\t\t<div class=\"elementor-element elementor-element-0545ca8 elementor-widget elementor-widget-heading\" data-id=\"0545ca8\" data-element_type=\"widget\" data-e-type=\"widget\" data-widget_type=\"heading.default\">\n\t\t\t\t<div class=\"elementor-widget-container\">\n\t\t\t\t\t<h2 class=\"elementor-heading-title elementor-size-default\">PIEDALIES UN LAIM\u0112<\/h2>\t\t\t\t<\/div>\n\t\t\t\t<\/div>\n\t\t\t\t<div class=\"elementor-element elementor-element-036ab4d elementor-widget elementor-widget-text-editor\" data-id=\"036ab4d\" data-element_type=\"widget\" data-e-type=\"widget\" data-widget_type=\"text-editor.default\">\n\t\t\t\t<div class=\"elementor-widget-container\">\n\t\t\t\t\t\t\t\t\t<p>N\u0101c uz OlyBet sporta b\u0101riem, piesakies un laim\u0113 <span style=\"color: #08f9ae;\">VIP braucienu uz Real Betis sp\u0113li Sevilj\u0101!<\/span><\/p>\n<p>Kampa\u0146as periods 8.04.-6.05.<\/p>\n<p>Liel\u0101 izloze 6.05. 22:00 Voodoo OlyBet sporta b\u0101r\u0101<\/p>\n\t\t\t\t\t\t\t\t<\/div>\n\t\t\t\t<\/div>\n\t\t\t\t<\/div>\n\t\t<div data-particle_enable=\"false\" data-particle-mobile-disabled=\"false\" class=\"elementor-element elementor-element-8371c50 e-con-full e-flex e-con e-child\" data-id=\"8371c50\" data-element_type=\"container\" data-e-type=\"container\" data-settings=\"{&quot;background_background&quot;:&quot;classic&quot;}\">\n\t\t\t\t<div class=\"elementor-element elementor-element-80ffe0e elementor-button-align-stretch elementor-widget elementor-widget-form\" data-id=\"80ffe0e\" data-element_type=\"widget\" data-e-type=\"widget\" data-settings=\"{&quot;step_next_label&quot;:&quot;Next&quot;,&quot;step_previous_label&quot;:&quot;Previous&quot;,&quot;button_width&quot;:&quot;100&quot;,&quot;step_type&quot;:&quot;number_text&quot;,&quot;step_icon_shape&quot;:&quot;circle&quot;}\" data-widget_type=\"form.default\">\n\t\t\t\t<div class=\"elementor-widget-container\">\n\t\t\t\t\t\t\t<form class=\"elementor-form\" method=\"post\" name=\"VIP Win a Trip - Seville\" aria-label=\"VIP Win a Trip - Seville\">\n\t\t\t<input type=\"hidden\" name=\"post_id\" value=\"6366\"\/>\n\t\t\t<input type=\"hidden\" name=\"form_id\" value=\"80ffe0e\"\/>\n\t\t\t<input type=\"hidden\" name=\"referer_title\" value=\"OlyBet Sportsbar Latvija\" \/>\n\n\t\t\t\n\t\t\t<div class=\"elementor-form-fields-wrapper elementor-labels-\">\n\t\t\t\t\t\t\t\t<div class=\"elementor-field-type-text elementor-field-group elementor-column elementor-field-group-name elementor-col-100 elementor-field-required\">\n\t\t\t\t\t\t\t\t\t\t\t\t<label for=\"form-field-name\" class=\"elementor-field-label elementor-screen-only\">\n\t\t\t\t\t\t\t\tV\u0101rds\t\t\t\t\t\t\t<\/label>\n\t\t\t\t\t\t\t\t\t\t\t\t\t\t<input size=\"1\" type=\"text\" name=\"form_fields[name]\" id=\"form-field-name\" class=\"elementor-field elementor-size-sm  elementor-field-textual\" placeholder=\"V\u0101rds, uzv\u0101rds\" required=\"required\">\n\t\t\t\t\t\t\t\t\t\t\t<\/div>\n\t\t\t\t\t\t\t\t<div class=\"elementor-field-type-email elementor-field-group elementor-column elementor-field-group-email elementor-col-100 elementor-field-required\">\n\t\t\t\t\t\t\t\t\t\t\t\t<label for=\"form-field-email\" class=\"elementor-field-label elementor-screen-only\">\n\t\t\t\t\t\t\t\tE-pasts\t\t\t\t\t\t\t<\/label>\n\t\t\t\t\t\t\t\t\t\t\t\t\t\t<input size=\"1\" type=\"email\" name=\"form_fields[email]\" id=\"form-field-email\" class=\"elementor-field elementor-size-sm  elementor-field-textual\" placeholder=\"E-pasts\" required=\"required\">\n\t\t\t\t\t\t\t\t\t\t\t<\/div>\n\t\t\t\t\t\t\t\t<div class=\"elementor-field-type-tel elementor-field-group elementor-column elementor-field-group-phone elementor-col-100 elementor-field-required\">\n\t\t\t\t\t\t\t\t\t\t\t\t<label for=\"form-field-phone\" class=\"elementor-field-label elementor-screen-only\">\n\t\t\t\t\t\t\t\tT\u0101lru\u0146a\t\t\t\t\t\t\t<\/label>\n\t\t\t\t\t\t\t\t<input size=\"1\" type=\"tel\" name=\"form_fields[phone]\" id=\"form-field-phone\" class=\"elementor-field elementor-size-sm  elementor-field-textual\" placeholder=\"T\u0101lru\u0146a numurs\" required=\"required\" pattern=\"[0-9()#&amp;+*-=.]+\" title=\"Only numbers and phone characters (#, -, *, etc) are accepted.\">\n\n\t\t\t\t\t\t<\/div>\n\t\t\t\t\t\t\t\t<div class=\"elementor-field-type-acceptance elementor-field-group elementor-column elementor-field-group-terms_personal elementor-col-100 elementor-field-required\">\n\t\t\t\t\t\t\t\t\t\t\t\t<label for=\"form-field-terms_personal\" class=\"elementor-field-label elementor-screen-only\">\n\t\t\t\t\t\t\t\tTerms & Privacy\t\t\t\t\t\t\t<\/label>\n\t\t\t\t\t\t\t\t<div class=\"elementor-field-subgroup\">\n\t\t\t<span class=\"elementor-field-option\">\n\t\t\t\t<input type=\"checkbox\" name=\"form_fields[terms_personal]\" id=\"form-field-terms_personal\" class=\"elementor-field elementor-size-sm  elementor-acceptance-field\" required=\"required\" checked=\"checked\">\n\t\t\t\t<label for=\"form-field-terms_personal\">Es piekr\u012btu kamap\u0146as <a href=\"#terms\">noteikumiem un nosac\u012bjumiem<\/a> ,k\u0101 ar\u012b savu <a href=\"\/?page_id=6322\" target=\"_blank\">personas datu apstr\u0101dei<\/a><\/label>\t\t\t<\/span>\n\t\t<\/div>\n\t\t\t\t\t\t<\/div>\n\t\t\t\t\t\t\t\t<div class=\"elementor-field-type-acceptance elementor-field-group elementor-column elementor-field-group-marketing elementor-col-100\">\n\t\t\t\t\t\t\t\t\t\t\t\t<label for=\"form-field-marketing\" class=\"elementor-field-label elementor-screen-only\">\n\t\t\t\t\t\t\t\tMarketing\t\t\t\t\t\t\t<\/label>\n\t\t\t\t\t\t\t\t<div class=\"elementor-field-subgroup\">\n\t\t\t<span class=\"elementor-field-option\">\n\t\t\t\t<input type=\"checkbox\" name=\"form_fields[marketing]\" id=\"form-field-marketing\" class=\"elementor-field elementor-size-sm  elementor-acceptance-field\">\n\t\t\t\t<label for=\"form-field-marketing\">Es piekr\u012btu sa\u0146emt jaunumus un \u012bpa\u0161os pied\u0101v\u0101jumus no OlyBet sporta b\u0101ra<\/label>\t\t\t<\/span>\n\t\t<\/div>\n\t\t\t\t\t\t<\/div>\n\t\t\t\t\t\t\t\t<div class=\"elementor-field-group elementor-column elementor-field-type-submit elementor-col-100 e-form__buttons\">\n\t\t\t\t\t<button class=\"elementor-button elementor-size-sm\" type=\"submit\">\n\t\t\t\t\t\t<span class=\"elementor-button-content-wrapper\">\n\t\t\t\t\t\t\t\t\t\t\t\t\t\t\t\t\t\t\t\t\t\t<span class=\"elementor-button-text\">PIEDAL\u012aTIES<\/span>\n\t\t\t\t\t\t\t\t\t\t\t\t\t<\/span>\n\t\t\t\t\t<\/button>\n\t\t\t\t<\/div>\n\t\t\t<\/div>\n\t\t<\/form>\n\t\t\t\t\t\t<\/div>\n\t\t\t\t<\/div>\n\t\t\t\t<\/div>\n\t\t<div data-particle_enable=\"false\" data-particle-mobile-disabled=\"false\" class=\"elementor-element elementor-element-b7b6365 e-con-full e-flex e-con e-child\" data-id=\"b7b6365\" data-element_type=\"container\" data-e-type=\"container\" data-settings=\"{&quot;background_background&quot;:&quot;classic&quot;}\">\n\t\t\t\t<div class=\"elementor-element elementor-element-e277ec8 elementor-widget elementor-widget-eael-adv-accordion\" data-id=\"e277ec8\" data-element_type=\"widget\" data-e-type=\"widget\" id=\"terms\" data-widget_type=\"eael-adv-accordion.default\">\n\t\t\t\t<div class=\"elementor-widget-container\">\n\t\t\t\t\t            <div class=\"eael-adv-accordion\" id=\"eael-adv-accordion-e277ec8\" data-scroll-on-click=\"\" data-scroll-speed=\"300\" data-accordion-id=\"e277ec8\" data-accordion-type=\"accordion\" data-toogle-speed=\"300\">\n            <div class=\"eael-accordion-list\">\n\t\t\t\t\t<div id=\"noteikumiem-un-nosacjumiem\" class=\"elementor-tab-title eael-accordion-header\" tabindex=\"0\" data-tab=\"1\" aria-controls=\"elementor-tab-content-2371\"><span class=\"eael-accordion-tab-title\">noteikumiem un nosac\u012bjumiem<\/span><span class=\"fa-toggle fa-toggle-svg eaa-svg\"><svg xmlns=\"http:\/\/www.w3.org\/2000\/svg\" width=\"24\" height=\"24\" viewBox=\"0 0 24 24\" fill=\"none\"><path d=\"M19.9201 8.9502L13.4001 15.4702C12.6301 16.2402 11.3701 16.2402 10.6001 15.4702L4.08008 8.9502\" stroke=\"white\" stroke-width=\"2.4\" stroke-miterlimit=\"10\" stroke-linecap=\"round\" stroke-linejoin=\"round\"><\/path><\/svg><\/span><\/div><div id=\"elementor-tab-content-2371\" class=\"eael-accordion-content clearfix\" data-tab=\"1\" aria-labelledby=\"noteikumiem-un-nosacjumiem\"><p><strong>Visp\u0101r\u012bgi noteikumi<\/strong><\/p>\n<p>1.1. \u0160ie noteikumi un nosac\u012bjumi (\u201cNoteikumi\u201d) attiecas uz sp\u0113li (\u201cSp\u0113le\u201d), ko organiz\u0113 SIA AHTI (re\u0123istr\u0101cijas numurs 40003420708, juridisk\u0101 adrese R\u0113zeknes iela 5E, LV-1073) Latvij\u0101 (\u201cUz\u0146\u0113mums\u201d).<\/p>\n<p>1.2. \u0160ie noteikumi attiecas uz vis\u0101m person\u0101m (\u201cDal\u012bbnieks\u201d), kuras piedal\u0101s sp\u0113l\u0113 un iev\u0113ro 2.6. punkt\u0101 nor\u0101d\u012btos nosac\u012bjumus.<\/p>\n<p>1.3. Uz\u0146\u0113mum\u0101 m\u0113s \u013coti nopietni izturamies pret Dal\u012bbnieku priv\u0101tumu un iev\u0113rojam Eiropas Savien\u012bbas Visp\u0101r\u012bgo datu aizsardz\u012bbas regulu. T\u0101p\u0113c m\u0113s iesak\u0101m iepaz\u012bties ar m\u016bsu Priv\u0101tuma pazi\u0146ojumu pirms pakalpojumu izmanto\u0161anas, kas skaidro, k\u0101 m\u0113s apstr\u0101d\u0101jam personas datus. Ja j\u016bs nepiekr\u012btat m\u016bsu personas datu apstr\u0101des veidam, tad vien\u012bg\u0101 pieejam\u0101 iesp\u0113ja jums ir p\u0101rtraukt vietnes lieto\u0161anu.<\/p>\n<p><strong>2. Sp\u0113les deta\u013cas<\/strong><\/p>\n<p>2.1. Sp\u0113le norisin\u0101sies no 2025. gada 8. apr\u012b\u013ca l\u012bdz 2025. gada 6. maijam Voodoo kazino (Elizabetes iela 55, R\u012bga), un nosl\u0113gsies p\u0113c UEFA \u010cempionu l\u012bgas pusfin\u0101la posma. Pieteikumi, kas tiks iesniegti p\u0113c termi\u0146a, netiks \u0146emti v\u0113r\u0101.<\/p>\n<p>2.2. Sp\u0113le notiks Latvij\u0101.<\/p>\n<p>2.3. Sp\u0113l\u0113 var piedal\u012bties tikai fiziskas personas, kuras ir vec\u0101kas par 18 gadiem.<\/p>\n<p>2.4. Katrs Dal\u012bbnieks var piedal\u012bties sp\u0113l\u0113 tikai vienu reizi dien\u0101. Daudzreiz\u0113ji iesniegti pieteikumi no viena Dal\u012bbnieka taj\u0101 pa\u0161\u0101 dien\u0101 netiks \u0146emti v\u0113r\u0101.<\/p>\n<p>2.5. Uz\u0146\u0113muma vai t\u0101 grupas uz\u0146\u0113mumu darbinieki vai darbinieku \u0123imenes locek\u013ci nav ties\u012bgi piedal\u012bties sp\u0113l\u0113.<\/p>\n<p>2.6. Lai piedal\u012btos sp\u0113l\u0113:<\/p>\n<p style=\"padding-left: 40px\">2.6.1. jums j\u0101b\u016bt sasniegu\u0161am 18 (asto\u0146padsmit) gadu vecumu vai j\u0101b\u016bt vec\u0101kam;<br \/>\n2.6.2. j\u0101apmekl\u0113 piedal\u012b\u0161an\u0101s OlyBet Sports Bar Latvij\u0101, lai noskat\u012btos \u010cempionu l\u012bgas sp\u0113li;<br \/>\n2.6.3. j\u0101nosken\u0113 QR kods, kas par\u0101d\u0101s piedal\u012b\u0161an\u0101s OlyBet Sports Bar Latvij\u0101;<br \/>\n2.6.4. j\u0101aizpilda tie\u0161saistes pieteikuma forma vietn\u0113 olybetsportsbars.com ar nepiecie\u0161amajiem datiem;<br \/>\n2.6.5. j\u0101piekr\u012bt sa\u0146emt inform\u0101ciju par iesp\u0113jamo balvu k\u0101 uznirsto\u0161o pazi\u0146ojumu un\/vai SMS no Uz\u0146\u0113muma; un<br \/>\n2.6.6. j\u0101piekr\u012bt \u0161iem noteikumiem un nosac\u012bjumiem.<\/p>\n<p>2.7. Sp\u0113les Dal\u012bbnieka v\u0101rds, uzv\u0101rds, e-pasta adrese un telefona numurs j\u0101nor\u0101da un tiks koplietoti, lai nodro\u0161in\u0101tu balvas izpildi.<\/p>\n<p>2.8. Balvas ir uzskait\u012btas 1. pielikum\u0101.<\/p>\n<p>2.9. Balvu uzvar\u0113t\u0101jus izv\u0113l\u0113sies nejau\u0161\u0101 izloz\u0113 starp visiem Dal\u012bbniekiem, kuri piekritu\u0161i piedal\u012bties sp\u0113l\u0113, iesniedzot savus datus. Izloze notiks 2025. gada 6. maij\u0101.<\/p>\n<p>2.10. Balvas nav tirgojamas, nenododamas t\u0101l\u0101k un nav atmaks\u0101jamas. Naudas alternat\u012bvas nav pieejamas.<\/p>\n<p>2.11. Balvu uzvar\u0113t\u0101ji tiks sazin\u0101ti pa telefonu, e-pastu (ja tas nor\u0101d\u012bts) vai SMS.<\/p>\n<p>2.12. Balvas tiks pieg\u0101d\u0101tas uz vietu, kas tiks saska\u0146ota ar uzvar\u0113t\u0101ju, vai ar\u012b uzvar\u0113t\u0101js var\u0113s to sa\u0146emt viet\u0101, kas tiks saska\u0146ota ar Uz\u0146\u0113mumu.<\/p>\n<p>2.13. Uz\u0146\u0113mumam ir ties\u012bbas piepras\u012bt uzvar\u0113t\u0101ja identifik\u0101ciju, sa\u0146emot balvu.<\/p>\n<p>2.14. Ja uzvar\u0113t\u0101js neiz\u0146ems balvu 5 (piecu) darba dienu laik\u0101, vi\u0146\u0161 zaud\u0113s ties\u012bbas uz balvu.<\/p>\n<p>2.15. Neparedz\u0113tas apst\u0101k\u013cu gad\u012bjum\u0101 Uz\u0146\u0113mums patur ties\u012bbas atcelt, izbeigt, groz\u012bt vai aptur\u0113t sp\u0113li vai \u0161os noteikumus, piln\u012bgi vai da\u013c\u0113ji, ar vai bez iepriek\u0161\u0113ja pazi\u0146ojuma.<\/p>\n<p>2.16. Dal\u012bbnieks sedz visus izdevumus, kas saist\u012bti ar dal\u012bbu sp\u0113l\u0113 un balvas pie\u0146em\u0161anu.<\/p>\n<p>2.17. Dal\u012bbnieks var sazin\u0101ties ar Uz\u0146\u0113mumu pa e-pastu: support@olybet.com, ja rodas jaut\u0101jumi vai s\u016bdz\u012bbas.<\/p>\n<p><strong>3. Personas dati<\/strong><\/p>\n<p>3.1. Personas datu v\u0101k\u0161anas m\u0113r\u0137is ir apstr\u0101d\u0101t balvas pieg\u0101di k\u0101 sp\u0113les uzvar\u0113t\u0101jam.<\/p>\n<p>3.2. Personas dati tiks uzglab\u0101ti 3 (tr\u012bs) m\u0113ne\u0161us p\u0113c sp\u0113les nosl\u0113guma.<\/p>\n<p><strong>4. Dal\u012bbnieka garantijas<\/strong><\/p>\n<p>4.1. Dal\u012bbnieks apliecina un garant\u0113, ka vi\u0146am vai vi\u0146ai ir vismaz 18 gadi un pilna juridisk\u0101 r\u012bc\u012bbsp\u0113ja.<\/p>\n<p>4.2. Piedaloties sp\u0113l\u0113, Dal\u012bbnieks piekr\u012bt, ka Uz\u0146\u0113muma atbild\u012bba ir ierobe\u017eota ar maksim\u0101li pie\u013caujamo apjomu. Atbild\u012bba b\u016bs ierobe\u017eota ar paredzamajiem zaud\u0113jumiem, kas izriet no materi\u0101lu l\u012bgumsaist\u012bbu p\u0101rk\u0101puma, kas rakstur\u012bgs \u0161\u0101da veida l\u012bgumam.<\/p>\n<p>4.3. Uz\u0146\u0113mums nenes atbild\u012bbu par:<\/p>\n<p style=\"padding-left: 40px\">4.3.1. zaud\u0113jumiem, kas rodas no nemateri\u0101la jebkura cita piem\u0113rojam\u0101 r\u016bp\u012bbas pien\u0101kuma p\u0101rk\u0101puma;<br \/>\n4.3.2. iesp\u0113jamiem izdevumiem, ko Dal\u012bbnieks var\u0113tu uz\u0146emties, piedaloties sp\u0113l\u0113;<br \/>\n4.3.3. sek\u0101m, kas rodas no nepareizas datu snieg\u0161anas vai citiem neprecizit\u0101t\u0113m, kas rodas Dal\u012bbnieka vainas d\u0113\u013c;<br \/>\n4.3.4. sek\u0101m, kas rodas, sniedzot personas datus, kas nepiecie\u0161ami re\u0123istr\u0101cijai publiski pieejam\u0101s ier\u012bc\u0113s un ekr\u0101nos;<br \/>\n4.3.5. tehnisk\u0101m probl\u0113m\u0101m vai interneta trauc\u0113jumiem, kas notiku\u0161i ier\u012bc\u0113, no kuras tika veikta re\u0123istr\u0101cija;<br \/>\n4.3.6. k\u013c\u016bd\u0101m, izlaidumiem un tre\u0161o pu\u0161u vai organiz\u0101ciju darb\u012bb\u0101m, kas izraisa kav\u0113\u0161anos balvu sa\u0146em\u0161an\u0101 vai sp\u0113les sp\u0113l\u0113\u0161an\u0101.<\/p>\n<p>4.4. Atbild\u012bbas ierobe\u017eojums neattieksies uz jebk\u0101du likumdo\u0161anas atbild\u012bbu, kuru nav iesp\u0113jams ierobe\u017eot, tostarp atbild\u012bbu par n\u0101vi vai personisk\u0101m traum\u0101m, kas radu\u0161\u0101s m\u016bsu nolaid\u012bbas vai t\u012b\u0161a \u013caunpr\u0101t\u012bga r\u012bc\u012bbas d\u0113\u013c, vai, ja un l\u012bdz izsl\u0113gt m\u016bsu atbild\u012bbu par kaut ko, ko esam \u012bpa\u0161i sol\u012bju\u0161i jums.<\/p>\n<p><strong>5. Regulat\u012bv\u0101 likumdo\u0161ana un jurisdikcija<\/strong><\/p>\n<p>5.1. Jebkuras str\u012bdus lietas tiks iz\u0161\u0137irtas saska\u0146\u0101 ar Latvijas Republikas procesu\u0101lajiem likumiem.<\/p>\n<p><strong>Pielikums 1: Balvas<\/strong><\/p>\n<p><strong>Galven\u0101 balva:<\/strong><br \/>\nCe\u013cojums uz Sevilju diviem cilv\u0113kiem, lai v\u0113rotu sezonas p\u0113d\u0113jo La Liga sp\u0113li, Real Betis pret Valencia, 2025. gada 25. maij\u0101. Balva ietver VIP apstr\u0101di un ekskluz\u012bvu tik\u0161anos ar sp\u0113l\u0113t\u0101ju.<\/p>\n<p><strong>Otro vietu balva:<\/strong><br \/>\nCe\u013cojums uz OlyBet Sports Bar p\u0113c izv\u0113les, lai kop\u0101 ar pieciem draugiem v\u0113rotu UEFA \u010cempionu l\u012bgas fin\u0101lu tie\u0161raid\u0113.<\/p>\n<\/div>\n\t\t\t\t\t<\/div><\/div>\t\t\t\t<\/div>\n\t\t\t\t<\/div>\n\t\t\t\t<\/div>\n\t\t\t\t\t<\/div>\n\t\t\t\t<\/div>\n\t\t\t\t<\/div>\n\t\t","protected":false},"excerpt":{"rendered":"<p>PIEDALIES UN LAIM\u0112 N\u0101c uz OlyBet sporta b\u0101riem, piesakies un laim\u0113 VIP braucienu uz Real Betis sp\u0113li Sevilj\u0101! Kampa\u0146as periods 8.04.-6.05. Liel\u0101 izloze 6.05. 22:00 Voodoo OlyBet sporta b\u0101r\u0101 noteikumiem un nosac\u012bjumiem Visp\u0101r\u012bgi noteikumi 1.1. \u0160ie noteikumi un nosac\u012bjumi (\u201cNoteikumi\u201d) attiecas uz sp\u0113li (\u201cSp\u0113le\u201d), ko organiz\u0113 SIA AHTI (re\u0123istr\u0101cijas numurs 40003420708, juridisk\u0101 adrese R\u0113zeknes iela [&hellip;]<\/p>\n","protected":false},"author":2,"featured_media":0,"parent":0,"menu_order":0,"comment_status":"closed","ping_status":"closed","template":"","meta":{"_acf_changed":false,"footnotes":""},"class_list":["post-6366","page","type-page","status-publish","hentry"],"yoast_head":"<!-- This site is optimized with the Yoast SEO plugin v27.3 - https:\/\/yoast.com\/product\/yoast-seo-wordpress\/ -->\n<title>Laim\u0113 VIP Ce\u013cojumu - Sevi\u013ca OlyBet Sportsbar Latvija<\/title>\n<meta name=\"robots\" content=\"index, follow, max-snippet:-1, max-image-preview:large, max-video-preview:-1\" \/>\n<link rel=\"canonical\" href=\"https:\/\/olybetsportsbar.com\/lv\/laime-vip-celojumu-sevila\/\" \/>\n<meta property=\"og:locale\" content=\"lv_LV\" \/>\n<meta property=\"og:type\" content=\"article\" \/>\n<meta property=\"og:title\" content=\"Laim\u0113 VIP Ce\u013cojumu - Sevi\u013ca OlyBet Sportsbar Latvija\" \/>\n<meta property=\"og:description\" content=\"PIEDALIES UN LAIM\u0112 N\u0101c uz OlyBet sporta b\u0101riem, piesakies un laim\u0113 VIP braucienu uz Real Betis sp\u0113li Sevilj\u0101! Kampa\u0146as periods 8.04.-6.05. Liel\u0101 izloze 6.05. 22:00 Voodoo OlyBet sporta b\u0101r\u0101 noteikumiem un nosac\u012bjumiem Visp\u0101r\u012bgi noteikumi 1.1. \u0160ie noteikumi un nosac\u012bjumi (\u201cNoteikumi\u201d) attiecas uz sp\u0113li (\u201cSp\u0113le\u201d), ko organiz\u0113 SIA AHTI (re\u0123istr\u0101cijas numurs 40003420708, juridisk\u0101 adrese R\u0113zeknes iela [&hellip;]\" \/>\n<meta property=\"og:url\" content=\"https:\/\/olybetsportsbar.com\/lv\/laime-vip-celojumu-sevila\/\" \/>\n<meta property=\"og:site_name\" content=\"OlyBet Sportsbar Latvija\" \/>\n<meta property=\"article:modified_time\" content=\"2025-04-14T14:19:29+00:00\" \/>\n<meta property=\"og:image\" content=\"https:\/\/olybetsportsbar.com\/lv\/wp-content\/uploads\/sites\/3\/2024\/04\/sportsbar-logo-white-header-1.png\" \/>\n\t<meta property=\"og:image:width\" content=\"260\" \/>\n\t<meta property=\"og:image:height\" content=\"112\" \/>\n\t<meta property=\"og:image:type\" content=\"image\/png\" \/>\n<meta name=\"twitter:card\" content=\"summary_large_image\" \/>\n<meta name=\"twitter:label1\" content=\"Est. reading time\" \/>\n\t<meta name=\"twitter:data1\" content=\"5 minutes\" \/>\n<script type=\"application\/ld+json\" class=\"yoast-schema-graph\">{\"@context\":\"https:\\\/\\\/schema.org\",\"@graph\":[{\"@type\":\"WebPage\",\"@id\":\"https:\\\/\\\/olybetsportsbar.com\\\/lv\\\/laime-vip-celojumu-sevila\\\/\",\"url\":\"https:\\\/\\\/olybetsportsbar.com\\\/lv\\\/laime-vip-celojumu-sevila\\\/\",\"name\":\"Laim\u0113 VIP Ce\u013cojumu - Sevi\u013ca OlyBet Sportsbar Latvija\",\"isPartOf\":{\"@id\":\"https:\\\/\\\/olybetsportsbar.com\\\/lv\\\/#website\"},\"datePublished\":\"2025-04-02T06:30:58+00:00\",\"dateModified\":\"2025-04-14T14:19:29+00:00\",\"breadcrumb\":{\"@id\":\"https:\\\/\\\/olybetsportsbar.com\\\/lv\\\/laime-vip-celojumu-sevila\\\/#breadcrumb\"},\"inLanguage\":\"lv-LV\",\"potentialAction\":[{\"@type\":\"ReadAction\",\"target\":[\"https:\\\/\\\/olybetsportsbar.com\\\/lv\\\/laime-vip-celojumu-sevila\\\/\"]}]},{\"@type\":\"BreadcrumbList\",\"@id\":\"https:\\\/\\\/olybetsportsbar.com\\\/lv\\\/laime-vip-celojumu-sevila\\\/#breadcrumb\",\"itemListElement\":[{\"@type\":\"ListItem\",\"position\":1,\"name\":\"Home\",\"item\":\"https:\\\/\\\/olybetsportsbar.com\\\/lv\\\/\"},{\"@type\":\"ListItem\",\"position\":2,\"name\":\"Laim\u0113 VIP Ce\u013cojumu &#8211; Sevi\u013ca\"}]},{\"@type\":\"WebSite\",\"@id\":\"https:\\\/\\\/olybetsportsbar.com\\\/lv\\\/#website\",\"url\":\"https:\\\/\\\/olybetsportsbar.com\\\/lv\\\/\",\"name\":\"OlyBet Sportsbar Latvija\",\"description\":\"\",\"publisher\":{\"@id\":\"https:\\\/\\\/olybetsportsbar.com\\\/lv\\\/#organization\"},\"potentialAction\":[{\"@type\":\"SearchAction\",\"target\":{\"@type\":\"EntryPoint\",\"urlTemplate\":\"https:\\\/\\\/olybetsportsbar.com\\\/lv\\\/?s={search_term_string}\"},\"query-input\":{\"@type\":\"PropertyValueSpecification\",\"valueRequired\":true,\"valueName\":\"search_term_string\"}}],\"inLanguage\":\"lv-LV\"},{\"@type\":\"Organization\",\"@id\":\"https:\\\/\\\/olybetsportsbar.com\\\/lv\\\/#organization\",\"name\":\"OlyBet Sportsbar Latvija\",\"url\":\"https:\\\/\\\/olybetsportsbar.com\\\/lv\\\/\",\"logo\":{\"@type\":\"ImageObject\",\"inLanguage\":\"lv-LV\",\"@id\":\"https:\\\/\\\/olybetsportsbar.com\\\/lv\\\/#\\\/schema\\\/logo\\\/image\\\/\",\"url\":\"https:\\\/\\\/olybetsportsbar.com\\\/lv\\\/wp-content\\\/uploads\\\/sites\\\/3\\\/2024\\\/04\\\/hero-header-logo.png\",\"contentUrl\":\"https:\\\/\\\/olybetsportsbar.com\\\/lv\\\/wp-content\\\/uploads\\\/sites\\\/3\\\/2024\\\/04\\\/hero-header-logo.png\",\"width\":728,\"height\":317,\"caption\":\"OlyBet Sportsbar Latvija\"},\"image\":{\"@id\":\"https:\\\/\\\/olybetsportsbar.com\\\/lv\\\/#\\\/schema\\\/logo\\\/image\\\/\"}}]}<\/script>\n<!-- \/ Yoast SEO plugin. -->","yoast_head_json":{"title":"Laim\u0113 VIP Ce\u013cojumu - Sevi\u013ca OlyBet Sportsbar Latvija","robots":{"index":"index","follow":"follow","max-snippet":"max-snippet:-1","max-image-preview":"max-image-preview:large","max-video-preview":"max-video-preview:-1"},"canonical":"https:\/\/olybetsportsbar.com\/lv\/laime-vip-celojumu-sevila\/","og_locale":"lv_LV","og_type":"article","og_title":"Laim\u0113 VIP Ce\u013cojumu - Sevi\u013ca OlyBet Sportsbar Latvija","og_description":"PIEDALIES UN LAIM\u0112 N\u0101c uz OlyBet sporta b\u0101riem, piesakies un laim\u0113 VIP braucienu uz Real Betis sp\u0113li Sevilj\u0101! Kampa\u0146as periods 8.04.-6.05. Liel\u0101 izloze 6.05. 22:00 Voodoo OlyBet sporta b\u0101r\u0101 noteikumiem un nosac\u012bjumiem Visp\u0101r\u012bgi noteikumi 1.1. \u0160ie noteikumi un nosac\u012bjumi (\u201cNoteikumi\u201d) attiecas uz sp\u0113li (\u201cSp\u0113le\u201d), ko organiz\u0113 SIA AHTI (re\u0123istr\u0101cijas numurs 40003420708, juridisk\u0101 adrese R\u0113zeknes iela [&hellip;]","og_url":"https:\/\/olybetsportsbar.com\/lv\/laime-vip-celojumu-sevila\/","og_site_name":"OlyBet Sportsbar Latvija","article_modified_time":"2025-04-14T14:19:29+00:00","og_image":[{"width":260,"height":112,"url":"https:\/\/olybetsportsbar.com\/lv\/wp-content\/uploads\/sites\/3\/2024\/04\/sportsbar-logo-white-header-1.png","type":"image\/png"}],"twitter_card":"summary_large_image","twitter_misc":{"Est. reading time":"5 minutes"},"schema":{"@context":"https:\/\/schema.org","@graph":[{"@type":"WebPage","@id":"https:\/\/olybetsportsbar.com\/lv\/laime-vip-celojumu-sevila\/","url":"https:\/\/olybetsportsbar.com\/lv\/laime-vip-celojumu-sevila\/","name":"Laim\u0113 VIP Ce\u013cojumu - Sevi\u013ca OlyBet Sportsbar Latvija","isPartOf":{"@id":"https:\/\/olybetsportsbar.com\/lv\/#website"},"datePublished":"2025-04-02T06:30:58+00:00","dateModified":"2025-04-14T14:19:29+00:00","breadcrumb":{"@id":"https:\/\/olybetsportsbar.com\/lv\/laime-vip-celojumu-sevila\/#breadcrumb"},"inLanguage":"lv-LV","potentialAction":[{"@type":"ReadAction","target":["https:\/\/olybetsportsbar.com\/lv\/laime-vip-celojumu-sevila\/"]}]},{"@type":"BreadcrumbList","@id":"https:\/\/olybetsportsbar.com\/lv\/laime-vip-celojumu-sevila\/#breadcrumb","itemListElement":[{"@type":"ListItem","position":1,"name":"Home","item":"https:\/\/olybetsportsbar.com\/lv\/"},{"@type":"ListItem","position":2,"name":"Laim\u0113 VIP Ce\u013cojumu &#8211; Sevi\u013ca"}]},{"@type":"WebSite","@id":"https:\/\/olybetsportsbar.com\/lv\/#website","url":"https:\/\/olybetsportsbar.com\/lv\/","name":"OlyBet Sportsbar Latvija","description":"","publisher":{"@id":"https:\/\/olybetsportsbar.com\/lv\/#organization"},"potentialAction":[{"@type":"SearchAction","target":{"@type":"EntryPoint","urlTemplate":"https:\/\/olybetsportsbar.com\/lv\/?s={search_term_string}"},"query-input":{"@type":"PropertyValueSpecification","valueRequired":true,"valueName":"search_term_string"}}],"inLanguage":"lv-LV"},{"@type":"Organization","@id":"https:\/\/olybetsportsbar.com\/lv\/#organization","name":"OlyBet Sportsbar Latvija","url":"https:\/\/olybetsportsbar.com\/lv\/","logo":{"@type":"ImageObject","inLanguage":"lv-LV","@id":"https:\/\/olybetsportsbar.com\/lv\/#\/schema\/logo\/image\/","url":"https:\/\/olybetsportsbar.com\/lv\/wp-content\/uploads\/sites\/3\/2024\/04\/hero-header-logo.png","contentUrl":"https:\/\/olybetsportsbar.com\/lv\/wp-content\/uploads\/sites\/3\/2024\/04\/hero-header-logo.png","width":728,"height":317,"caption":"OlyBet Sportsbar Latvija"},"image":{"@id":"https:\/\/olybetsportsbar.com\/lv\/#\/schema\/logo\/image\/"}}]}},"acf":[],"publishpress_future_action":{"enabled":false,"date":"2026-04-23 13:36:14","action":"change-status","newStatus":"draft","terms":[],"taxonomy":"translation_priority","extraData":[]},"publishpress_future_workflow_manual_trigger":{"enabledWorkflows":[]},"_links":{"self":[{"href":"https:\/\/olybetsportsbar.com\/lv\/wp-json\/wp\/v2\/pages\/6366","targetHints":{"allow":["GET"]}}],"collection":[{"href":"https:\/\/olybetsportsbar.com\/lv\/wp-json\/wp\/v2\/pages"}],"about":[{"href":"https:\/\/olybetsportsbar.com\/lv\/wp-json\/wp\/v2\/types\/page"}],"author":[{"embeddable":true,"href":"https:\/\/olybetsportsbar.com\/lv\/wp-json\/wp\/v2\/users\/2"}],"replies":[{"embeddable":true,"href":"https:\/\/olybetsportsbar.com\/lv\/wp-json\/wp\/v2\/comments?post=6366"}],"version-history":[{"count":8,"href":"https:\/\/olybetsportsbar.com\/lv\/wp-json\/wp\/v2\/pages\/6366\/revisions"}],"predecessor-version":[{"id":6453,"href":"https:\/\/olybetsportsbar.com\/lv\/wp-json\/wp\/v2\/pages\/6366\/revisions\/6453"}],"wp:attachment":[{"href":"https:\/\/olybetsportsbar.com\/lv\/wp-json\/wp\/v2\/media?parent=6366"}],"curies":[{"name":"wp","href":"https:\/\/api.w.org\/{rel}","templated":true}]}}