{"id":7071,"date":"2025-06-17T16:50:03","date_gmt":"2025-06-17T13:50:03","guid":{"rendered":"https:\/\/olybetsportsbar.com\/lv\/pieejamibas-pazinojums\/"},"modified":"2025-06-26T16:16:56","modified_gmt":"2025-06-26T13:16:56","slug":"pieejamibas-pazinojums","status":"publish","type":"page","link":"https:\/\/olybetsportsbar.com\/lv\/pieejamibas-pazinojums\/","title":{"rendered":"Pieejam\u012bbas pazi\u0146ojums"},"content":{"rendered":"\t\t<div data-elementor-type=\"wp-page\" data-elementor-id=\"7071\" class=\"elementor elementor-7071 elementor-7050\" data-elementor-post-type=\"page\">\n\t\t\t\t<div data-particle_enable=\"false\" data-particle-mobile-disabled=\"false\" class=\"elementor-element elementor-element-e693eb0 e-flex e-con-boxed e-con e-parent\" data-id=\"e693eb0\" data-element_type=\"container\" data-e-type=\"container\" data-settings=\"{&quot;background_background&quot;:&quot;classic&quot;}\">\n\t\t\t\t\t<div class=\"e-con-inner\">\n\t\t<div data-particle_enable=\"false\" data-particle-mobile-disabled=\"false\" class=\"elementor-element elementor-element-59814b5 e-con-full e-flex e-con e-child\" data-id=\"59814b5\" data-element_type=\"container\" data-e-type=\"container\">\n\t\t\t\t<div class=\"elementor-element elementor-element-df75dec elementor-widget elementor-widget-heading\" data-id=\"df75dec\" data-element_type=\"widget\" data-e-type=\"widget\" data-widget_type=\"heading.default\">\n\t\t\t\t<div class=\"elementor-widget-container\">\n\t\t\t\t\t<h2 class=\"elementor-heading-title elementor-size-default\">Kungla Investeeringu O\u00dc Pieejam\u012bbas pazi\u0146ojums<\/h2>\t\t\t\t<\/div>\n\t\t\t\t<\/div>\n\t\t\t\t<div class=\"elementor-element elementor-element-beb1347 elementor-widget elementor-widget-text-editor\" data-id=\"beb1347\" data-element_type=\"widget\" data-e-type=\"widget\" data-widget_type=\"text-editor.default\">\n\t\t\t\t<div class=\"elementor-widget-container\">\n\t\t\t\t\t\t\t\t\t<p>M\u0113s esam ap\u0146\u0113mu\u0161ies nodro\u0161in\u0101t digit\u0101lo pieejam\u012bbu visiem lietot\u0101jiem, tostarp cilv\u0113kiem ar invalidit\u0101ti. M\u0113s past\u0101v\u012bgi cen\u0161amies uzlabot lietot\u0101ja pieredzi un pielietot atbilsto\u0161us pieejam\u012bbas standartus.<\/p>\n<p>\u0160\u012b vietne atbilst tehniskajam standartam EN\u00a0301\u00a0549 v.3.2.1 t\u012bmek\u013ca vietn\u0113m un mobilaj\u0101m lietotn\u0113m, lai nodro\u0161in\u0101tu iek\u013caujo\u0161\u0101ku un lietot\u0101jam draudz\u012bg\u0101ku vidi visiem apmekl\u0113t\u0101jiem, tostarp cilv\u0113kiem ar redzes, motorisko un kognit\u012bvo trauc\u0113jumu. T\u0101 atbilst WCAG\u00a02.1 \u201eAA\u201d l\u012bmenim.<\/p>\n<p><strong>Pieejam\u012bbas funkcijas<\/strong><\/p>\n<p>Lai uzlabotu j\u016bsu pieredzi, aicin\u0101m izmantot ier\u012bces vai oper\u0113t\u0101jsist\u0113mas ieb\u016bv\u0113t\u0101s pieejam\u012bbas funkcijas. \u0160ie r\u012bki var uzlabot navig\u0101ciju, las\u0101m\u012bbu, mijiedarb\u012bbu un kop\u0113jo lieto\u0161anas \u0113rtumu p\u0113c j\u016bsu vajadz\u012bb\u0101m. Izv\u0113lieties platformu, lai apskat\u012btu ofici\u0101lo iestat\u012bjumu ce\u013cvedi:<\/p>\n<p style=\"padding-left: 40px;\">\u2022 <strong><a href=\"https:\/\/support.microsoft.com\/lv-lv\/windows\/uzziniet-par-windows-pieejam%C4%ABbas-l%C4%ABdzek%C4%BCiem-8b1068e6-d3b8-4ba8-b027-133dd8911df9\">Windows<\/a> &#8211;<\/strong><br \/>\nlietojiet Narrator, palielin\u0101\u0161anas r\u012bkus, augsta kontrasta re\u017e\u012bmus, runas atpaz\u012b\u0161anu, ekr\u0101na tastat\u016bru un citas asist\u012bv\u0101s tehnolo\u0123ijas..<\/p>\n<p><\/p>\n<p style=\"padding-left: 40px;\">\u2022 <strong><a href=\"https:\/\/support.apple.com\/lv-lv\/guide\/mac-help\/mh35884\/mac\">macOS<\/a> &#8211;<\/strong><br \/>\nizmantojiet VoiceOver, Zoom, Siri balss vad\u012bbu, kr\u0101su filtrus un tastat\u016bras \u012bsce\u013cus, kas paredz\u0113ti lietot\u0101jiem ar redzes, dzirdes, motorisk\u0101m vai m\u0101c\u012b\u0161an\u0101s vajadz\u012bb\u0101m.<\/p>\n<p><\/p>\n<p style=\"padding-left: 40px;\">\u2022 <strong><a href=\"https:\/\/support.google.com\/accessibility\/android\/answer\/6006564?hl=lv\">Android<\/a> &#8211;<\/strong><br \/>\nAndroid ier\u012bces satur TalkBack, palielin\u0101\u0161anas \u017eestus, balsi komandas, sl\u0113d\u017eu pieejam\u012bbu un piel\u0101gojamus mijiedarb\u012bbas kontro\u013cus.<\/p>\n<p><\/p>\n<p style=\"padding-left: 40px;\">\u2022 <strong><a href=\"https:\/\/support.apple.com\/lv-lv\/guide\/iphone\/iph3e2e4367\/ios\">iOS<\/a> &#8211;<\/strong><br \/>\niPhone un iPad atbalsta VoiceOver, Zoom, AssistiveTouch, run\u0101to saturu, ska\u0146as atpaz\u012b\u0161anu u.c..<\/p>\n<p><strong>Ekr\u0101na nolas\u012bt\u0101ja izmanto\u0161ana<\/strong><\/p>\n<p>Ekr\u0101na nolas\u012bt\u0101js ir programmat\u016bra, kas m\u0113\u0123ina identific\u0113t un interpret\u0113t ekr\u0101n\u0101 r\u0101domo inform\u0101ciju. \u0160\u012b vietne ir piel\u0101gota darbam ar popul\u0101riem ekr\u0101na nolas\u012bt\u0101jiem. Vis\u0101m bild\u0113m ir alternat\u012bvais teksts, un lapu saturs tiek r\u0101d\u012bts lo\u0123isk\u0101 las\u012b\u0161anas sec\u012bb\u0101.<\/p>\n<p>Atbalst\u012bto ekr\u0101na nolas\u012bt\u0101ju saraksts:<\/p>\n<p style=\"padding-left: 40px;\">\u2022 JAWS (Windows) \u2013 <a href=\"https:\/\/www.freedomscientific.com\" target=\"_blank\" rel=\"noopener\">https:\/\/www.freedomscientific.com<\/a><br \/>\n\u2022 NVDA (Windows, bezmaksas) \u2013 <a href=\"https:\/\/www.nvaccess.org\/download\" target=\"_blank\" rel=\"noopener\">https:\/\/www.nvaccess.org\/download<\/a><br \/>\n\u2022 System Access (Windows) \u2013 <a href=\"https:\/\/www.serotek.com\/systemaccess\" target=\"_blank\" rel=\"noopener\">https:\/\/www.serotek.com\/systemaccess<\/a><\/p>\n<p><strong>Sazinieties ar mums<\/strong><\/p>\n<p>M\u0113s cen\u0161amies nodro\u0161in\u0101t, lai m\u016bsu vietne b\u016btu pieejama ikvienam. M\u0113s nep\u0101rtraukti monitor\u0113jam un nov\u0113r\u0161am pieejam\u012bbas barjeras. M\u0113s nov\u0113rt\u0113jam atgriezenisko saiti, kas pal\u012bdz veidot iek\u013caujo\u0161u digit\u0101lo pieredzi.<br \/>Ja saskaraties ar pieejam\u012bbas probl\u0113m\u0101m vai jums ir ieteikumi, l\u016bdzu, rakstiet:<\/p>\n<p><strong>Email:<\/strong> <a href=\"mailto:latvia@oc.eu\">latvia@oc.eu<\/a><\/p>\n\t\t\t\t\t\t\t\t<\/div>\n\t\t\t\t<\/div>\n\t\t\t\t<\/div>\n\t\t\t\t\t<\/div>\n\t\t\t\t<\/div>\n\t\t\t\t<\/div>\n\t\t","protected":false},"excerpt":{"rendered":"<p>Kungla Investeeringu O\u00dc Pieejam\u012bbas pazi\u0146ojums M\u0113s esam ap\u0146\u0113mu\u0161ies nodro\u0161in\u0101t digit\u0101lo pieejam\u012bbu visiem lietot\u0101jiem, tostarp cilv\u0113kiem ar invalidit\u0101ti. M\u0113s past\u0101v\u012bgi cen\u0161amies uzlabot lietot\u0101ja pieredzi un pielietot atbilsto\u0161us pieejam\u012bbas standartus. \u0160\u012b vietne atbilst tehniskajam standartam EN\u00a0301\u00a0549 v.3.2.1 t\u012bmek\u013ca vietn\u0113m un mobilaj\u0101m lietotn\u0113m, lai nodro\u0161in\u0101tu iek\u013caujo\u0161\u0101ku un lietot\u0101jam draudz\u012bg\u0101ku vidi visiem apmekl\u0113t\u0101jiem, tostarp cilv\u0113kiem ar redzes, motorisko un [&hellip;]<\/p>\n","protected":false},"author":2,"featured_media":0,"parent":0,"menu_order":0,"comment_status":"closed","ping_status":"closed","template":"","meta":{"_acf_changed":false,"footnotes":""},"class_list":["post-7071","page","type-page","status-publish","hentry"],"yoast_head":"<!-- This site is optimized with the Yoast SEO plugin v27.3 - https:\/\/yoast.com\/product\/yoast-seo-wordpress\/ -->\n<title>Pieejam\u012bbas pazi\u0146ojums OlyBet Sportsbar Latvija<\/title>\n<meta name=\"robots\" content=\"index, follow, max-snippet:-1, max-image-preview:large, max-video-preview:-1\" \/>\n<link rel=\"canonical\" href=\"https:\/\/olybetsportsbar.com\/lv\/pieejamibas-pazinojums\/\" \/>\n<meta property=\"og:locale\" content=\"lv_LV\" \/>\n<meta property=\"og:type\" content=\"article\" \/>\n<meta property=\"og:title\" content=\"Pieejam\u012bbas pazi\u0146ojums OlyBet Sportsbar Latvija\" \/>\n<meta property=\"og:description\" content=\"Kungla Investeeringu O\u00dc Pieejam\u012bbas pazi\u0146ojums M\u0113s esam ap\u0146\u0113mu\u0161ies nodro\u0161in\u0101t digit\u0101lo pieejam\u012bbu visiem lietot\u0101jiem, tostarp cilv\u0113kiem ar invalidit\u0101ti. M\u0113s past\u0101v\u012bgi cen\u0161amies uzlabot lietot\u0101ja pieredzi un pielietot atbilsto\u0161us pieejam\u012bbas standartus. \u0160\u012b vietne atbilst tehniskajam standartam EN\u00a0301\u00a0549 v.3.2.1 t\u012bmek\u013ca vietn\u0113m un mobilaj\u0101m lietotn\u0113m, lai nodro\u0161in\u0101tu iek\u013caujo\u0161\u0101ku un lietot\u0101jam draudz\u012bg\u0101ku vidi visiem apmekl\u0113t\u0101jiem, tostarp cilv\u0113kiem ar redzes, motorisko un [&hellip;]\" \/>\n<meta property=\"og:url\" content=\"https:\/\/olybetsportsbar.com\/lv\/pieejamibas-pazinojums\/\" \/>\n<meta property=\"og:site_name\" content=\"OlyBet Sportsbar Latvija\" \/>\n<meta property=\"article:modified_time\" content=\"2025-06-26T13:16:56+00:00\" \/>\n<meta property=\"og:image\" content=\"https:\/\/olybetsportsbar.com\/lv\/wp-content\/uploads\/sites\/3\/2024\/04\/sportsbar-logo-white-header-1.png\" \/>\n\t<meta property=\"og:image:width\" content=\"260\" \/>\n\t<meta property=\"og:image:height\" content=\"112\" \/>\n\t<meta property=\"og:image:type\" content=\"image\/png\" \/>\n<meta name=\"twitter:card\" content=\"summary_large_image\" \/>\n<meta name=\"twitter:label1\" content=\"Est. reading time\" \/>\n\t<meta name=\"twitter:data1\" content=\"2 minutes\" \/>\n<script type=\"application\/ld+json\" class=\"yoast-schema-graph\">{\"@context\":\"https:\\\/\\\/schema.org\",\"@graph\":[{\"@type\":\"WebPage\",\"@id\":\"https:\\\/\\\/olybetsportsbar.com\\\/lv\\\/pieejamibas-pazinojums\\\/\",\"url\":\"https:\\\/\\\/olybetsportsbar.com\\\/lv\\\/pieejamibas-pazinojums\\\/\",\"name\":\"Pieejam\u012bbas pazi\u0146ojums OlyBet Sportsbar Latvija\",\"isPartOf\":{\"@id\":\"https:\\\/\\\/olybetsportsbar.com\\\/lv\\\/#website\"},\"datePublished\":\"2025-06-17T13:50:03+00:00\",\"dateModified\":\"2025-06-26T13:16:56+00:00\",\"breadcrumb\":{\"@id\":\"https:\\\/\\\/olybetsportsbar.com\\\/lv\\\/pieejamibas-pazinojums\\\/#breadcrumb\"},\"inLanguage\":\"lv-LV\",\"potentialAction\":[{\"@type\":\"ReadAction\",\"target\":[\"https:\\\/\\\/olybetsportsbar.com\\\/lv\\\/pieejamibas-pazinojums\\\/\"]}]},{\"@type\":\"BreadcrumbList\",\"@id\":\"https:\\\/\\\/olybetsportsbar.com\\\/lv\\\/pieejamibas-pazinojums\\\/#breadcrumb\",\"itemListElement\":[{\"@type\":\"ListItem\",\"position\":1,\"name\":\"Home\",\"item\":\"https:\\\/\\\/olybetsportsbar.com\\\/lv\\\/\"},{\"@type\":\"ListItem\",\"position\":2,\"name\":\"Pieejam\u012bbas pazi\u0146ojums\"}]},{\"@type\":\"WebSite\",\"@id\":\"https:\\\/\\\/olybetsportsbar.com\\\/lv\\\/#website\",\"url\":\"https:\\\/\\\/olybetsportsbar.com\\\/lv\\\/\",\"name\":\"OlyBet Sportsbar Latvija\",\"description\":\"\",\"publisher\":{\"@id\":\"https:\\\/\\\/olybetsportsbar.com\\\/lv\\\/#organization\"},\"potentialAction\":[{\"@type\":\"SearchAction\",\"target\":{\"@type\":\"EntryPoint\",\"urlTemplate\":\"https:\\\/\\\/olybetsportsbar.com\\\/lv\\\/?s={search_term_string}\"},\"query-input\":{\"@type\":\"PropertyValueSpecification\",\"valueRequired\":true,\"valueName\":\"search_term_string\"}}],\"inLanguage\":\"lv-LV\"},{\"@type\":\"Organization\",\"@id\":\"https:\\\/\\\/olybetsportsbar.com\\\/lv\\\/#organization\",\"name\":\"OlyBet Sportsbar Latvija\",\"url\":\"https:\\\/\\\/olybetsportsbar.com\\\/lv\\\/\",\"logo\":{\"@type\":\"ImageObject\",\"inLanguage\":\"lv-LV\",\"@id\":\"https:\\\/\\\/olybetsportsbar.com\\\/lv\\\/#\\\/schema\\\/logo\\\/image\\\/\",\"url\":\"https:\\\/\\\/olybetsportsbar.com\\\/lv\\\/wp-content\\\/uploads\\\/sites\\\/3\\\/2024\\\/04\\\/hero-header-logo.png\",\"contentUrl\":\"https:\\\/\\\/olybetsportsbar.com\\\/lv\\\/wp-content\\\/uploads\\\/sites\\\/3\\\/2024\\\/04\\\/hero-header-logo.png\",\"width\":728,\"height\":317,\"caption\":\"OlyBet Sportsbar Latvija\"},\"image\":{\"@id\":\"https:\\\/\\\/olybetsportsbar.com\\\/lv\\\/#\\\/schema\\\/logo\\\/image\\\/\"}}]}<\/script>\n<!-- \/ Yoast SEO plugin. -->","yoast_head_json":{"title":"Pieejam\u012bbas pazi\u0146ojums OlyBet Sportsbar Latvija","robots":{"index":"index","follow":"follow","max-snippet":"max-snippet:-1","max-image-preview":"max-image-preview:large","max-video-preview":"max-video-preview:-1"},"canonical":"https:\/\/olybetsportsbar.com\/lv\/pieejamibas-pazinojums\/","og_locale":"lv_LV","og_type":"article","og_title":"Pieejam\u012bbas pazi\u0146ojums OlyBet Sportsbar Latvija","og_description":"Kungla Investeeringu O\u00dc Pieejam\u012bbas pazi\u0146ojums M\u0113s esam ap\u0146\u0113mu\u0161ies nodro\u0161in\u0101t digit\u0101lo pieejam\u012bbu visiem lietot\u0101jiem, tostarp cilv\u0113kiem ar invalidit\u0101ti. M\u0113s past\u0101v\u012bgi cen\u0161amies uzlabot lietot\u0101ja pieredzi un pielietot atbilsto\u0161us pieejam\u012bbas standartus. \u0160\u012b vietne atbilst tehniskajam standartam EN\u00a0301\u00a0549 v.3.2.1 t\u012bmek\u013ca vietn\u0113m un mobilaj\u0101m lietotn\u0113m, lai nodro\u0161in\u0101tu iek\u013caujo\u0161\u0101ku un lietot\u0101jam draudz\u012bg\u0101ku vidi visiem apmekl\u0113t\u0101jiem, tostarp cilv\u0113kiem ar redzes, motorisko un [&hellip;]","og_url":"https:\/\/olybetsportsbar.com\/lv\/pieejamibas-pazinojums\/","og_site_name":"OlyBet Sportsbar Latvija","article_modified_time":"2025-06-26T13:16:56+00:00","og_image":[{"width":260,"height":112,"url":"https:\/\/olybetsportsbar.com\/lv\/wp-content\/uploads\/sites\/3\/2024\/04\/sportsbar-logo-white-header-1.png","type":"image\/png"}],"twitter_card":"summary_large_image","twitter_misc":{"Est. reading time":"2 minutes"},"schema":{"@context":"https:\/\/schema.org","@graph":[{"@type":"WebPage","@id":"https:\/\/olybetsportsbar.com\/lv\/pieejamibas-pazinojums\/","url":"https:\/\/olybetsportsbar.com\/lv\/pieejamibas-pazinojums\/","name":"Pieejam\u012bbas pazi\u0146ojums OlyBet Sportsbar Latvija","isPartOf":{"@id":"https:\/\/olybetsportsbar.com\/lv\/#website"},"datePublished":"2025-06-17T13:50:03+00:00","dateModified":"2025-06-26T13:16:56+00:00","breadcrumb":{"@id":"https:\/\/olybetsportsbar.com\/lv\/pieejamibas-pazinojums\/#breadcrumb"},"inLanguage":"lv-LV","potentialAction":[{"@type":"ReadAction","target":["https:\/\/olybetsportsbar.com\/lv\/pieejamibas-pazinojums\/"]}]},{"@type":"BreadcrumbList","@id":"https:\/\/olybetsportsbar.com\/lv\/pieejamibas-pazinojums\/#breadcrumb","itemListElement":[{"@type":"ListItem","position":1,"name":"Home","item":"https:\/\/olybetsportsbar.com\/lv\/"},{"@type":"ListItem","position":2,"name":"Pieejam\u012bbas pazi\u0146ojums"}]},{"@type":"WebSite","@id":"https:\/\/olybetsportsbar.com\/lv\/#website","url":"https:\/\/olybetsportsbar.com\/lv\/","name":"OlyBet Sportsbar Latvija","description":"","publisher":{"@id":"https:\/\/olybetsportsbar.com\/lv\/#organization"},"potentialAction":[{"@type":"SearchAction","target":{"@type":"EntryPoint","urlTemplate":"https:\/\/olybetsportsbar.com\/lv\/?s={search_term_string}"},"query-input":{"@type":"PropertyValueSpecification","valueRequired":true,"valueName":"search_term_string"}}],"inLanguage":"lv-LV"},{"@type":"Organization","@id":"https:\/\/olybetsportsbar.com\/lv\/#organization","name":"OlyBet Sportsbar Latvija","url":"https:\/\/olybetsportsbar.com\/lv\/","logo":{"@type":"ImageObject","inLanguage":"lv-LV","@id":"https:\/\/olybetsportsbar.com\/lv\/#\/schema\/logo\/image\/","url":"https:\/\/olybetsportsbar.com\/lv\/wp-content\/uploads\/sites\/3\/2024\/04\/hero-header-logo.png","contentUrl":"https:\/\/olybetsportsbar.com\/lv\/wp-content\/uploads\/sites\/3\/2024\/04\/hero-header-logo.png","width":728,"height":317,"caption":"OlyBet Sportsbar Latvija"},"image":{"@id":"https:\/\/olybetsportsbar.com\/lv\/#\/schema\/logo\/image\/"}}]}},"acf":[],"publishpress_future_action":{"enabled":false,"date":"2026-04-14 19:46:13","action":"change-status","newStatus":"draft","terms":[],"taxonomy":"translation_priority","extraData":[]},"publishpress_future_workflow_manual_trigger":{"enabledWorkflows":[]},"_links":{"self":[{"href":"https:\/\/olybetsportsbar.com\/lv\/wp-json\/wp\/v2\/pages\/7071","targetHints":{"allow":["GET"]}}],"collection":[{"href":"https:\/\/olybetsportsbar.com\/lv\/wp-json\/wp\/v2\/pages"}],"about":[{"href":"https:\/\/olybetsportsbar.com\/lv\/wp-json\/wp\/v2\/types\/page"}],"author":[{"embeddable":true,"href":"https:\/\/olybetsportsbar.com\/lv\/wp-json\/wp\/v2\/users\/2"}],"replies":[{"embeddable":true,"href":"https:\/\/olybetsportsbar.com\/lv\/wp-json\/wp\/v2\/comments?post=7071"}],"version-history":[{"count":2,"href":"https:\/\/olybetsportsbar.com\/lv\/wp-json\/wp\/v2\/pages\/7071\/revisions"}],"predecessor-version":[{"id":7082,"href":"https:\/\/olybetsportsbar.com\/lv\/wp-json\/wp\/v2\/pages\/7071\/revisions\/7082"}],"wp:attachment":[{"href":"https:\/\/olybetsportsbar.com\/lv\/wp-json\/wp\/v2\/media?parent=7071"}],"curies":[{"name":"wp","href":"https:\/\/api.w.org\/{rel}","templated":true}]}}